{"id":4532,"date":"2021-10-04T12:45:08","date_gmt":"2021-10-04T12:45:08","guid":{"rendered":"https:\/\/balat.com\/?page_id=4532"},"modified":"2023-05-18T12:30:56","modified_gmt":"2023-05-18T12:30:56","slug":"politica-de-cookies","status":"publish","type":"page","link":"https:\/\/balat.com\/pt\/politica-de-cookies\/","title":{"rendered":"Pol\u00edtica de cookies"},"content":{"rendered":"\t\t<div data-elementor-type=\"wp-page\" data-elementor-id=\"4532\" class=\"elementor elementor-4532 elementor-1758\" data-elementor-post-type=\"page\">\n\t\t\t\t\t\t<section class=\"elementor-section elementor-top-section elementor-element elementor-element-606762c elementor-section-boxed elementor-section-height-default elementor-section-height-default\" data-id=\"606762c\" data-element_type=\"section\" data-e-type=\"section\" data-settings=\"{&quot;background_background&quot;:&quot;classic&quot;}\">\n\t\t\t\t\t\t\t<div class=\"elementor-background-overlay\"><\/div>\n\t\t\t\t\t\t\t<div class=\"elementor-container elementor-column-gap-default\">\n\t\t\t\t\t<div class=\"elementor-column elementor-col-100 elementor-top-column elementor-element elementor-element-388839d\" data-id=\"388839d\" data-element_type=\"column\" data-e-type=\"column\">\n\t\t\t<div class=\"elementor-widget-wrap elementor-element-populated\">\n\t\t\t\t\t\t<div class=\"elementor-element elementor-element-e83088f elementor-widget elementor-widget-spacer\" data-id=\"e83088f\" data-element_type=\"widget\" data-e-type=\"widget\" data-widget_type=\"spacer.default\">\n\t\t\t\t<div class=\"elementor-widget-container\">\n\t\t\t\t\t\t\t<div class=\"elementor-spacer\">\n\t\t\t<div class=\"elementor-spacer-inner\"><\/div>\n\t\t<\/div>\n\t\t\t\t\t\t<\/div>\n\t\t\t\t<\/div>\n\t\t\t\t<div class=\"elementor-element elementor-element-d62b38b elementor-widget elementor-widget-html\" data-id=\"d62b38b\" data-element_type=\"widget\" data-e-type=\"widget\" data-widget_type=\"html.default\">\n\t\t\t\t<div class=\"elementor-widget-container\">\n\t\t\t\t\t<div class=\"titulo-seccion-w\"><h2><span>Pol\u00edtica de cookies<\/span><\/h2><\/div>\t\t\t\t<\/div>\n\t\t\t\t<\/div>\n\t\t\t\t<div class=\"elementor-element elementor-element-5dbdbc7 elementor-widget elementor-widget-spacer\" data-id=\"5dbdbc7\" data-element_type=\"widget\" data-e-type=\"widget\" data-widget_type=\"spacer.default\">\n\t\t\t\t<div class=\"elementor-widget-container\">\n\t\t\t\t\t\t\t<div class=\"elementor-spacer\">\n\t\t\t<div class=\"elementor-spacer-inner\"><\/div>\n\t\t<\/div>\n\t\t\t\t\t\t<\/div>\n\t\t\t\t<\/div>\n\t\t\t\t\t<\/div>\n\t\t<\/div>\n\t\t\t\t\t<\/div>\n\t\t<\/section>\n\t\t\t\t<section class=\"elementor-section elementor-top-section elementor-element elementor-element-894cfdf elementor-section-boxed elementor-section-height-default elementor-section-height-default\" data-id=\"894cfdf\" data-element_type=\"section\" data-e-type=\"section\">\n\t\t\t\t\t\t<div class=\"elementor-container elementor-column-gap-default\">\n\t\t\t\t\t<div class=\"elementor-column elementor-col-100 elementor-top-column elementor-element elementor-element-7c99d99\" data-id=\"7c99d99\" data-element_type=\"column\" data-e-type=\"column\">\n\t\t\t<div class=\"elementor-widget-wrap elementor-element-populated\">\n\t\t\t\t\t\t<section class=\"elementor-section elementor-inner-section elementor-element elementor-element-680ff93 elementor-section-boxed elementor-section-height-default elementor-section-height-default\" data-id=\"680ff93\" data-element_type=\"section\" data-e-type=\"section\">\n\t\t\t\t\t\t<div class=\"elementor-container elementor-column-gap-default\">\n\t\t\t\t\t<div class=\"elementor-column elementor-col-100 elementor-inner-column elementor-element elementor-element-db81e19\" data-id=\"db81e19\" data-element_type=\"column\" data-e-type=\"column\">\n\t\t\t<div class=\"elementor-widget-wrap elementor-element-populated\">\n\t\t\t\t\t\t<div class=\"elementor-element elementor-element-78ed972 elementor-widget elementor-widget-text-editor\" data-id=\"78ed972\" data-element_type=\"widget\" data-e-type=\"widget\" data-widget_type=\"text-editor.default\">\n\t\t\t\t<div class=\"elementor-widget-container\">\n\t\t\t\t\t\t\t\t\t<p>Na Balat, utilizamos cookies para lhe prestar um melhor servi\u00e7o e uma melhor experi\u00eancia de navega\u00e7\u00e3o. Queremos inform\u00e1-lo de forma clara e precisa sobre os cookies que utilizamos, detalhando a seguir o que \u00e9 um cookie, para que serve, que tipos de cookies usamos, qual a sua finalidade e como voc\u00ea pode configur\u00e1-los ou desativ\u00e1-los se desejar.<\/p><h3>\u00a0<\/h3><h3>O QUE \u00c9 UM COOKIE E PARA QUE SE DESTINA?<\/h3><p>Um &#8220;Cookie&#8221; \u00e9 um pequeno arquivo que fica armazenado no computador, Tablet, Smartphone ou qualquer outro dispositivo do usu\u00e1rio com informa\u00e7\u00f5es sobre navega\u00e7\u00e3o.<\/p><p>O conjunto de &#8220;cookies&#8221; de todos os nossos utilizadores ajuda-nos a melhorar a qualidade do nosso website, permitindo-nos controlar quais as p\u00e1ginas que s\u00e3o \u00fateis, quais n\u00e3o s\u00e3o e quais podem ser melhoradas.<\/p><p>Os cookies s\u00e3o essenciais para o funcionamento da internet, proporcionando in\u00fameras vantagens na presta\u00e7\u00e3o de servi\u00e7os interactivos, facilitando a navega\u00e7\u00e3o e usabilidade do nosso site.<\/p><p>Em nenhum caso, os cookies podem danificar o seu computador. Ao contr\u00e1rio, o fato de estarem ativos nos ajuda a identificar e solucionar erros.<\/p><h3>\u00a0<\/h3><h3>QUE TIPOS DE COOKIES UTILIZAMOS?<\/h3><p><strong>De acordo com a entidade que o administra:<\/strong><\/p><p><strong>Cookies pr\u00f3prios<\/strong>: s\u00e3o aqueles que s\u00e3o enviados para o seu computador a partir dos nossos pr\u00f3prios computadores ou dom\u00ednios e a partir dos quais prestamos o servi\u00e7o que solicitou.<br \/>Cookies de terceiros: s\u00e3o aqueles que s\u00e3o enviados para o seu computador a partir de um computador ou dom\u00ednio que n\u00e3o \u00e9 gerenciado por n\u00f3s, mas por outra entidade colaboradora. Como por exemplo, aqueles usados \u200b\u200bpor redes sociais, ou por conte\u00fado externo como o Google Maps.<br \/>De acordo com o per\u00edodo de tempo em que permanecem ativados:<\/p><p><strong>Cookies de sess\u00e3o:<\/strong> s\u00e3o cookies tempor\u00e1rios que permanecem no arquivo de cookies do seu navegador at\u00e9 que voc\u00ea saia do site, portanto, nenhum \u00e9 gravado no disco r\u00edgido do seu computador. As informa\u00e7\u00f5es obtidas por meio desses cookies s\u00e3o utilizadas para analisar os padr\u00f5es de tr\u00e1fego na web. No longo prazo, isso nos permite oferecer uma melhor experi\u00eancia para aprimorar o conte\u00fado e facilitar seu uso.<\/p><p><strong>Cookies persistentes:<\/strong> s\u00e3o armazenados no disco r\u00edgido e nosso site os l\u00ea sempre que voc\u00ea faz uma nova visita. Um site permanente tem uma data de expira\u00e7\u00e3o espec\u00edfica. O cookie deixar\u00e1 de funcionar ap\u00f3s essa data. Geralmente usamos esses cookies para facilitar a compra e os servi\u00e7os de registro.<\/p><p><strong>De acordo com sua finalidade:<\/strong><\/p><p><strong>Cookies t\u00e9cnicos:<\/strong> s\u00e3o os necess\u00e1rios para a navega\u00e7\u00e3o e o bom funcionamento do nosso site. Permitem, por exemplo, controlar o tr\u00e1fego e a comunica\u00e7\u00e3o de dados, aceder a partes de acesso restrito, realizar o processo de compra de uma encomenda, utilizar elementos de seguran\u00e7a, armazenar conte\u00fados para poder transmitir v\u00eddeos ou partilhar conte\u00fados nas redes sociais.<\/p><p><strong>Cookies de personaliza\u00e7\u00e3o:<\/strong> s\u00e3o aqueles que permitem acessar o servi\u00e7o com caracter\u00edsticas predefinidas com base em uma s\u00e9rie de crit\u00e9rios, como o idioma, o tipo de navegador pelo qual o servi\u00e7o \u00e9 acessado, a configura\u00e7\u00e3o regional de onde \u00e9 acessado. etc.<\/p><p><strong>Cookies de an\u00e1lise:<\/strong> s\u00e3o aqueles que nos permitem quantificar o n\u00famero de utilizadores e assim efectuar a medi\u00e7\u00e3o estat\u00edstica e a an\u00e1lise da utiliza\u00e7\u00e3o que os utilizadores fazem dos servi\u00e7os prestados.<br \/>Para isso, analisa-se a sua navega\u00e7\u00e3o no nosso site, de forma a melhorar a oferta dos produtos e servi\u00e7os que oferecemos.<\/p><p><strong>Cookies publicit\u00e1rios:<\/strong> s\u00e3o aqueles que permitem a gest\u00e3o, da forma mais eficiente poss\u00edvel, dos espa\u00e7os publicit\u00e1rios que poder\u00e3o ser inclu\u00eddos no nosso site.<\/p><p><strong>Cookies de publicidade comportamental:<\/strong> Esses cookies armazenam informa\u00e7\u00f5es sobre o comportamento do usu\u00e1rio obtidas por meio de observa\u00e7\u00e3o cont\u00ednua. Gra\u00e7as a eles podemos conhecer os seus h\u00e1bitos de navega\u00e7\u00e3o na Internet e mostrar-lhe publicidade relacionada com o seu perfil de navega\u00e7\u00e3o.<\/p><p><strong>Cookies utilizados:<\/strong> Os cookies utilizados por este site s\u00e3o constantemente atualizados e listados no plugin de gerenciamento de cookies, acess\u00edvel na primeira vez que o site \u00e9 acessado, ou atrav\u00e9s do bot\u00e3o flutuante inferior esquerdo do site (quando o painel de cookies \u00e9 minimizado).<\/p><h3>COMO VOC\u00ca PODE CONFIGURAR OU DESATIVAR SEUS COOKIES?<\/h3><p>Voc\u00ea pode permitir ou bloquear cookies relacionados a este site atrav\u00e9s da caixa de gerenciamento de cookies fornecida. Se estiver minimizado, pode ser consultado atrav\u00e9s do bot\u00e3o flutuante inferior esquerdo.<\/p><p>Al\u00e9m disso, voc\u00ea pode permitir, bloquear ou excluir os cookies instalados no seu computador, configurando as op\u00e7\u00f5es do seu navegador de Internet. Se voc\u00ea n\u00e3o permitir a instala\u00e7\u00e3o de cookies em seu navegador, poder\u00e1 n\u00e3o conseguir acessar alguns dos servi\u00e7os e sua experi\u00eancia em nosso site poder\u00e1 ser menos satisfat\u00f3ria.<\/p><p><strong>Cookies desabilitados em cada navegador:<\/strong><\/p><p><strong>Google Chrome:<\/strong> Configura\u00e7\u00f5es -&gt; Mostrar op\u00e7\u00f5es avan\u00e7adas -&gt; Privacidade -&gt; Configura\u00e7\u00f5es de conte\u00fado.<br \/>Para obter mais informa\u00e7\u00f5es, voc\u00ea pode consultar o suporte do Google ou a Ajuda do navegador.<\/p><p><strong>Mozilla Firefox:<\/strong> Ferramentas -&gt; Op\u00e7\u00f5es -&gt; Privacidade -&gt; Hist\u00f3rico -&gt; Configura\u00e7\u00f5es personalizadas.<br \/>Para obter mais informa\u00e7\u00f5es, voc\u00ea pode consultar o suporte da Mozilla ou a ajuda do navegador.<\/p><p><strong>Internet Explorer:<\/strong> Ferramentas -&gt; Op\u00e7\u00f5es da Internet -&gt; Privacidade -&gt; Configura\u00e7\u00f5es.<br \/>Para obter mais informa\u00e7\u00f5es, voc\u00ea pode consultar o suporte da Microsoft ou a Ajuda do navegador.<\/p><p><strong>Safari:<\/strong> Prefer\u00eancias -&gt; Seguran\u00e7a.<br \/>Para obter mais informa\u00e7\u00f5es, voc\u00ea pode consultar o suporte da Apple ou a Ajuda do navegador.<\/p><p><strong>Safari para IOS<\/strong> (iPhone e iPad): Ajustes&gt; Safari&gt; Bloquear cookies<br \/>Para obter mais informa\u00e7\u00f5es, voc\u00ea pode consultar o suporte da Apple ou a Ajuda do navegador.<\/p><p><strong>Chrome para Android e Iphone ou Ipad<\/strong><br \/>Para obter mais informa\u00e7\u00f5es, voc\u00ea pode consultar o suporte do Google ou a Ajuda do navegador.<\/p><p>\u00a0<\/p><h3>O QUE ACONTECE SE OS COOKIES FOREM DESATIVADOS<\/h3><p>Algumas funcionalidades dos Servi\u00e7os ficar\u00e3o desabilitadas, como, por exemplo, permanecer identificado, receber informa\u00e7\u00f5es direcionadas \u00e0 sua localiza\u00e7\u00e3o ou a visualiza\u00e7\u00e3o de alguns v\u00eddeos.<\/p>\t\t\t\t\t\t\t\t<\/div>\n\t\t\t\t<\/div>\n\t\t\t\t\t<\/div>\n\t\t<\/div>\n\t\t\t\t\t<\/div>\n\t\t<\/section>\n\t\t\t\t\t<\/div>\n\t\t<\/div>\n\t\t\t\t\t<\/div>\n\t\t<\/section>\n\t\t\t\t<\/div>\n\t\t","protected":false},"excerpt":{"rendered":"<p>Pol\u00edtica de cookies Na Balat, utilizamos cookies para lhe prestar um melhor servi\u00e7o e uma melhor experi\u00eancia de navega\u00e7\u00e3o. Queremos inform\u00e1-lo de forma clara e precisa sobre os cookies que utilizamos, detalhando a seguir o que \u00e9 um cookie, para que serve, que tipos de cookies usamos, qual a sua finalidade e como voc\u00ea pode [&hellip;]<\/p>\n","protected":false},"author":2,"featured_media":0,"parent":0,"menu_order":0,"comment_status":"closed","ping_status":"closed","template":"","meta":{"footnotes":""},"class_list":["post-4532","page","type-page","status-publish","hentry"],"yoast_head":"<!-- This site is optimized with the Yoast SEO plugin v27.1.1 - https:\/\/yoast.com\/product\/yoast-seo-wordpress\/ -->\n<title>Pol\u00edtica de cookies - Balat<\/title>\n<meta name=\"robots\" content=\"noindex, follow\" \/>\n<meta property=\"og:locale\" content=\"pt_PT\" \/>\n<meta property=\"og:type\" content=\"article\" \/>\n<meta property=\"og:title\" content=\"Pol\u00edtica de cookies - Balat\" \/>\n<meta property=\"og:description\" content=\"Pol\u00edtica de cookies Na Balat, utilizamos cookies para lhe prestar um melhor servi\u00e7o e uma melhor experi\u00eancia de navega\u00e7\u00e3o. Queremos inform\u00e1-lo de forma clara e precisa sobre os cookies que utilizamos, detalhando a seguir o que \u00e9 um cookie, para que serve, que tipos de cookies usamos, qual a sua finalidade e como voc\u00ea pode [&hellip;]\" \/>\n<meta property=\"og:url\" content=\"https:\/\/balat.com\/pt\/politica-de-cookies\/\" \/>\n<meta property=\"og:site_name\" content=\"Balat\" \/>\n<meta property=\"article:publisher\" content=\"https:\/\/www.facebook.com\/BalatModulos\" \/>\n<meta property=\"article:modified_time\" content=\"2023-05-18T12:30:56+00:00\" \/>\n<meta name=\"twitter:card\" content=\"summary_large_image\" \/>\n<meta name=\"twitter:site\" content=\"@BalatModulos\" \/>\n<meta name=\"twitter:label1\" content=\"Est. reading time\" \/>\n\t<meta name=\"twitter:data1\" content=\"5 minutes\" \/>\n<script type=\"application\/ld+json\" class=\"yoast-schema-graph\">{\"@context\":\"https:\/\/schema.org\",\"@graph\":[{\"@type\":\"WebPage\",\"@id\":\"https:\/\/balat.com\/pt\/politica-de-cookies\/\",\"url\":\"https:\/\/balat.com\/pt\/politica-de-cookies\/\",\"name\":\"Pol\u00edtica de cookies - Balat\",\"isPartOf\":{\"@id\":\"https:\/\/balat.com\/pt\/#website\"},\"datePublished\":\"2021-10-04T12:45:08+00:00\",\"dateModified\":\"2023-05-18T12:30:56+00:00\",\"inLanguage\":\"pt-PT-ao90\",\"potentialAction\":[{\"@type\":\"ReadAction\",\"target\":[\"https:\/\/balat.com\/pt\/politica-de-cookies\/\"]}]},{\"@type\":\"WebSite\",\"@id\":\"https:\/\/balat.com\/pt\/#website\",\"url\":\"https:\/\/balat.com\/pt\/\",\"name\":\"Balat\",\"description\":\"M\u00f3dulos prefabricados, Casetas de Obra, Construcci\u00f3n Modular.\",\"publisher\":{\"@id\":\"https:\/\/balat.com\/pt\/#organization\"},\"potentialAction\":[{\"@type\":\"SearchAction\",\"target\":{\"@type\":\"EntryPoint\",\"urlTemplate\":\"https:\/\/balat.com\/pt\/?s={search_term_string}\"},\"query-input\":{\"@type\":\"PropertyValueSpecification\",\"valueRequired\":true,\"valueName\":\"search_term_string\"}}],\"inLanguage\":\"pt-PT-ao90\"},{\"@type\":\"Organization\",\"@id\":\"https:\/\/balat.com\/pt\/#organization\",\"name\":\"Balat\",\"url\":\"https:\/\/balat.com\/pt\/\",\"logo\":{\"@type\":\"ImageObject\",\"inLanguage\":\"pt-PT-ao90\",\"@id\":\"https:\/\/balat.com\/pt\/#\/schema\/logo\/image\/\",\"url\":\"https:\/\/balat.com\/wp-content\/uploads\/2021\/06\/logo-balat.svg\",\"contentUrl\":\"https:\/\/balat.com\/wp-content\/uploads\/2021\/06\/logo-balat.svg\",\"width\":\"1024\",\"height\":\"1024\",\"caption\":\"Balat\"},\"image\":{\"@id\":\"https:\/\/balat.com\/pt\/#\/schema\/logo\/image\/\"},\"sameAs\":[\"https:\/\/www.facebook.com\/BalatModulos\",\"https:\/\/x.com\/BalatModulos\",\"https:\/\/www.linkedin.com\/company\/balat-alquibalat-\/\",\"https:\/\/www.youtube.com\/user\/PrefabricadosBALAT\"]}]}<\/script>\n<!-- \/ Yoast SEO plugin. -->","yoast_head_json":{"title":"Pol\u00edtica de cookies - Balat","robots":{"index":"noindex","follow":"follow"},"og_locale":"pt_PT","og_type":"article","og_title":"Pol\u00edtica de cookies - Balat","og_description":"Pol\u00edtica de cookies Na Balat, utilizamos cookies para lhe prestar um melhor servi\u00e7o e uma melhor experi\u00eancia de navega\u00e7\u00e3o. Queremos inform\u00e1-lo de forma clara e precisa sobre os cookies que utilizamos, detalhando a seguir o que \u00e9 um cookie, para que serve, que tipos de cookies usamos, qual a sua finalidade e como voc\u00ea pode [&hellip;]","og_url":"https:\/\/balat.com\/pt\/politica-de-cookies\/","og_site_name":"Balat","article_publisher":"https:\/\/www.facebook.com\/BalatModulos","article_modified_time":"2023-05-18T12:30:56+00:00","twitter_card":"summary_large_image","twitter_site":"@BalatModulos","twitter_misc":{"Est. reading time":"5 minutes"},"schema":{"@context":"https:\/\/schema.org","@graph":[{"@type":"WebPage","@id":"https:\/\/balat.com\/pt\/politica-de-cookies\/","url":"https:\/\/balat.com\/pt\/politica-de-cookies\/","name":"Pol\u00edtica de cookies - Balat","isPartOf":{"@id":"https:\/\/balat.com\/pt\/#website"},"datePublished":"2021-10-04T12:45:08+00:00","dateModified":"2023-05-18T12:30:56+00:00","inLanguage":"pt-PT-ao90","potentialAction":[{"@type":"ReadAction","target":["https:\/\/balat.com\/pt\/politica-de-cookies\/"]}]},{"@type":"WebSite","@id":"https:\/\/balat.com\/pt\/#website","url":"https:\/\/balat.com\/pt\/","name":"Balat","description":"M\u00f3dulos prefabricados, Casetas de Obra, Construcci\u00f3n Modular.","publisher":{"@id":"https:\/\/balat.com\/pt\/#organization"},"potentialAction":[{"@type":"SearchAction","target":{"@type":"EntryPoint","urlTemplate":"https:\/\/balat.com\/pt\/?s={search_term_string}"},"query-input":{"@type":"PropertyValueSpecification","valueRequired":true,"valueName":"search_term_string"}}],"inLanguage":"pt-PT-ao90"},{"@type":"Organization","@id":"https:\/\/balat.com\/pt\/#organization","name":"Balat","url":"https:\/\/balat.com\/pt\/","logo":{"@type":"ImageObject","inLanguage":"pt-PT-ao90","@id":"https:\/\/balat.com\/pt\/#\/schema\/logo\/image\/","url":"https:\/\/balat.com\/wp-content\/uploads\/2021\/06\/logo-balat.svg","contentUrl":"https:\/\/balat.com\/wp-content\/uploads\/2021\/06\/logo-balat.svg","width":"1024","height":"1024","caption":"Balat"},"image":{"@id":"https:\/\/balat.com\/pt\/#\/schema\/logo\/image\/"},"sameAs":["https:\/\/www.facebook.com\/BalatModulos","https:\/\/x.com\/BalatModulos","https:\/\/www.linkedin.com\/company\/balat-alquibalat-\/","https:\/\/www.youtube.com\/user\/PrefabricadosBALAT"]}]}},"_links":{"self":[{"href":"https:\/\/balat.com\/pt\/wp-json\/wp\/v2\/pages\/4532","targetHints":{"allow":["GET"]}}],"collection":[{"href":"https:\/\/balat.com\/pt\/wp-json\/wp\/v2\/pages"}],"about":[{"href":"https:\/\/balat.com\/pt\/wp-json\/wp\/v2\/types\/page"}],"author":[{"embeddable":true,"href":"https:\/\/balat.com\/pt\/wp-json\/wp\/v2\/users\/2"}],"replies":[{"embeddable":true,"href":"https:\/\/balat.com\/pt\/wp-json\/wp\/v2\/comments?post=4532"}],"version-history":[{"count":3,"href":"https:\/\/balat.com\/pt\/wp-json\/wp\/v2\/pages\/4532\/revisions"}],"predecessor-version":[{"id":5257,"href":"https:\/\/balat.com\/pt\/wp-json\/wp\/v2\/pages\/4532\/revisions\/5257"}],"wp:attachment":[{"href":"https:\/\/balat.com\/pt\/wp-json\/wp\/v2\/media?parent=4532"}],"curies":[{"name":"wp","href":"https:\/\/api.w.org\/{rel}","templated":true}]}}