{"id":4370,"date":"2021-10-04T11:59:24","date_gmt":"2021-10-04T11:59:24","guid":{"rendered":"https:\/\/balat.com\/?page_id=4370"},"modified":"2021-10-21T12:11:27","modified_gmt":"2021-10-21T12:11:27","slug":"salas-de-jantar","status":"publish","type":"page","link":"https:\/\/balat.com\/pt\/salas-de-jantar\/","title":{"rendered":"Salas de jantar"},"content":{"rendered":"\t\t<div data-elementor-type=\"wp-page\" data-elementor-id=\"4370\" class=\"elementor elementor-4370 elementor-947\" data-elementor-post-type=\"page\">\n\t\t\t\t\t\t<section class=\"elementor-section elementor-top-section elementor-element elementor-element-7dd334f9 elementor-section-full_width slider-row elementor-section-height-default elementor-section-height-default\" data-id=\"7dd334f9\" data-element_type=\"section\" data-e-type=\"section\">\n\t\t\t\t\t\t<div class=\"elementor-container elementor-column-gap-default\">\n\t\t\t\t\t<div class=\"elementor-column elementor-col-100 elementor-top-column elementor-element elementor-element-427cf38a\" data-id=\"427cf38a\" data-element_type=\"column\" data-e-type=\"column\">\n\t\t\t<div class=\"elementor-widget-wrap elementor-element-populated\">\n\t\t\t\t\t\t<div class=\"elementor-element elementor-element-d4e81b4 elementor--h-position-center elementor--v-position-middle elementor-arrows-position-inside elementor-pagination-position-inside elementor-invisible elementor-widget elementor-widget-slides\" data-id=\"d4e81b4\" data-element_type=\"widget\" data-e-type=\"widget\" data-settings=\"{&quot;_animation&quot;:&quot;fadeIn&quot;,&quot;navigation&quot;:&quot;both&quot;,&quot;infinite&quot;:&quot;yes&quot;,&quot;transition&quot;:&quot;slide&quot;,&quot;transition_speed&quot;:500}\" data-widget_type=\"slides.default\">\n\t\t\t\t<div class=\"elementor-widget-container\">\n\t\t\t\t\t\t\t\t\t<div class=\"elementor-swiper\">\n\t\t\t\t\t<div class=\"elementor-slides-wrapper elementor-main-swiper swiper\" role=\"region\" aria-roledescription=\"carousel\" aria-label=\"Slides\" dir=\"ltr\" data-animation=\"fadeInUp\">\n\t\t\t\t<div class=\"swiper-wrapper elementor-slides\">\n\t\t\t\t\t\t\t\t\t\t<div class=\"elementor-repeater-item-5459446 swiper-slide\" role=\"group\" aria-roledescription=\"slide\"><div class=\"swiper-slide-bg\" role=\"img\" aria-label=\"comedores\"><\/div><div class=\"elementor-background-overlay\"><\/div><div class=\"swiper-slide-inner\" ><div class=\"swiper-slide-contents\"><\/div><\/div><\/div>\t\t\t\t<\/div>\n\t\t\t\t\t\t\t<\/div>\n\t\t\t\t<\/div>\n\t\t\t\t\t\t\t\t<\/div>\n\t\t\t\t<\/div>\n\t\t\t\t\t<\/div>\n\t\t<\/div>\n\t\t\t\t\t<\/div>\n\t\t<\/section>\n\t\t\t\t<section class=\"elementor-section elementor-top-section elementor-element elementor-element-606762c elementor-section-full_width elementor-section-height-default elementor-section-height-default\" data-id=\"606762c\" data-element_type=\"section\" data-e-type=\"section\">\n\t\t\t\t\t\t<div class=\"elementor-container elementor-column-gap-default\">\n\t\t\t\t\t<div class=\"elementor-column elementor-col-100 elementor-top-column elementor-element elementor-element-388839d\" data-id=\"388839d\" data-element_type=\"column\" data-e-type=\"column\">\n\t\t\t<div class=\"elementor-widget-wrap elementor-element-populated\">\n\t\t\t\t\t\t<section class=\"elementor-section elementor-inner-section elementor-element elementor-element-b36c93d elementor-section-boxed elementor-section-height-default elementor-section-height-default\" data-id=\"b36c93d\" data-element_type=\"section\" data-e-type=\"section\">\n\t\t\t\t\t\t<div class=\"elementor-container elementor-column-gap-default\">\n\t\t\t\t\t<div class=\"elementor-column elementor-col-50 elementor-inner-column elementor-element elementor-element-c14e7a9\" data-id=\"c14e7a9\" data-element_type=\"column\" data-e-type=\"column\">\n\t\t\t<div class=\"elementor-widget-wrap elementor-element-populated\">\n\t\t\t\t\t\t<div class=\"elementor-element elementor-element-3a7b31d elementor-widget elementor-widget-html\" data-id=\"3a7b31d\" data-element_type=\"widget\" data-e-type=\"widget\" data-widget_type=\"html.default\">\n\t\t\t\t<div class=\"elementor-widget-container\">\n\t\t\t\t\t<div class=\"titulo-seccion\"><h2><span>Salas de jantar<\/span><\/h2><\/div>\t\t\t\t<\/div>\n\t\t\t\t<\/div>\n\t\t\t\t<div class=\"elementor-element elementor-element-7f00761 elementor-widget elementor-widget-text-editor\" data-id=\"7f00761\" data-element_type=\"widget\" data-e-type=\"widget\" data-widget_type=\"text-editor.default\">\n\t\t\t\t<div class=\"elementor-widget-container\">\n\t\t\t\t\t\t\t\t\t<div class=\"page\" title=\"Page 8\"><div class=\"layoutArea\"><div class=\"column\"><p>Na Balat criamos espa\u00e7os \u00fanicos adaptados \u00e0s necessidades da sua empresa. Uma sala de jantar, um vesti\u00e1rio, uma sala de espera ou uma sala de estar que servem de solu\u00e7\u00e3o tempor\u00e1ria ou complemento permanente para a sua empresa.<\/p><p>Fabricamos refeit\u00f3rios pr\u00e9-fabricados pensados \u200b\u200bpara descansar, almo\u00e7ar ou tomar um caf\u00e9 em ambientes diferenciados e perfeitamente equipados.<\/p><p>Nossas solu\u00e7\u00f5es modulares voltadas para refeit\u00f3rios pr\u00e9-fabricados nos permitem criar espa\u00e7os para alimenta\u00e7\u00e3o ou descanso e fornecer \u00e1reas remov\u00edveis e expans\u00edveis.<\/p><\/div><\/div><\/div>\t\t\t\t\t\t\t\t<\/div>\n\t\t\t\t<\/div>\n\t\t\t\t<div class=\"elementor-element elementor-element-e9eaeb4 elementor-widget elementor-widget-spacer\" data-id=\"e9eaeb4\" data-element_type=\"widget\" data-e-type=\"widget\" data-widget_type=\"spacer.default\">\n\t\t\t\t<div class=\"elementor-widget-container\">\n\t\t\t\t\t\t\t<div class=\"elementor-spacer\">\n\t\t\t<div class=\"elementor-spacer-inner\"><\/div>\n\t\t<\/div>\n\t\t\t\t\t\t<\/div>\n\t\t\t\t<\/div>\n\t\t\t\t<div class=\"elementor-element elementor-element-ad3b247 elementor-widget elementor-widget-heading\" data-id=\"ad3b247\" data-element_type=\"widget\" data-e-type=\"widget\" data-widget_type=\"heading.default\">\n\t\t\t\t<div class=\"elementor-widget-container\">\n\t\t\t\t\t<h2 class=\"elementor-heading-title elementor-size-default\">Aplicativos e uso\n<\/h2>\t\t\t\t<\/div>\n\t\t\t\t<\/div>\n\t\t\t\t<div class=\"elementor-element elementor-element-c607dbd custom-list elementor-widget elementor-widget-text-editor\" data-id=\"c607dbd\" data-element_type=\"widget\" data-e-type=\"widget\" data-widget_type=\"text-editor.default\">\n\t\t\t\t<div class=\"elementor-widget-container\">\n\t\t\t\t\t\t\t\t\t<p><strong>Nosso produto se adapta a qualquer uma das seguintes necessidades:<\/strong><\/p><ul><li>Salas de jantar pr\u00e9-fabricadas para trabalhadores.<\/li><li>Salas para m\u00e1quinas de venda autom\u00e1tica.<\/li><li>Cantinas pr\u00e9-fabricadas.<\/li><li>Cozinhas pr\u00e9-fabricadas.<\/li><li>Expans\u00f5es na hospitalidade.<\/li><li>Restaurantes de neg\u00f3cios.<\/li><li>Salas de descanso pr\u00e9-fabricadas.<\/li><li>Salas de caf\u00e9.<\/li><\/ul>\t\t\t\t\t\t\t\t<\/div>\n\t\t\t\t<\/div>\n\t\t\t\t<div class=\"elementor-element elementor-element-2a0f32d elementor-widget elementor-widget-heading\" data-id=\"2a0f32d\" data-element_type=\"widget\" data-e-type=\"widget\" data-widget_type=\"heading.default\">\n\t\t\t\t<div class=\"elementor-widget-container\">\n\t\t\t\t\t<h2 class=\"elementor-heading-title elementor-size-default\">Caracter\u00edsticas tecnicas\n<\/h2>\t\t\t\t<\/div>\n\t\t\t\t<\/div>\n\t\t\t\t<div class=\"elementor-element elementor-element-ab2f577 custom-list elementor-widget elementor-widget-text-editor\" data-id=\"ab2f577\" data-element_type=\"widget\" data-e-type=\"widget\" data-widget_type=\"text-editor.default\">\n\t\t\t\t<div class=\"elementor-widget-container\">\n\t\t\t\t\t\t\t\t\t<div class=\"page\" title=\"Page 8\"><div class=\"layoutArea\"><div class=\"column\"><ul><li>Estrutura robusta para pesos pesados \u200b\u200bpor metro quadrado.<\/li><li>Instala\u00e7\u00e3o el\u00e9trica de acordo com o consumo da sala de jantar ou cozinha.<\/li><li>Sanit\u00e1rios preparados para comunidades.<\/li><li>Instala\u00e7\u00e3o de \u00e1gua e eletricidade para m\u00e1quinas de venda autom\u00e1tica.<\/li><\/ul><\/div><\/div><\/div>\t\t\t\t\t\t\t\t<\/div>\n\t\t\t\t<\/div>\n\t\t\t\t<div class=\"elementor-element elementor-element-6597471 elementor-widget elementor-widget-spacer\" data-id=\"6597471\" data-element_type=\"widget\" data-e-type=\"widget\" data-widget_type=\"spacer.default\">\n\t\t\t\t<div class=\"elementor-widget-container\">\n\t\t\t\t\t\t\t<div class=\"elementor-spacer\">\n\t\t\t<div class=\"elementor-spacer-inner\"><\/div>\n\t\t<\/div>\n\t\t\t\t\t\t<\/div>\n\t\t\t\t<\/div>\n\t\t\t\t\t<\/div>\n\t\t<\/div>\n\t\t\t\t<div class=\"elementor-column elementor-col-50 elementor-inner-column elementor-element elementor-element-61ac03b\" data-id=\"61ac03b\" data-element_type=\"column\" data-e-type=\"column\">\n\t\t\t<div class=\"elementor-widget-wrap elementor-element-populated\">\n\t\t\t\t\t\t<div class=\"elementor-element elementor-element-f79ff53 elementor-widget elementor-widget-text-editor\" data-id=\"f79ff53\" data-element_type=\"widget\" data-e-type=\"widget\" data-widget_type=\"text-editor.default\">\n\t\t\t\t<div class=\"elementor-widget-container\">\n\t\t\t\t\t\t\t\t\t<div class=\"my-cta-long\">\n<div class=\"my-cta-content\">\n<p class=\"my-cta-title\">Escrever<\/p>\n\n\n<hr \/>\n\nSe quiser mais informa\u00e7\u00f5es ou solicitar uma cota\u00e7\u00e3o contacte-nos.\n<div class=\"my-wp-form-wrapper\"><div class=\"wpforms-container wpforms-container-full form-tipo-01\" id=\"wpforms-335\"><form id=\"wpforms-form-335\" class=\"wpforms-validate wpforms-form\" data-formid=\"335\" method=\"post\" enctype=\"multipart\/form-data\" action=\"\/pt\/wp-json\/wp\/v2\/pages\/4370\" data-token=\"f32a3131460fa3a52e320ebc5ab93f9c\" data-token-time=\"1776012042\"><noscript class=\"wpforms-error-noscript\">Please enable JavaScript in your browser to complete this form.<\/noscript><div class=\"wpforms-field-container\"><div id=\"wpforms-335-field_3-container\" class=\"wpforms-field wpforms-field-text\" data-field-id=\"3\"><label class=\"wpforms-field-label wpforms-label-hide\" for=\"wpforms-335-field_3\">Nombre <span class=\"wpforms-required-label\">*<\/span><\/label><input type=\"text\" id=\"wpforms-335-field_3\" class=\"wpforms-field-medium wpforms-field-required\" name=\"wpforms[fields][3]\" placeholder=\"Nombre *\" required><\/div><div id=\"wpforms-335-field_1-container\" class=\"wpforms-field wpforms-field-email\" data-field-id=\"1\"><label class=\"wpforms-field-label wpforms-label-hide\" for=\"wpforms-335-field_1\">Email <span class=\"wpforms-required-label\">*<\/span><\/label><input type=\"email\" id=\"wpforms-335-field_1\" class=\"wpforms-field-medium wpforms-field-required\" name=\"wpforms[fields][1]\" placeholder=\"Email *\" spellcheck=\"false\" required><\/div><div id=\"wpforms-335-field_4-container\" class=\"wpforms-field wpforms-field-text\" data-field-id=\"4\"><label class=\"wpforms-field-label wpforms-label-hide\" for=\"wpforms-335-field_4\">Tel\u00e9fono<\/label><input type=\"text\" id=\"wpforms-335-field_4\" class=\"wpforms-field-medium\" name=\"wpforms[fields][4]\" placeholder=\"Tel\u00e9fono\" ><\/div><div id=\"wpforms-335-field_6-container\" class=\"wpforms-field wpforms-field-text\" data-field-id=\"6\"><label class=\"wpforms-field-label wpforms-label-hide\" for=\"wpforms-335-field_6\">Localidad<\/label><input type=\"text\" id=\"wpforms-335-field_6\" class=\"wpforms-field-medium\" name=\"wpforms[fields][6]\" placeholder=\"Localidad\" ><\/div><div id=\"wpforms-335-field_7-container\" class=\"wpforms-field wpforms-field-text campo-oculto-pagina\" data-field-id=\"7\"><label class=\"wpforms-field-label wpforms-label-hide\" for=\"wpforms-335-field_7\">P\u00e1gina desde la que se ha contactado<\/label><input type=\"text\" id=\"wpforms-335-field_7\" class=\"wpforms-field-medium\" name=\"wpforms[fields][7]\" value=\"\/\" placeholder=\"pagina\" ><\/div><div id=\"wpforms-335-field_2-container\" class=\"wpforms-field wpforms-field-textarea\" data-field-id=\"2\"><label class=\"wpforms-field-label wpforms-label-hide\" for=\"wpforms-335-field_2\">Consulta <span class=\"wpforms-required-label\">*<\/span><\/label><textarea id=\"wpforms-335-field_2\" class=\"wpforms-field-medium wpforms-field-required\" name=\"wpforms[fields][2]\" placeholder=\"Consulta *\" required><\/textarea><\/div><div id=\"wpforms-335-field_5-container\" class=\"wpforms-field wpforms-field-checkbox\" data-field-id=\"5\"><label class=\"wpforms-field-label wpforms-label-hide\">Checkboxes <span class=\"wpforms-required-label\">*<\/span><\/label><ul id=\"wpforms-335-field_5\" class=\"wpforms-field-required\"><li class=\"choice-1 depth-1\"><input type=\"checkbox\" id=\"wpforms-335-field_5_1\" name=\"wpforms[fields][5][]\" value=\"Acepto que Balat procese mis datos. *\" required ><label class=\"wpforms-field-label-inline\" for=\"wpforms-335-field_5_1\">Acepto que Balat procese mis datos. *<\/label><\/li><\/ul><div class=\"wpforms-field-description\">Balat se compromete a procesar y utilizar sus datos personales \u00fanicamente para dar respuesta a su solicitud. La base que legitima el tratamiento de los datos personales es su consentimiento expreso. Igualmente, sus datos se conservar\u00e1n durante el periodo que sea necesario para dar respuesta a su solicitud. Ver la <a target=\"_blank\" href=\"\/politica-privacidad\/\">pol\u00edtica de privacidad<\/a>.<\/div><\/div><div id=\"wpforms-335-field_8-container\" class=\"wpforms-field wpforms-field-checkbox\" data-field-id=\"8\"><label class=\"wpforms-field-label wpforms-label-hide\">Checkboxes (copy)<\/label><ul id=\"wpforms-335-field_8\"><li class=\"choice-1 depth-1\"><input type=\"checkbox\" id=\"wpforms-335-field_8_1\" name=\"wpforms[fields][8][]\" value=\"Acepto recibir comunicaciones de Balat.\"  ><label class=\"wpforms-field-label-inline\" for=\"wpforms-335-field_8_1\">Acepto recibir comunicaciones de Balat.<\/label><\/li><\/ul><div class=\"wpforms-field-description\">Para poder recibir novedades sobre productos y servicios, as\u00ed como ofertas comerciales, Balat solicita su consentimiento expl\u00edcito. Siempre podr\u00e1 darse de baja de estas comunicaciones seg\u00fan nuestra <a target=\"_blank\" href=\"\/politica-privacidad\/\">pol\u00edtica de privacidad<\/a>.  <\/div><\/div><\/div><!-- .wpforms-field-container --><div class=\"wpforms-submit-container\" ><input type=\"hidden\" name=\"wpforms[id]\" value=\"335\"><input type=\"hidden\" name=\"page_title\" value=\"\"><input type=\"hidden\" name=\"page_url\" value=\"https:\/\/balat.com\/pt\/wp-json\/wp\/v2\/pages\/4370\"><input type=\"hidden\" name=\"url_referer\" value=\"\"><button type=\"submit\" name=\"wpforms[submit]\" id=\"wpforms-submit-335\" class=\"wpforms-submit\" data-alt-text=\"Enviando...\" data-submit-text=\"Enviar\" aria-live=\"assertive\" value=\"wpforms-submit\">Enviar<\/button><\/div><input type=\"hidden\" id=\"ct_checkjs_wpforms_9fc3d7152ba9336a670e36d0ed79bc43\" name=\"ct_checkjs_wpforms\" value=\"0\" \/><script>setTimeout(function(){var ct_input_name = \"ct_checkjs_wpforms_9fc3d7152ba9336a670e36d0ed79bc43\";if (document.getElementById(ct_input_name) !== null) {var ct_input_value = document.getElementById(ct_input_name).value;document.getElementById(ct_input_name).value = document.getElementById(ct_input_name).value.replace(ct_input_value, '829628218');}}, 1000);<\/script><input\n                    class=\"apbct_special_field apbct_email_id__wp_wpforms\"\n                    name=\"apbct__email_id__wp_wpforms\"\n                    aria-label=\"apbct__label_id__wp_wpforms\"\n                    type=\"text\" size=\"30\" maxlength=\"200\" autocomplete=\"off\"\n                    value=\"\"\n                \/><\/form><\/div>  <!-- .wpforms-container --><\/div>\n<\/div>\n<div class=\"my-cta-footer\">\n\nEst\u00e1 interessado em algum produto? N\u00f3s te chamamos.\n<div class=\"my-cta-button\">\n<div class=\"contact-phone\"><img decoding=\"async\" src=\"\/wp-content\/uploads\/2021\/06\/phone.png\" \/><\/div>\nLiga-me\n\n<\/div>\n<\/div>\n<\/div>\t\t\t\t\t\t\t\t<\/div>\n\t\t\t\t<\/div>\n\t\t\t\t\t<\/div>\n\t\t<\/div>\n\t\t\t\t\t<\/div>\n\t\t<\/section>\n\t\t\t\t\t<\/div>\n\t\t<\/div>\n\t\t\t\t\t<\/div>\n\t\t<\/section>\n\t\t\t\t<section class=\"elementor-section elementor-top-section elementor-element elementor-element-4d2ec09 elementor-section-full_width elementor-section-height-default elementor-section-height-default\" data-id=\"4d2ec09\" data-element_type=\"section\" data-e-type=\"section\">\n\t\t\t\t\t\t<div class=\"elementor-container elementor-column-gap-default\">\n\t\t\t\t\t<div class=\"elementor-column elementor-col-100 elementor-top-column elementor-element elementor-element-0f9896a\" data-id=\"0f9896a\" data-element_type=\"column\" data-e-type=\"column\">\n\t\t\t<div class=\"elementor-widget-wrap elementor-element-populated\">\n\t\t\t\t\t\t<section class=\"elementor-section elementor-inner-section elementor-element elementor-element-8ea14f9 elementor-section-boxed elementor-section-height-default elementor-section-height-default\" data-id=\"8ea14f9\" data-element_type=\"section\" data-e-type=\"section\">\n\t\t\t\t\t\t<div class=\"elementor-container elementor-column-gap-default\">\n\t\t\t\t\t<div class=\"elementor-column elementor-col-100 elementor-inner-column elementor-element elementor-element-b463fa6\" data-id=\"b463fa6\" data-element_type=\"column\" data-e-type=\"column\">\n\t\t\t<div class=\"elementor-widget-wrap elementor-element-populated\">\n\t\t\t\t\t\t<div class=\"elementor-element elementor-element-9097e35 elementor-widget elementor-widget-html\" data-id=\"9097e35\" data-element_type=\"widget\" data-e-type=\"widget\" data-widget_type=\"html.default\">\n\t\t\t\t<div class=\"elementor-widget-container\">\n\t\t\t\t\t<div class=\"titulo-seccion\"><h2><span>Projetos relacionados<\/span><\/h2><\/div>\t\t\t\t<\/div>\n\t\t\t\t<\/div>\n\t\t\t\t<div class=\"elementor-element elementor-element-5fd46ad elementor-widget elementor-widget-spacer\" data-id=\"5fd46ad\" data-element_type=\"widget\" data-e-type=\"widget\" data-widget_type=\"spacer.default\">\n\t\t\t\t<div class=\"elementor-widget-container\">\n\t\t\t\t\t\t\t<div class=\"elementor-spacer\">\n\t\t\t<div class=\"elementor-spacer-inner\"><\/div>\n\t\t<\/div>\n\t\t\t\t\t\t<\/div>\n\t\t\t\t<\/div>\n\t\t\t\t\t<\/div>\n\t\t<\/div>\n\t\t\t\t\t<\/div>\n\t\t<\/section>\n\t\t\t\t\t<\/div>\n\t\t<\/div>\n\t\t\t\t\t<\/div>\n\t\t<\/section>\n\t\t\t\t<\/div>\n\t\t","protected":false},"excerpt":{"rendered":"<p>Salas de jantar Na Balat criamos espa\u00e7os \u00fanicos adaptados \u00e0s necessidades da sua empresa. Uma sala de jantar, um vesti\u00e1rio, uma sala de espera ou uma sala de estar que servem de solu\u00e7\u00e3o tempor\u00e1ria ou complemento permanente para a sua empresa. Fabricamos refeit\u00f3rios pr\u00e9-fabricados pensados \u200b\u200bpara descansar, almo\u00e7ar ou tomar um caf\u00e9 em ambientes diferenciados [&hellip;]<\/p>\n","protected":false},"author":2,"featured_media":0,"parent":0,"menu_order":0,"comment_status":"closed","ping_status":"closed","template":"","meta":{"footnotes":""},"class_list":["post-4370","page","type-page","status-publish","hentry"],"yoast_head":"<!-- This site is optimized with the Yoast SEO plugin v27.1.1 - https:\/\/yoast.com\/product\/yoast-seo-wordpress\/ -->\n<title>Salas de jantar - Balat<\/title>\n<meta name=\"robots\" content=\"index, follow, max-snippet:-1, max-image-preview:large, max-video-preview:-1\" \/>\n<link rel=\"canonical\" href=\"https:\/\/balat.com\/pt\/salas-de-jantar\/\" \/>\n<meta property=\"og:locale\" content=\"pt_PT\" \/>\n<meta property=\"og:type\" content=\"article\" \/>\n<meta property=\"og:title\" content=\"Salas de jantar - Balat\" \/>\n<meta property=\"og:description\" content=\"Salas de jantar Na Balat criamos espa\u00e7os \u00fanicos adaptados \u00e0s necessidades da sua empresa. Uma sala de jantar, um vesti\u00e1rio, uma sala de espera ou uma sala de estar que servem de solu\u00e7\u00e3o tempor\u00e1ria ou complemento permanente para a sua empresa. Fabricamos refeit\u00f3rios pr\u00e9-fabricados pensados \u200b\u200bpara descansar, almo\u00e7ar ou tomar um caf\u00e9 em ambientes diferenciados [&hellip;]\" \/>\n<meta property=\"og:url\" content=\"https:\/\/balat.com\/pt\/salas-de-jantar\/\" \/>\n<meta property=\"og:site_name\" content=\"Balat\" \/>\n<meta property=\"article:publisher\" content=\"https:\/\/www.facebook.com\/BalatModulos\" \/>\n<meta property=\"article:modified_time\" content=\"2021-10-21T12:11:27+00:00\" \/>\n<meta name=\"twitter:card\" content=\"summary_large_image\" \/>\n<meta name=\"twitter:site\" content=\"@BalatModulos\" \/>\n<meta name=\"twitter:label1\" content=\"Est. reading time\" \/>\n\t<meta name=\"twitter:data1\" content=\"3 minutes\" \/>\n<script type=\"application\/ld+json\" class=\"yoast-schema-graph\">{\"@context\":\"https:\/\/schema.org\",\"@graph\":[{\"@type\":\"WebPage\",\"@id\":\"https:\/\/balat.com\/pt\/salas-de-jantar\/\",\"url\":\"https:\/\/balat.com\/pt\/salas-de-jantar\/\",\"name\":\"Salas de jantar - Balat\",\"isPartOf\":{\"@id\":\"https:\/\/balat.com\/pt\/#website\"},\"datePublished\":\"2021-10-04T11:59:24+00:00\",\"dateModified\":\"2021-10-21T12:11:27+00:00\",\"inLanguage\":\"pt-PT-ao90\",\"potentialAction\":[{\"@type\":\"ReadAction\",\"target\":[\"https:\/\/balat.com\/pt\/salas-de-jantar\/\"]}]},{\"@type\":\"WebSite\",\"@id\":\"https:\/\/balat.com\/pt\/#website\",\"url\":\"https:\/\/balat.com\/pt\/\",\"name\":\"Balat\",\"description\":\"M\u00f3dulos prefabricados, Casetas de Obra, Construcci\u00f3n Modular.\",\"publisher\":{\"@id\":\"https:\/\/balat.com\/pt\/#organization\"},\"potentialAction\":[{\"@type\":\"SearchAction\",\"target\":{\"@type\":\"EntryPoint\",\"urlTemplate\":\"https:\/\/balat.com\/pt\/?s={search_term_string}\"},\"query-input\":{\"@type\":\"PropertyValueSpecification\",\"valueRequired\":true,\"valueName\":\"search_term_string\"}}],\"inLanguage\":\"pt-PT-ao90\"},{\"@type\":\"Organization\",\"@id\":\"https:\/\/balat.com\/pt\/#organization\",\"name\":\"Balat\",\"url\":\"https:\/\/balat.com\/pt\/\",\"logo\":{\"@type\":\"ImageObject\",\"inLanguage\":\"pt-PT-ao90\",\"@id\":\"https:\/\/balat.com\/pt\/#\/schema\/logo\/image\/\",\"url\":\"https:\/\/balat.com\/wp-content\/uploads\/2021\/06\/logo-balat.svg\",\"contentUrl\":\"https:\/\/balat.com\/wp-content\/uploads\/2021\/06\/logo-balat.svg\",\"width\":\"1024\",\"height\":\"1024\",\"caption\":\"Balat\"},\"image\":{\"@id\":\"https:\/\/balat.com\/pt\/#\/schema\/logo\/image\/\"},\"sameAs\":[\"https:\/\/www.facebook.com\/BalatModulos\",\"https:\/\/x.com\/BalatModulos\",\"https:\/\/www.linkedin.com\/company\/balat-alquibalat-\/\",\"https:\/\/www.youtube.com\/user\/PrefabricadosBALAT\"]}]}<\/script>\n<!-- \/ Yoast SEO plugin. -->","yoast_head_json":{"title":"Salas de jantar - Balat","robots":{"index":"index","follow":"follow","max-snippet":"max-snippet:-1","max-image-preview":"max-image-preview:large","max-video-preview":"max-video-preview:-1"},"canonical":"https:\/\/balat.com\/pt\/salas-de-jantar\/","og_locale":"pt_PT","og_type":"article","og_title":"Salas de jantar - Balat","og_description":"Salas de jantar Na Balat criamos espa\u00e7os \u00fanicos adaptados \u00e0s necessidades da sua empresa. Uma sala de jantar, um vesti\u00e1rio, uma sala de espera ou uma sala de estar que servem de solu\u00e7\u00e3o tempor\u00e1ria ou complemento permanente para a sua empresa. Fabricamos refeit\u00f3rios pr\u00e9-fabricados pensados \u200b\u200bpara descansar, almo\u00e7ar ou tomar um caf\u00e9 em ambientes diferenciados [&hellip;]","og_url":"https:\/\/balat.com\/pt\/salas-de-jantar\/","og_site_name":"Balat","article_publisher":"https:\/\/www.facebook.com\/BalatModulos","article_modified_time":"2021-10-21T12:11:27+00:00","twitter_card":"summary_large_image","twitter_site":"@BalatModulos","twitter_misc":{"Est. reading time":"3 minutes"},"schema":{"@context":"https:\/\/schema.org","@graph":[{"@type":"WebPage","@id":"https:\/\/balat.com\/pt\/salas-de-jantar\/","url":"https:\/\/balat.com\/pt\/salas-de-jantar\/","name":"Salas de jantar - Balat","isPartOf":{"@id":"https:\/\/balat.com\/pt\/#website"},"datePublished":"2021-10-04T11:59:24+00:00","dateModified":"2021-10-21T12:11:27+00:00","inLanguage":"pt-PT-ao90","potentialAction":[{"@type":"ReadAction","target":["https:\/\/balat.com\/pt\/salas-de-jantar\/"]}]},{"@type":"WebSite","@id":"https:\/\/balat.com\/pt\/#website","url":"https:\/\/balat.com\/pt\/","name":"Balat","description":"M\u00f3dulos prefabricados, Casetas de Obra, Construcci\u00f3n Modular.","publisher":{"@id":"https:\/\/balat.com\/pt\/#organization"},"potentialAction":[{"@type":"SearchAction","target":{"@type":"EntryPoint","urlTemplate":"https:\/\/balat.com\/pt\/?s={search_term_string}"},"query-input":{"@type":"PropertyValueSpecification","valueRequired":true,"valueName":"search_term_string"}}],"inLanguage":"pt-PT-ao90"},{"@type":"Organization","@id":"https:\/\/balat.com\/pt\/#organization","name":"Balat","url":"https:\/\/balat.com\/pt\/","logo":{"@type":"ImageObject","inLanguage":"pt-PT-ao90","@id":"https:\/\/balat.com\/pt\/#\/schema\/logo\/image\/","url":"https:\/\/balat.com\/wp-content\/uploads\/2021\/06\/logo-balat.svg","contentUrl":"https:\/\/balat.com\/wp-content\/uploads\/2021\/06\/logo-balat.svg","width":"1024","height":"1024","caption":"Balat"},"image":{"@id":"https:\/\/balat.com\/pt\/#\/schema\/logo\/image\/"},"sameAs":["https:\/\/www.facebook.com\/BalatModulos","https:\/\/x.com\/BalatModulos","https:\/\/www.linkedin.com\/company\/balat-alquibalat-\/","https:\/\/www.youtube.com\/user\/PrefabricadosBALAT"]}]}},"_links":{"self":[{"href":"https:\/\/balat.com\/pt\/wp-json\/wp\/v2\/pages\/4370","targetHints":{"allow":["GET"]}}],"collection":[{"href":"https:\/\/balat.com\/pt\/wp-json\/wp\/v2\/pages"}],"about":[{"href":"https:\/\/balat.com\/pt\/wp-json\/wp\/v2\/types\/page"}],"author":[{"embeddable":true,"href":"https:\/\/balat.com\/pt\/wp-json\/wp\/v2\/users\/2"}],"replies":[{"embeddable":true,"href":"https:\/\/balat.com\/pt\/wp-json\/wp\/v2\/comments?post=4370"}],"version-history":[{"count":3,"href":"https:\/\/balat.com\/pt\/wp-json\/wp\/v2\/pages\/4370\/revisions"}],"predecessor-version":[{"id":5688,"href":"https:\/\/balat.com\/pt\/wp-json\/wp\/v2\/pages\/4370\/revisions\/5688"}],"wp:attachment":[{"href":"https:\/\/balat.com\/pt\/wp-json\/wp\/v2\/media?parent=4370"}],"curies":[{"name":"wp","href":"https:\/\/api.w.org\/{rel}","templated":true}]}}