{"id":4353,"date":"2021-10-04T11:54:27","date_gmt":"2021-10-04T11:54:27","guid":{"rendered":"https:\/\/balat.com\/?page_id=4353"},"modified":"2023-07-24T10:35:05","modified_gmt":"2023-07-24T10:35:05","slug":"aviso-legal","status":"publish","type":"page","link":"https:\/\/balat.com\/pt\/aviso-legal\/","title":{"rendered":"Aviso Legal"},"content":{"rendered":"\t\t<div data-elementor-type=\"wp-page\" data-elementor-id=\"4353\" class=\"elementor elementor-4353 elementor-1574\" data-elementor-post-type=\"page\">\n\t\t\t\t\t\t<section class=\"elementor-section elementor-top-section elementor-element elementor-element-606762c elementor-section-boxed elementor-section-height-default elementor-section-height-default\" data-id=\"606762c\" data-element_type=\"section\" data-e-type=\"section\" data-settings=\"{&quot;background_background&quot;:&quot;classic&quot;}\">\n\t\t\t\t\t\t\t<div class=\"elementor-background-overlay\"><\/div>\n\t\t\t\t\t\t\t<div class=\"elementor-container elementor-column-gap-default\">\n\t\t\t\t\t<div class=\"elementor-column elementor-col-100 elementor-top-column elementor-element elementor-element-388839d\" data-id=\"388839d\" data-element_type=\"column\" data-e-type=\"column\">\n\t\t\t<div class=\"elementor-widget-wrap elementor-element-populated\">\n\t\t\t\t\t\t<div class=\"elementor-element elementor-element-e83088f elementor-widget elementor-widget-spacer\" data-id=\"e83088f\" data-element_type=\"widget\" data-e-type=\"widget\" data-widget_type=\"spacer.default\">\n\t\t\t\t<div class=\"elementor-widget-container\">\n\t\t\t\t\t\t\t<div class=\"elementor-spacer\">\n\t\t\t<div class=\"elementor-spacer-inner\"><\/div>\n\t\t<\/div>\n\t\t\t\t\t\t<\/div>\n\t\t\t\t<\/div>\n\t\t\t\t<div class=\"elementor-element elementor-element-d62b38b elementor-widget elementor-widget-html\" data-id=\"d62b38b\" data-element_type=\"widget\" data-e-type=\"widget\" data-widget_type=\"html.default\">\n\t\t\t\t<div class=\"elementor-widget-container\">\n\t\t\t\t\t<div class=\"titulo-seccion-w\"><h2><span>Aviso legal<\/span><\/h2><\/div>\t\t\t\t<\/div>\n\t\t\t\t<\/div>\n\t\t\t\t<div class=\"elementor-element elementor-element-5dbdbc7 elementor-widget elementor-widget-spacer\" data-id=\"5dbdbc7\" data-element_type=\"widget\" data-e-type=\"widget\" data-widget_type=\"spacer.default\">\n\t\t\t\t<div class=\"elementor-widget-container\">\n\t\t\t\t\t\t\t<div class=\"elementor-spacer\">\n\t\t\t<div class=\"elementor-spacer-inner\"><\/div>\n\t\t<\/div>\n\t\t\t\t\t\t<\/div>\n\t\t\t\t<\/div>\n\t\t\t\t\t<\/div>\n\t\t<\/div>\n\t\t\t\t\t<\/div>\n\t\t<\/section>\n\t\t\t\t<section class=\"elementor-section elementor-top-section elementor-element elementor-element-894cfdf elementor-section-boxed elementor-section-height-default elementor-section-height-default\" data-id=\"894cfdf\" data-element_type=\"section\" data-e-type=\"section\">\n\t\t\t\t\t\t<div class=\"elementor-container elementor-column-gap-default\">\n\t\t\t\t\t<div class=\"elementor-column elementor-col-100 elementor-top-column elementor-element elementor-element-7c99d99\" data-id=\"7c99d99\" data-element_type=\"column\" data-e-type=\"column\">\n\t\t\t<div class=\"elementor-widget-wrap elementor-element-populated\">\n\t\t\t\t\t\t<section class=\"elementor-section elementor-inner-section elementor-element elementor-element-680ff93 elementor-section-boxed elementor-section-height-default elementor-section-height-default\" data-id=\"680ff93\" data-element_type=\"section\" data-e-type=\"section\">\n\t\t\t\t\t\t<div class=\"elementor-container elementor-column-gap-default\">\n\t\t\t\t\t<div class=\"elementor-column elementor-col-100 elementor-inner-column elementor-element elementor-element-db81e19\" data-id=\"db81e19\" data-element_type=\"column\" data-e-type=\"column\">\n\t\t\t<div class=\"elementor-widget-wrap elementor-element-populated\">\n\t\t\t\t\t\t<div class=\"elementor-element elementor-element-78ed972 elementor-widget elementor-widget-text-editor\" data-id=\"78ed972\" data-element_type=\"widget\" data-e-type=\"widget\" data-widget_type=\"text-editor.default\">\n\t\t\t\t<div class=\"elementor-widget-container\">\n\t\t\t\t\t\t\t\t\t<ol><li><h2><strong>Finalidade do Website<\/strong><\/h2><\/li><\/ol><p>Este Aviso Legal estabelece as condi\u00e7\u00f5es gerais de utiliza\u00e7\u00e3o dos produtos oferecidos pela empresa Alquibalat S.L. (doravante BALAT), em rela\u00e7\u00e3o \u00e0s pessoas que o utilizam (doravante UTILIZADOR).<\/p><p>Este Website e a loja online foram desenvolvidos com o objetivo de fornecer ao UTILIZADOR um sistema f\u00e1cil de utilizar e fi\u00e1vel para a presta\u00e7\u00e3o de informa\u00e7\u00f5es e venda dos produtos disponibilizados pela BALAT.<\/p><p>Em conformidade com o disposto no artigo 10\u00ba do Decreto-Lei n.\u00ba 7\/2004, de 07 de janeiro, sobre os servi\u00e7os da sociedade de informa\u00e7\u00e3o, em especial do com\u00e9rcio eletr\u00f3nico, o Utilizador \u00e9 informado de que o propriet\u00e1rio do dom\u00ednio (www.balat.com) e respons\u00e1vel pela sua conce\u00e7\u00e3o, conte\u00fado, desenvolvimento inform\u00e1tico e manuten\u00e7\u00e3o t\u00e9cnica \u00e9 a BALAT, sociedade constitu\u00edda sob o direito espanhol, com sede em Calle Ram\u00f3n Aguinaga 12, 31016 Pamplona (NAVARRA), com o n\u00famero de identifica\u00e7\u00e3o fiscal B-31 585318 e inscrita no Registo Comercial de Navarra, volume 752, folha 196 e p\u00e1gina NA-15480, com o contacto telef\u00f3nico (+034) 948 18 87 86 e endere\u00e7o electr\u00f3nico: balat@balat.es.<\/p><ol start=\"2\"><li><h2><strong>Acesso e Utiliza\u00e7\u00e3o<\/strong><\/h2><\/li><\/ol><p>As pessoas que acedam a este Website e\/ou utilizem informa\u00e7\u00f5es ou realizem transa\u00e7\u00f5es comerciais atrav\u00e9s do mesmo, adquirem a condi\u00e7\u00e3o de UTILIZADOR e comprometem-se a observar e cumprir rigorosamente as disposi\u00e7\u00f5es aqui estabelecidas, bem como quaisquer outras que possam ser legalmente aplic\u00e1veis.<\/p><p>O UTILIZADOR fica desde j\u00e1 informado que as condi\u00e7\u00f5es gerais de utiliza\u00e7\u00e3o deste Website e da Loja online podem ser alteradas sem aviso pr\u00e9vio.<\/p><ol start=\"3\"><li><h2><strong>Conte\u00fados<\/strong><\/h2><\/li><\/ol><p>Os elementos presentes neste Website e na Loja online, incluindo a conce\u00e7\u00e3o, o conte\u00fado, o desenvolvimento inform\u00e1tico e a manuten\u00e7\u00e3o t\u00e9cnica, est\u00e3o protegidos pelas normas do direito de propriedade intelectual e industrial aplic\u00e1veis.<\/p><p>Qualquer utiliza\u00e7\u00e3o que envolva a reprodu\u00e7\u00e3o total ou parcial, a distribui\u00e7\u00e3o, a transforma\u00e7\u00e3o ou comercializa\u00e7\u00e3o n\u00e3o \u00e9 permitida e requer a autoriza\u00e7\u00e3o pr\u00e9via, por escrito, da BALAT.<\/p><ol start=\"4\"><li><h2><strong>Responsabilidade<\/strong><\/h2><\/li><\/ol><p>Todas as liga\u00e7\u00f5es que conduzam a este Website, bem como \u00e0 Loja online, n\u00e3o podem apresentar, direta ou indiretamente, informa\u00e7\u00f5es falsas, inexatas ou enganosas. A BALAT n\u00e3o aceita qualquer responsabilidade caso as liga\u00e7\u00f5es externas n\u00e3o estejam operacionais.<\/p><p>O Website e a Loja online s\u00e3o testados e verificados periodicamente para garantir a seguran\u00e7a e a aus\u00eancia de v\u00edrus nos seus sistemas. O correto funcionamento t\u00e9cnico \u00e9 igualmente garantido, contudo, n\u00e3o exclu\u00edmos a possibilidade de um eventual erro de programa\u00e7\u00e3o ou a ocorr\u00eancia de causas de for\u00e7a maior que impossibilitem o acesso ao Website e \u00e0 Loja online. Neste caso, atuaremos com a m\u00e1xima dilig\u00eancia para corrigir o problema o mais rapidamente poss\u00edvel.<\/p><ol start=\"5\"><li><h2><strong> Legisla\u00e7\u00e3o aplic\u00e1vel<\/strong><\/h2><\/li><\/ol><p>Para a resolu\u00e7\u00e3o de qualquer lit\u00edgio ou quest\u00e3o relacionada com este Website e com a Loja online, ser\u00e1 aplic\u00e1vel a legisla\u00e7\u00e3o portuguesa.<\/p><p>\u00a0<\/p>\t\t\t\t\t\t\t\t<\/div>\n\t\t\t\t<\/div>\n\t\t\t\t\t<\/div>\n\t\t<\/div>\n\t\t\t\t\t<\/div>\n\t\t<\/section>\n\t\t\t\t\t<\/div>\n\t\t<\/div>\n\t\t\t\t\t<\/div>\n\t\t<\/section>\n\t\t\t\t<\/div>\n\t\t","protected":false},"excerpt":{"rendered":"<p>Aviso legal Finalidade do Website Este Aviso Legal estabelece as condi\u00e7\u00f5es gerais de utiliza\u00e7\u00e3o dos produtos oferecidos pela empresa Alquibalat S.L. (doravante BALAT), em rela\u00e7\u00e3o \u00e0s pessoas que o utilizam (doravante UTILIZADOR). Este Website e a loja online foram desenvolvidos com o objetivo de fornecer ao UTILIZADOR um sistema f\u00e1cil de utilizar e fi\u00e1vel para [&hellip;]<\/p>\n","protected":false},"author":2,"featured_media":0,"parent":0,"menu_order":0,"comment_status":"closed","ping_status":"closed","template":"","meta":{"footnotes":""},"class_list":["post-4353","page","type-page","status-publish","hentry"],"yoast_head":"<!-- This site is optimized with the Yoast SEO plugin v27.1.1 - https:\/\/yoast.com\/product\/yoast-seo-wordpress\/ -->\n<title>Aviso Legal - Balat<\/title>\n<meta name=\"robots\" content=\"noindex, follow\" \/>\n<meta property=\"og:locale\" content=\"pt_PT\" \/>\n<meta property=\"og:type\" content=\"article\" \/>\n<meta property=\"og:title\" content=\"Aviso Legal - Balat\" \/>\n<meta property=\"og:description\" content=\"Aviso legal Finalidade do Website Este Aviso Legal estabelece as condi\u00e7\u00f5es gerais de utiliza\u00e7\u00e3o dos produtos oferecidos pela empresa Alquibalat S.L. (doravante BALAT), em rela\u00e7\u00e3o \u00e0s pessoas que o utilizam (doravante UTILIZADOR). Este Website e a loja online foram desenvolvidos com o objetivo de fornecer ao UTILIZADOR um sistema f\u00e1cil de utilizar e fi\u00e1vel para [&hellip;]\" \/>\n<meta property=\"og:url\" content=\"https:\/\/balat.com\/pt\/aviso-legal\/\" \/>\n<meta property=\"og:site_name\" content=\"Balat\" \/>\n<meta property=\"article:publisher\" content=\"https:\/\/www.facebook.com\/BalatModulos\" \/>\n<meta property=\"article:modified_time\" content=\"2023-07-24T10:35:05+00:00\" \/>\n<meta name=\"twitter:card\" content=\"summary_large_image\" \/>\n<meta name=\"twitter:site\" content=\"@BalatModulos\" \/>\n<meta name=\"twitter:label1\" content=\"Est. reading time\" \/>\n\t<meta name=\"twitter:data1\" content=\"3 minutes\" \/>\n<script type=\"application\/ld+json\" class=\"yoast-schema-graph\">{\"@context\":\"https:\/\/schema.org\",\"@graph\":[{\"@type\":\"WebPage\",\"@id\":\"https:\/\/balat.com\/pt\/aviso-legal\/\",\"url\":\"https:\/\/balat.com\/pt\/aviso-legal\/\",\"name\":\"Aviso Legal - Balat\",\"isPartOf\":{\"@id\":\"https:\/\/balat.com\/pt\/#website\"},\"datePublished\":\"2021-10-04T11:54:27+00:00\",\"dateModified\":\"2023-07-24T10:35:05+00:00\",\"inLanguage\":\"pt-PT-ao90\",\"potentialAction\":[{\"@type\":\"ReadAction\",\"target\":[\"https:\/\/balat.com\/pt\/aviso-legal\/\"]}]},{\"@type\":\"WebSite\",\"@id\":\"https:\/\/balat.com\/pt\/#website\",\"url\":\"https:\/\/balat.com\/pt\/\",\"name\":\"Balat\",\"description\":\"M\u00f3dulos prefabricados, Casetas de Obra, Construcci\u00f3n Modular.\",\"publisher\":{\"@id\":\"https:\/\/balat.com\/pt\/#organization\"},\"potentialAction\":[{\"@type\":\"SearchAction\",\"target\":{\"@type\":\"EntryPoint\",\"urlTemplate\":\"https:\/\/balat.com\/pt\/?s={search_term_string}\"},\"query-input\":{\"@type\":\"PropertyValueSpecification\",\"valueRequired\":true,\"valueName\":\"search_term_string\"}}],\"inLanguage\":\"pt-PT-ao90\"},{\"@type\":\"Organization\",\"@id\":\"https:\/\/balat.com\/pt\/#organization\",\"name\":\"Balat\",\"url\":\"https:\/\/balat.com\/pt\/\",\"logo\":{\"@type\":\"ImageObject\",\"inLanguage\":\"pt-PT-ao90\",\"@id\":\"https:\/\/balat.com\/pt\/#\/schema\/logo\/image\/\",\"url\":\"https:\/\/balat.com\/wp-content\/uploads\/2021\/06\/logo-balat.svg\",\"contentUrl\":\"https:\/\/balat.com\/wp-content\/uploads\/2021\/06\/logo-balat.svg\",\"width\":\"1024\",\"height\":\"1024\",\"caption\":\"Balat\"},\"image\":{\"@id\":\"https:\/\/balat.com\/pt\/#\/schema\/logo\/image\/\"},\"sameAs\":[\"https:\/\/www.facebook.com\/BalatModulos\",\"https:\/\/x.com\/BalatModulos\",\"https:\/\/www.linkedin.com\/company\/balat-alquibalat-\/\",\"https:\/\/www.youtube.com\/user\/PrefabricadosBALAT\"]}]}<\/script>\n<!-- \/ Yoast SEO plugin. -->","yoast_head_json":{"title":"Aviso Legal - Balat","robots":{"index":"noindex","follow":"follow"},"og_locale":"pt_PT","og_type":"article","og_title":"Aviso Legal - Balat","og_description":"Aviso legal Finalidade do Website Este Aviso Legal estabelece as condi\u00e7\u00f5es gerais de utiliza\u00e7\u00e3o dos produtos oferecidos pela empresa Alquibalat S.L. (doravante BALAT), em rela\u00e7\u00e3o \u00e0s pessoas que o utilizam (doravante UTILIZADOR). Este Website e a loja online foram desenvolvidos com o objetivo de fornecer ao UTILIZADOR um sistema f\u00e1cil de utilizar e fi\u00e1vel para [&hellip;]","og_url":"https:\/\/balat.com\/pt\/aviso-legal\/","og_site_name":"Balat","article_publisher":"https:\/\/www.facebook.com\/BalatModulos","article_modified_time":"2023-07-24T10:35:05+00:00","twitter_card":"summary_large_image","twitter_site":"@BalatModulos","twitter_misc":{"Est. reading time":"3 minutes"},"schema":{"@context":"https:\/\/schema.org","@graph":[{"@type":"WebPage","@id":"https:\/\/balat.com\/pt\/aviso-legal\/","url":"https:\/\/balat.com\/pt\/aviso-legal\/","name":"Aviso Legal - Balat","isPartOf":{"@id":"https:\/\/balat.com\/pt\/#website"},"datePublished":"2021-10-04T11:54:27+00:00","dateModified":"2023-07-24T10:35:05+00:00","inLanguage":"pt-PT-ao90","potentialAction":[{"@type":"ReadAction","target":["https:\/\/balat.com\/pt\/aviso-legal\/"]}]},{"@type":"WebSite","@id":"https:\/\/balat.com\/pt\/#website","url":"https:\/\/balat.com\/pt\/","name":"Balat","description":"M\u00f3dulos prefabricados, Casetas de Obra, Construcci\u00f3n Modular.","publisher":{"@id":"https:\/\/balat.com\/pt\/#organization"},"potentialAction":[{"@type":"SearchAction","target":{"@type":"EntryPoint","urlTemplate":"https:\/\/balat.com\/pt\/?s={search_term_string}"},"query-input":{"@type":"PropertyValueSpecification","valueRequired":true,"valueName":"search_term_string"}}],"inLanguage":"pt-PT-ao90"},{"@type":"Organization","@id":"https:\/\/balat.com\/pt\/#organization","name":"Balat","url":"https:\/\/balat.com\/pt\/","logo":{"@type":"ImageObject","inLanguage":"pt-PT-ao90","@id":"https:\/\/balat.com\/pt\/#\/schema\/logo\/image\/","url":"https:\/\/balat.com\/wp-content\/uploads\/2021\/06\/logo-balat.svg","contentUrl":"https:\/\/balat.com\/wp-content\/uploads\/2021\/06\/logo-balat.svg","width":"1024","height":"1024","caption":"Balat"},"image":{"@id":"https:\/\/balat.com\/pt\/#\/schema\/logo\/image\/"},"sameAs":["https:\/\/www.facebook.com\/BalatModulos","https:\/\/x.com\/BalatModulos","https:\/\/www.linkedin.com\/company\/balat-alquibalat-\/","https:\/\/www.youtube.com\/user\/PrefabricadosBALAT"]}]}},"_links":{"self":[{"href":"https:\/\/balat.com\/pt\/wp-json\/wp\/v2\/pages\/4353","targetHints":{"allow":["GET"]}}],"collection":[{"href":"https:\/\/balat.com\/pt\/wp-json\/wp\/v2\/pages"}],"about":[{"href":"https:\/\/balat.com\/pt\/wp-json\/wp\/v2\/types\/page"}],"author":[{"embeddable":true,"href":"https:\/\/balat.com\/pt\/wp-json\/wp\/v2\/users\/2"}],"replies":[{"embeddable":true,"href":"https:\/\/balat.com\/pt\/wp-json\/wp\/v2\/comments?post=4353"}],"version-history":[{"count":3,"href":"https:\/\/balat.com\/pt\/wp-json\/wp\/v2\/pages\/4353\/revisions"}],"predecessor-version":[{"id":14329,"href":"https:\/\/balat.com\/pt\/wp-json\/wp\/v2\/pages\/4353\/revisions\/14329"}],"wp:attachment":[{"href":"https:\/\/balat.com\/pt\/wp-json\/wp\/v2\/media?parent=4353"}],"curies":[{"name":"wp","href":"https:\/\/api.w.org\/{rel}","templated":true}]}}