{"id":14542,"date":"2023-11-08T12:41:01","date_gmt":"2023-11-08T12:41:01","guid":{"rendered":"https:\/\/balat.com\/?page_id=14542"},"modified":"2023-11-08T15:26:37","modified_gmt":"2023-11-08T15:26:37","slug":"canal-etico","status":"publish","type":"page","link":"https:\/\/balat.com\/pt\/canal-etico\/","title":{"rendered":"Canal \u00c9tico"},"content":{"rendered":"\t\t<div data-elementor-type=\"wp-page\" data-elementor-id=\"14542\" class=\"elementor elementor-14542 elementor-14539\" data-elementor-post-type=\"page\">\n\t\t\t\t\t\t<section class=\"elementor-section elementor-top-section elementor-element elementor-element-7dd334f9 elementor-section-full_width slider-row elementor-section-height-default elementor-section-height-default\" data-id=\"7dd334f9\" data-element_type=\"section\" data-e-type=\"section\">\n\t\t\t\t\t\t<div class=\"elementor-container elementor-column-gap-default\">\n\t\t\t\t\t<div class=\"elementor-column elementor-col-100 elementor-top-column elementor-element elementor-element-427cf38a\" data-id=\"427cf38a\" data-element_type=\"column\" data-e-type=\"column\">\n\t\t\t<div class=\"elementor-widget-wrap elementor-element-populated\">\n\t\t\t\t\t\t<div class=\"elementor-element elementor-element-d4e81b4 elementor--h-position-center elementor--v-position-middle elementor-arrows-position-inside elementor-pagination-position-inside elementor-invisible elementor-widget elementor-widget-slides\" data-id=\"d4e81b4\" data-element_type=\"widget\" data-e-type=\"widget\" data-settings=\"{&quot;_animation&quot;:&quot;fadeIn&quot;,&quot;navigation&quot;:&quot;both&quot;,&quot;infinite&quot;:&quot;yes&quot;,&quot;transition&quot;:&quot;slide&quot;,&quot;transition_speed&quot;:500}\" data-widget_type=\"slides.default\">\n\t\t\t\t<div class=\"elementor-widget-container\">\n\t\t\t\t\t\t\t\t\t<div class=\"elementor-swiper\">\n\t\t\t\t\t<div class=\"elementor-slides-wrapper elementor-main-swiper swiper\" role=\"region\" aria-roledescription=\"carousel\" aria-label=\"Slides\" dir=\"ltr\" data-animation=\"fadeInUp\">\n\t\t\t\t<div class=\"swiper-wrapper elementor-slides\">\n\t\t\t\t\t\t\t\t\t\t<div class=\"elementor-repeater-item-5459446 swiper-slide\" role=\"group\" aria-roledescription=\"slide\"><div class=\"swiper-slide-bg\" role=\"img\" aria-label=\"home-4\"><\/div><div class=\"elementor-background-overlay\"><\/div><div class=\"swiper-slide-inner\" ><div class=\"swiper-slide-contents\"><\/div><\/div><\/div>\t\t\t\t<\/div>\n\t\t\t\t\t\t\t<\/div>\n\t\t\t\t<\/div>\n\t\t\t\t\t\t\t\t<\/div>\n\t\t\t\t<\/div>\n\t\t\t\t\t<\/div>\n\t\t<\/div>\n\t\t\t\t\t<\/div>\n\t\t<\/section>\n\t\t\t\t<section class=\"elementor-section elementor-top-section elementor-element elementor-element-606762c elementor-section-full_width elementor-section-height-default elementor-section-height-default\" data-id=\"606762c\" data-element_type=\"section\" data-e-type=\"section\">\n\t\t\t\t\t\t<div class=\"elementor-container elementor-column-gap-default\">\n\t\t\t\t\t<div class=\"elementor-column elementor-col-100 elementor-top-column elementor-element elementor-element-388839d\" data-id=\"388839d\" data-element_type=\"column\" data-e-type=\"column\">\n\t\t\t<div class=\"elementor-widget-wrap elementor-element-populated\">\n\t\t\t\t\t\t<section class=\"elementor-section elementor-inner-section elementor-element elementor-element-b36c93d elementor-section-boxed elementor-section-height-default elementor-section-height-default\" data-id=\"b36c93d\" data-element_type=\"section\" data-e-type=\"section\">\n\t\t\t\t\t\t<div class=\"elementor-container elementor-column-gap-default\">\n\t\t\t\t\t<div class=\"elementor-column elementor-col-50 elementor-inner-column elementor-element elementor-element-c14e7a9\" data-id=\"c14e7a9\" data-element_type=\"column\" data-e-type=\"column\">\n\t\t\t<div class=\"elementor-widget-wrap elementor-element-populated\">\n\t\t\t\t\t\t<div class=\"elementor-element elementor-element-3a7b31d elementor-widget elementor-widget-html\" data-id=\"3a7b31d\" data-element_type=\"widget\" data-e-type=\"widget\" data-widget_type=\"html.default\">\n\t\t\t\t<div class=\"elementor-widget-container\">\n\t\t\t\t\t    <div class=\"titulo-seccion-lc\"><h1><span>Canal \u00c9tico<\/span><\/h1><\/div>\t\t\t\t<\/div>\n\t\t\t\t<\/div>\n\t\t\t\t<div class=\"elementor-element elementor-element-7f00761 elementor-widget elementor-widget-text-editor\" data-id=\"7f00761\" data-element_type=\"widget\" data-e-type=\"widget\" data-widget_type=\"text-editor.default\">\n\t\t\t\t<div class=\"elementor-widget-container\">\n\t\t\t\t\t\t\t\t\t<p>Este canal est\u00e1 dedicado exclusivamente \u00e0 apresenta\u00e7\u00e3o de den\u00fancias por incumprimentos legais da organiza\u00e7\u00e3o ou das suas pessoas integrantes, nos termos e condi\u00e7\u00f5es da Lei 2\/2023, de 20 de fevereiro, que regulamenta a prote\u00e7\u00e3o das pessoas que denunciam infra\u00e7\u00f5es regulat\u00f3rias e de luta contra a corrup\u00e7\u00e3o.<\/p><p>Para qualquer d\u00favida sobre outros assuntos, pode entrar em contacto connosco atrav\u00e9s de outros canais dispon\u00edveis na p\u00e1gina da Web.<\/p><p><span style=\"color: #ff0000;\"><strong>O que s\u00e3o considerados incumprimentos regulat\u00f3rios?<\/strong><\/span><\/p><p>Sem inten\u00e7\u00f5es excludentes ou limitantes, s\u00e3o considerados:<\/p><ul><li>Fraudes e golpes<\/li><li>Branqueamento de capitais<\/li><li>Evas\u00e3o ou sonega\u00e7\u00e3o fiscal<\/li><li>Crimes contra a propriedade intelectual ou industrial<\/li><li>Concorr\u00eancia desleal<\/li><li>Crimes contra o mercado ou consumidores<\/li><li>Corrup\u00e7\u00e3o interna<\/li><li>Irregularidades com a seguran\u00e7a social ou com a administra\u00e7\u00e3o fiscal<\/li><li>Incumprimento da regulamenta\u00e7\u00e3o sobre prote\u00e7\u00e3o de dados<\/li><li>Revela\u00e7\u00e3o de segredos empresariais<\/li><li>Malversa\u00e7\u00e3o<\/li><li>Crimes contra o ambiente e a sa\u00fade p\u00fablica<\/li><li>Viola\u00e7\u00e3o dos direitos dos trabalhadores<\/li><\/ul><p><strong><span style=\"color: #ff0000;\">Algumas das situa\u00e7\u00f5es que poderiam ser denunciadas desta forma s\u00e3o:<\/span><\/strong><\/p><ul><li>poss\u00edveis condutas e comportamentos considerados ilegais em rela\u00e7\u00e3o ao desempenho do trabalho,<\/li><li>suposta gest\u00e3o lucrativa dos recursos da empresa,<\/li><li>situa\u00e7\u00f5es de discrimina\u00e7\u00e3o ou abuso sexual,<\/li><li>pr\u00e1ticas de corrup\u00e7\u00e3o, roubos, fraudes, etc.<\/li><\/ul><div style=\"text-align: left;\">\u00a0<\/div>\t\t\t\t\t\t\t\t<\/div>\n\t\t\t\t<\/div>\n\t\t\t\t<div class=\"elementor-element elementor-element-e9eaeb4 elementor-widget elementor-widget-spacer\" data-id=\"e9eaeb4\" data-element_type=\"widget\" data-e-type=\"widget\" data-widget_type=\"spacer.default\">\n\t\t\t\t<div class=\"elementor-widget-container\">\n\t\t\t\t\t\t\t<div class=\"elementor-spacer\">\n\t\t\t<div class=\"elementor-spacer-inner\"><\/div>\n\t\t<\/div>\n\t\t\t\t\t\t<\/div>\n\t\t\t\t<\/div>\n\t\t\t\t\t<\/div>\n\t\t<\/div>\n\t\t\t\t<div class=\"elementor-column elementor-col-50 elementor-inner-column elementor-element elementor-element-61ac03b\" data-id=\"61ac03b\" data-element_type=\"column\" data-e-type=\"column\">\n\t\t\t<div class=\"elementor-widget-wrap elementor-element-populated\">\n\t\t\t\t\t\t<div class=\"elementor-element elementor-element-97c464d elementor-widget elementor-widget-html\" data-id=\"97c464d\" data-element_type=\"widget\" data-e-type=\"widget\" data-widget_type=\"html.default\">\n\t\t\t\t<div class=\"elementor-widget-container\">\n\t\t\t\t\t<\/br>\n<\/br>\n<\/br>\n<\/br>\n<\/br>\n\t\t\t\t<\/div>\n\t\t\t\t<\/div>\n\t\t\t\t<div class=\"elementor-element elementor-element-5925b46 elementor-widget elementor-widget-text-editor\" data-id=\"5925b46\" data-element_type=\"widget\" data-e-type=\"widget\" data-widget_type=\"text-editor.default\">\n\t\t\t\t<div class=\"elementor-widget-container\">\n\t\t\t\t\t\t\t\t\t<p><span style=\"color: #ff0000;\"><strong>Quem pode apresentar uma comunica\u00e7\u00e3o?<\/strong><\/span><\/p><p>Qualquer pessoa da empresa e aquelas pessoas externas que estejam ou tenham estado ligadas ou relacionadas com a mesma no \u00e2mbito profissional ou de trabalho.\u00a0<\/p><p><span style=\"color: #ff0000;\"><strong>Como posso fazer uma comunica\u00e7\u00e3o?<\/strong><\/span><\/p><p>Pode ser feita verbalmente, por escrito ou pessoalmente, seguindo as etapas indicadas no formul\u00e1rio do Canal confidencial de den\u00fancias. A comunica\u00e7\u00e3o tamb\u00e9m pode ser an\u00f3nima.<\/p><p><span style=\"color: #ff0000;\"><strong>Como a comunica\u00e7\u00e3o ser\u00e1 processada?<\/strong><\/span><\/p><p>Ser\u00e1 processada garantindo a confidencialidade e a proibi\u00e7\u00e3o de repres\u00e1lias \u00e0 pessoa informante.<\/p><p><span style=\"color: #ff0000;\"><strong>Que princ\u00edpios assistem \u00e0 pessoa informante?<\/strong><\/span><\/p><p>O sistema interno de informa\u00e7\u00f5es inclui as garantias de confidencialidade, n\u00e3o retalia\u00e7\u00e3o, respeito pela independ\u00eancia, prote\u00e7\u00e3o de dados, sigilo das comunica\u00e7\u00f5es e boas pr\u00e1ticas de acompanhamento, investiga\u00e7\u00e3o e prote\u00e7\u00e3o da pessoa informante.<\/p>\t\t\t\t\t\t\t\t<\/div>\n\t\t\t\t<\/div>\n\t\t\t\t<div class=\"elementor-element elementor-element-40e0e3d elementor-align-left elementor-widget elementor-widget-button\" data-id=\"40e0e3d\" data-element_type=\"widget\" data-e-type=\"widget\" data-widget_type=\"button.default\">\n\t\t\t\t<div class=\"elementor-widget-container\">\n\t\t\t\t\t\t\t\t\t<div class=\"elementor-button-wrapper\">\n\t\t\t\t\t<a class=\"elementor-button elementor-button-link elementor-size-md\" href=\"https:\/\/canal-etico.lant-abogados.com\/Specific\/MVistaPublica?codiClient=MDA0MTA5&#038;secure=382775.0\">\n\t\t\t\t\t\t<span class=\"elementor-button-content-wrapper\">\n\t\t\t\t\t\t\t\t\t<span class=\"elementor-button-text\">ACESSO AO CANAL \u00c9TICO<\/span>\n\t\t\t\t\t<\/span>\n\t\t\t\t\t<\/a>\n\t\t\t\t<\/div>\n\t\t\t\t\t\t\t\t<\/div>\n\t\t\t\t<\/div>\n\t\t\t\t<div class=\"elementor-element elementor-element-b58edc5 elementor-widget elementor-widget-text-editor\" data-id=\"b58edc5\" data-element_type=\"widget\" data-e-type=\"widget\" data-widget_type=\"text-editor.default\">\n\t\t\t\t<div class=\"elementor-widget-container\">\n\t\t\t\t\t\t\t\t\t<p><strong>E-MAIL:<\/strong><span style=\"color: #000000;\"> <a style=\"color: #000000;\" href=\"mailto:balat@linea-etica.es\">balat@linea-etica.es<\/a><\/span><\/p>\t\t\t\t\t\t\t\t<\/div>\n\t\t\t\t<\/div>\n\t\t\t\t\t<\/div>\n\t\t<\/div>\n\t\t\t\t\t<\/div>\n\t\t<\/section>\n\t\t\t\t\t<\/div>\n\t\t<\/div>\n\t\t\t\t\t<\/div>\n\t\t<\/section>\n\t\t\t\t<\/div>\n\t\t","protected":false},"excerpt":{"rendered":"<p>Canal \u00c9tico Este canal est\u00e1 dedicado exclusivamente \u00e0 apresenta\u00e7\u00e3o de den\u00fancias por incumprimentos legais da organiza\u00e7\u00e3o ou das suas pessoas integrantes, nos termos e condi\u00e7\u00f5es da Lei 2\/2023, de 20 de fevereiro, que regulamenta a prote\u00e7\u00e3o das pessoas que denunciam infra\u00e7\u00f5es regulat\u00f3rias e de luta contra a corrup\u00e7\u00e3o. Para qualquer d\u00favida sobre outros assuntos, pode [&hellip;]<\/p>\n","protected":false},"author":2,"featured_media":0,"parent":0,"menu_order":0,"comment_status":"closed","ping_status":"closed","template":"","meta":{"footnotes":""},"class_list":["post-14542","page","type-page","status-publish","hentry"],"yoast_head":"<!-- This site is optimized with the Yoast SEO plugin v27.1.1 - https:\/\/yoast.com\/product\/yoast-seo-wordpress\/ -->\n<title>Canal \u00c9tico - Balat<\/title>\n<meta name=\"description\" content=\"Balat es una empresa especializada en la venta y el alquiler de m\u00f3dulos prefabricados con sede en Navarra (Espa\u00f1a)\" \/>\n<meta name=\"robots\" content=\"index, follow, max-snippet:-1, max-image-preview:large, max-video-preview:-1\" \/>\n<link rel=\"canonical\" href=\"https:\/\/balat.com\/pt\/canal-etico\/\" \/>\n<meta property=\"og:locale\" content=\"pt_PT\" \/>\n<meta property=\"og:type\" content=\"article\" \/>\n<meta property=\"og:title\" content=\"Canal \u00c9tico - Balat\" \/>\n<meta property=\"og:description\" content=\"Balat es una empresa especializada en la venta y el alquiler de m\u00f3dulos prefabricados con sede en Navarra (Espa\u00f1a)\" \/>\n<meta property=\"og:url\" content=\"https:\/\/balat.com\/pt\/canal-etico\/\" \/>\n<meta property=\"og:site_name\" content=\"Balat\" \/>\n<meta property=\"article:publisher\" content=\"https:\/\/www.facebook.com\/BalatModulos\" \/>\n<meta property=\"article:modified_time\" content=\"2023-11-08T15:26:37+00:00\" \/>\n<meta name=\"twitter:card\" content=\"summary_large_image\" \/>\n<meta name=\"twitter:site\" content=\"@BalatModulos\" \/>\n<meta name=\"twitter:label1\" content=\"Est. reading time\" \/>\n\t<meta name=\"twitter:data1\" content=\"2 minutes\" \/>\n<script type=\"application\/ld+json\" class=\"yoast-schema-graph\">{\"@context\":\"https:\/\/schema.org\",\"@graph\":[{\"@type\":\"WebPage\",\"@id\":\"https:\/\/balat.com\/pt\/canal-etico\/\",\"url\":\"https:\/\/balat.com\/pt\/canal-etico\/\",\"name\":\"Canal \u00c9tico - Balat\",\"isPartOf\":{\"@id\":\"https:\/\/balat.com\/pt\/#website\"},\"datePublished\":\"2023-11-08T12:41:01+00:00\",\"dateModified\":\"2023-11-08T15:26:37+00:00\",\"description\":\"Balat es una empresa especializada en la venta y el alquiler de m\u00f3dulos prefabricados con sede en Navarra (Espa\u00f1a)\",\"inLanguage\":\"pt-PT-ao90\",\"potentialAction\":[{\"@type\":\"ReadAction\",\"target\":[\"https:\/\/balat.com\/pt\/canal-etico\/\"]}]},{\"@type\":\"WebSite\",\"@id\":\"https:\/\/balat.com\/pt\/#website\",\"url\":\"https:\/\/balat.com\/pt\/\",\"name\":\"Balat\",\"description\":\"M\u00f3dulos prefabricados, Casetas de Obra, Construcci\u00f3n Modular.\",\"publisher\":{\"@id\":\"https:\/\/balat.com\/pt\/#organization\"},\"potentialAction\":[{\"@type\":\"SearchAction\",\"target\":{\"@type\":\"EntryPoint\",\"urlTemplate\":\"https:\/\/balat.com\/pt\/?s={search_term_string}\"},\"query-input\":{\"@type\":\"PropertyValueSpecification\",\"valueRequired\":true,\"valueName\":\"search_term_string\"}}],\"inLanguage\":\"pt-PT-ao90\"},{\"@type\":\"Organization\",\"@id\":\"https:\/\/balat.com\/pt\/#organization\",\"name\":\"Balat\",\"url\":\"https:\/\/balat.com\/pt\/\",\"logo\":{\"@type\":\"ImageObject\",\"inLanguage\":\"pt-PT-ao90\",\"@id\":\"https:\/\/balat.com\/pt\/#\/schema\/logo\/image\/\",\"url\":\"https:\/\/balat.com\/wp-content\/uploads\/2021\/06\/logo-balat.svg\",\"contentUrl\":\"https:\/\/balat.com\/wp-content\/uploads\/2021\/06\/logo-balat.svg\",\"width\":\"1024\",\"height\":\"1024\",\"caption\":\"Balat\"},\"image\":{\"@id\":\"https:\/\/balat.com\/pt\/#\/schema\/logo\/image\/\"},\"sameAs\":[\"https:\/\/www.facebook.com\/BalatModulos\",\"https:\/\/x.com\/BalatModulos\",\"https:\/\/www.linkedin.com\/company\/balat-alquibalat-\/\",\"https:\/\/www.youtube.com\/user\/PrefabricadosBALAT\"]}]}<\/script>\n<!-- \/ Yoast SEO plugin. -->","yoast_head_json":{"title":"Canal \u00c9tico - Balat","description":"Balat es una empresa especializada en la venta y el alquiler de m\u00f3dulos prefabricados con sede en Navarra (Espa\u00f1a)","robots":{"index":"index","follow":"follow","max-snippet":"max-snippet:-1","max-image-preview":"max-image-preview:large","max-video-preview":"max-video-preview:-1"},"canonical":"https:\/\/balat.com\/pt\/canal-etico\/","og_locale":"pt_PT","og_type":"article","og_title":"Canal \u00c9tico - Balat","og_description":"Balat es una empresa especializada en la venta y el alquiler de m\u00f3dulos prefabricados con sede en Navarra (Espa\u00f1a)","og_url":"https:\/\/balat.com\/pt\/canal-etico\/","og_site_name":"Balat","article_publisher":"https:\/\/www.facebook.com\/BalatModulos","article_modified_time":"2023-11-08T15:26:37+00:00","twitter_card":"summary_large_image","twitter_site":"@BalatModulos","twitter_misc":{"Est. reading time":"2 minutes"},"schema":{"@context":"https:\/\/schema.org","@graph":[{"@type":"WebPage","@id":"https:\/\/balat.com\/pt\/canal-etico\/","url":"https:\/\/balat.com\/pt\/canal-etico\/","name":"Canal \u00c9tico - Balat","isPartOf":{"@id":"https:\/\/balat.com\/pt\/#website"},"datePublished":"2023-11-08T12:41:01+00:00","dateModified":"2023-11-08T15:26:37+00:00","description":"Balat es una empresa especializada en la venta y el alquiler de m\u00f3dulos prefabricados con sede en Navarra (Espa\u00f1a)","inLanguage":"pt-PT-ao90","potentialAction":[{"@type":"ReadAction","target":["https:\/\/balat.com\/pt\/canal-etico\/"]}]},{"@type":"WebSite","@id":"https:\/\/balat.com\/pt\/#website","url":"https:\/\/balat.com\/pt\/","name":"Balat","description":"M\u00f3dulos prefabricados, Casetas de Obra, Construcci\u00f3n Modular.","publisher":{"@id":"https:\/\/balat.com\/pt\/#organization"},"potentialAction":[{"@type":"SearchAction","target":{"@type":"EntryPoint","urlTemplate":"https:\/\/balat.com\/pt\/?s={search_term_string}"},"query-input":{"@type":"PropertyValueSpecification","valueRequired":true,"valueName":"search_term_string"}}],"inLanguage":"pt-PT-ao90"},{"@type":"Organization","@id":"https:\/\/balat.com\/pt\/#organization","name":"Balat","url":"https:\/\/balat.com\/pt\/","logo":{"@type":"ImageObject","inLanguage":"pt-PT-ao90","@id":"https:\/\/balat.com\/pt\/#\/schema\/logo\/image\/","url":"https:\/\/balat.com\/wp-content\/uploads\/2021\/06\/logo-balat.svg","contentUrl":"https:\/\/balat.com\/wp-content\/uploads\/2021\/06\/logo-balat.svg","width":"1024","height":"1024","caption":"Balat"},"image":{"@id":"https:\/\/balat.com\/pt\/#\/schema\/logo\/image\/"},"sameAs":["https:\/\/www.facebook.com\/BalatModulos","https:\/\/x.com\/BalatModulos","https:\/\/www.linkedin.com\/company\/balat-alquibalat-\/","https:\/\/www.youtube.com\/user\/PrefabricadosBALAT"]}]}},"_links":{"self":[{"href":"https:\/\/balat.com\/pt\/wp-json\/wp\/v2\/pages\/14542","targetHints":{"allow":["GET"]}}],"collection":[{"href":"https:\/\/balat.com\/pt\/wp-json\/wp\/v2\/pages"}],"about":[{"href":"https:\/\/balat.com\/pt\/wp-json\/wp\/v2\/types\/page"}],"author":[{"embeddable":true,"href":"https:\/\/balat.com\/pt\/wp-json\/wp\/v2\/users\/2"}],"replies":[{"embeddable":true,"href":"https:\/\/balat.com\/pt\/wp-json\/wp\/v2\/comments?post=14542"}],"version-history":[{"count":3,"href":"https:\/\/balat.com\/pt\/wp-json\/wp\/v2\/pages\/14542\/revisions"}],"predecessor-version":[{"id":14567,"href":"https:\/\/balat.com\/pt\/wp-json\/wp\/v2\/pages\/14542\/revisions\/14567"}],"wp:attachment":[{"href":"https:\/\/balat.com\/pt\/wp-json\/wp\/v2\/media?parent=14542"}],"curies":[{"name":"wp","href":"https:\/\/api.w.org\/{rel}","templated":true}]}}