{"id":4531,"date":"2021-10-04T12:44:53","date_gmt":"2021-10-04T12:44:53","guid":{"rendered":"https:\/\/balat.com\/?page_id=4531"},"modified":"2021-10-18T08:44:33","modified_gmt":"2021-10-18T08:44:33","slug":"politique-de-cookies","status":"publish","type":"page","link":"https:\/\/balat.com\/fr\/politique-de-cookies\/","title":{"rendered":"Politique de cookies"},"content":{"rendered":"\t\t<div data-elementor-type=\"wp-page\" data-elementor-id=\"4531\" class=\"elementor elementor-4531 elementor-1758\" data-elementor-post-type=\"page\">\n\t\t\t\t\t\t<section class=\"elementor-section elementor-top-section elementor-element elementor-element-606762c elementor-section-boxed elementor-section-height-default elementor-section-height-default\" data-id=\"606762c\" data-element_type=\"section\" data-e-type=\"section\" data-settings=\"{&quot;background_background&quot;:&quot;classic&quot;}\">\n\t\t\t\t\t\t\t<div class=\"elementor-background-overlay\"><\/div>\n\t\t\t\t\t\t\t<div class=\"elementor-container elementor-column-gap-default\">\n\t\t\t\t\t<div class=\"elementor-column elementor-col-100 elementor-top-column elementor-element elementor-element-388839d\" data-id=\"388839d\" data-element_type=\"column\" data-e-type=\"column\">\n\t\t\t<div class=\"elementor-widget-wrap elementor-element-populated\">\n\t\t\t\t\t\t<div class=\"elementor-element elementor-element-e83088f elementor-widget elementor-widget-spacer\" data-id=\"e83088f\" data-element_type=\"widget\" data-e-type=\"widget\" data-widget_type=\"spacer.default\">\n\t\t\t\t<div class=\"elementor-widget-container\">\n\t\t\t\t\t\t\t<div class=\"elementor-spacer\">\n\t\t\t<div class=\"elementor-spacer-inner\"><\/div>\n\t\t<\/div>\n\t\t\t\t\t\t<\/div>\n\t\t\t\t<\/div>\n\t\t\t\t<div class=\"elementor-element elementor-element-d62b38b elementor-widget elementor-widget-html\" data-id=\"d62b38b\" data-element_type=\"widget\" data-e-type=\"widget\" data-widget_type=\"html.default\">\n\t\t\t\t<div class=\"elementor-widget-container\">\n\t\t\t\t\t<div class=\"titulo-seccion-w\"><h2><span>Politique de cookies<\/span><\/h2><\/div>\t\t\t\t<\/div>\n\t\t\t\t<\/div>\n\t\t\t\t<div class=\"elementor-element elementor-element-5dbdbc7 elementor-widget elementor-widget-spacer\" data-id=\"5dbdbc7\" data-element_type=\"widget\" data-e-type=\"widget\" data-widget_type=\"spacer.default\">\n\t\t\t\t<div class=\"elementor-widget-container\">\n\t\t\t\t\t\t\t<div class=\"elementor-spacer\">\n\t\t\t<div class=\"elementor-spacer-inner\"><\/div>\n\t\t<\/div>\n\t\t\t\t\t\t<\/div>\n\t\t\t\t<\/div>\n\t\t\t\t\t<\/div>\n\t\t<\/div>\n\t\t\t\t\t<\/div>\n\t\t<\/section>\n\t\t\t\t<section class=\"elementor-section elementor-top-section elementor-element elementor-element-894cfdf elementor-section-boxed elementor-section-height-default elementor-section-height-default\" data-id=\"894cfdf\" data-element_type=\"section\" data-e-type=\"section\">\n\t\t\t\t\t\t<div class=\"elementor-container elementor-column-gap-default\">\n\t\t\t\t\t<div class=\"elementor-column elementor-col-100 elementor-top-column elementor-element elementor-element-7c99d99\" data-id=\"7c99d99\" data-element_type=\"column\" data-e-type=\"column\">\n\t\t\t<div class=\"elementor-widget-wrap elementor-element-populated\">\n\t\t\t\t\t\t<section class=\"elementor-section elementor-inner-section elementor-element elementor-element-680ff93 elementor-section-boxed elementor-section-height-default elementor-section-height-default\" data-id=\"680ff93\" data-element_type=\"section\" data-e-type=\"section\">\n\t\t\t\t\t\t<div class=\"elementor-container elementor-column-gap-default\">\n\t\t\t\t\t<div class=\"elementor-column elementor-col-100 elementor-inner-column elementor-element elementor-element-db81e19\" data-id=\"db81e19\" data-element_type=\"column\" data-e-type=\"column\">\n\t\t\t<div class=\"elementor-widget-wrap elementor-element-populated\">\n\t\t\t\t\t\t<div class=\"elementor-element elementor-element-78ed972 elementor-widget elementor-widget-text-editor\" data-id=\"78ed972\" data-element_type=\"widget\" data-e-type=\"widget\" data-widget_type=\"text-editor.default\">\n\t\t\t\t<div class=\"elementor-widget-container\">\n\t\t\t\t\t\t\t\t\t<p>Chez Balat, nous utilisons des cookies afin de fournir un meilleur service et de vous offrir une meilleure exp\u00e9rience de navigation. Nous souhaitons vous informer de mani\u00e8re claire et pr\u00e9cise sur les cookies que nous utilisons, en d\u00e9taillant ci-dessous ce qu&#8217;est un cookie, \u00e0 quoi il sert, quels types de cookies nous utilisons, quelle est leur finalit\u00e9 et comment vous pouvez les configurer ou les d\u00e9sactiver si vous le souhaitez.<\/p><h3>\u00a0<\/h3><h3>QU&#8217;EST-CE QU&#8217;UN COOKIE ET \u200b\u200bA QUOI SERVENT-ILS?<\/h3><p>Un \u00ab\u00a0Cookie\u00a0\u00bb est un petit fichier qui est stock\u00e9 sur l&#8217;ordinateur, la tablette, le smartphone ou tout autre appareil de l&#8217;utilisateur contenant des informations sur la navigation.<\/p><p>L&#8217;ensemble de &#8220;cookies&#8221; de tous nos utilisateurs nous aide \u00e0 am\u00e9liorer la qualit\u00e9 de notre site Web, nous permettant de contr\u00f4ler quelles pages sont utiles, lesquelles ne le sont pas et lesquelles peuvent \u00eatre am\u00e9lior\u00e9es.<\/p><p>Les cookies sont essentiels au fonctionnement d&#8217;Internet, offrant d&#8217;innombrables avantages dans la fourniture de services interactifs, facilitant la navigation et la convivialit\u00e9 de notre site Web.<\/p><p>En aucun cas, les cookies ne peuvent endommager votre ordinateur. Au contraire, le fait qu&#8217;ils soient actifs nous aide \u00e0 identifier et \u00e0 r\u00e9soudre les erreurs.<\/p><h3>\u00a0<\/h3><h3>QUELS TYPES DE COOKIES UTILISONS-NOUS ?<\/h3><p><strong>Selon l&#8217;entit\u00e9 qui le g\u00e8re:<\/strong><\/p><p><strong>Cookies propres:<\/strong> ce sont ceux qui sont envoy\u00e9s \u00e0 votre ordinateur depuis nos propres ordinateurs ou domaines et \u00e0 partir desquels nous fournissons le service que vous demandez.<\/p><p><strong>Cookies tiers:<\/strong> Ce sont ceux qui sont envoy\u00e9s \u00e0 votre ordinateur depuis un ordinateur ou un domaine qui n&#8217;est pas g\u00e9r\u00e9 par nous, mais par une autre entit\u00e9 collaboratrice. Comme par exemple ceux utilis\u00e9s par les r\u00e9seaux sociaux, ou par des contenus externes comme Google Maps.<\/p><p><strong>Selon la dur\u00e9e pendant laquelle ils restent activ\u00e9s:<\/strong><\/p><p><strong>Cookies de session:<\/strong> Ce sont des cookies temporaires qui restent dans le fichier cookie de votre navigateur jusqu&#8217;\u00e0 ce que vous quittiez le site Web, donc aucun n&#8217;est enregistr\u00e9 sur le disque dur de votre ordinateur. Les informations obtenues via ces cookies sont utilis\u00e9es pour analyser les mod\u00e8les de trafic sur le Web. \u00c0 long terme, cela nous permet de fournir une meilleure exp\u00e9rience pour am\u00e9liorer le contenu et faciliter son utilisation.<\/p><p><strong>Cookies persistants:<\/strong> ils sont stock\u00e9s sur le disque dur et notre site Internet les lit \u00e0 chaque nouvelle visite. Un site Web permanent a une date d&#8217;expiration sp\u00e9cifique. Le cookie cessera de fonctionner apr\u00e8s cette date. Nous utilisons g\u00e9n\u00e9ralement ces cookies pour faciliter les services d&#8217;achat et d&#8217;enregistrement.<\/p><p><strong>Selon son objectif:<\/strong><\/p><p><strong>Cookies techniques:<\/strong> Ce sont ceux n\u00e9cessaires \u00e0 la navigation et au bon fonctionnement de notre site Internet. Ils permettent, par exemple, de contr\u00f4ler le trafic et la communication de donn\u00e9es, d&#8217;acc\u00e9der \u00e0 des parties d&#8217;acc\u00e8s restreint, d&#8217;effectuer le processus d&#8217;achat d&#8217;une commande, d&#8217;utiliser des \u00e9l\u00e9ments de s\u00e9curit\u00e9, de stocker du contenu pour pouvoir diffuser des vid\u00e9os ou partager du contenu via les r\u00e9seaux sociaux.<\/p><p><strong>Cookies de personnalisation:<\/strong> Ce sont ceux qui vous permettent d&#8217;acc\u00e9der au service avec des caract\u00e9ristiques pr\u00e9d\u00e9finies en fonction d&#8217;une s\u00e9rie de crit\u00e8res, tels que la langue, le type de navigateur via lequel le service est accessible, la configuration r\u00e9gionale \u00e0 partir de laquelle il est accessible. , etc.<\/p><p><strong>Cookies d&#8217;analyse:<\/strong> Ce sont ceux qui nous permettent de quantifier le nombre d&#8217;utilisateurs et ainsi effectuer la mesure statistique et l&#8217;analyse de l&#8217;utilisation que les utilisateurs font des services fournis.<br \/>Pour cela, votre navigation sur notre site internet est analys\u00e9e afin d&#8217;am\u00e9liorer l&#8217;offre de produits et services que nous proposons.<\/p><p><strong>Cookies publicitaires:<\/strong> Ce sont ceux qui permettent la gestion, de la mani\u00e8re la plus efficace possible, des espaces publicitaires qui pourraient \u00eatre inclus sur notre site Internet.<\/p><p><strong>Cookies de publicit\u00e9 comportementale:<\/strong> ces cookies stockent des informations sur le comportement des utilisateurs obtenues gr\u00e2ce \u00e0 une observation continue. Gr\u00e2ce \u00e0 eux, nous pouvons conna\u00eetre vos habitudes de navigation sur Internet et vous montrer des publicit\u00e9s li\u00e9es \u00e0 votre profil de navigation.<\/p><p><strong>Cookies utilis\u00e9s:<\/strong> Les cookies utilis\u00e9s par ce site Web sont constamment mis \u00e0 jour et r\u00e9pertori\u00e9s dans le plugin de gestion des cookies accessible lors du premier acc\u00e8s au site, ou via le bouton flottant en bas \u00e0 gauche du site Web (lorsque le panneau des cookies est minimis\u00e9).<\/p><h3>\u00a0<\/h3><h3>COMMENT CONFIGURER OU D\u00c9SACTIVER VOS COOKIES?<\/h3><p>Vous pouvez autoriser ou bloquer les cookies li\u00e9s \u00e0 ce site Web via la bo\u00eete de gestion des cookies fournie. S&#8217;il a \u00e9t\u00e9 minimis\u00e9, il peut \u00eatre consult\u00e9 via le bouton flottant en bas \u00e0 gauche.<\/p><p>De plus, vous pouvez autoriser, bloquer ou supprimer les cookies install\u00e9s sur votre ordinateur en configurant les options de votre navigateur Internet. Si vous n&#8217;autorisez pas l&#8217;installation de cookies dans votre navigateur, il se peut que vous ne puissiez pas acc\u00e9der \u00e0 certains services et que votre exp\u00e9rience sur notre site Web soit moins satisfaisante.<\/p><p><strong>Cookies d\u00e9sactiv\u00e9s dans chaque navigateur:<\/strong><\/p><p><strong>Google Chrome:<\/strong> Param\u00e8tres -&gt; Afficher les options avanc\u00e9es -&gt; Confidentialit\u00e9 -&gt; Param\u00e8tres de contenu.<br \/>Pour plus d&#8217;informations, vous pouvez consulter le support Google ou l&#8217;aide du navigateur.<\/p><p><strong>Mozilla Firefox:<\/strong> Outils -&gt; Options -&gt; Confidentialit\u00e9 -&gt; Historique -&gt; Param\u00e8tres personnalis\u00e9s.<br \/>Pour plus d&#8217;informations, vous pouvez consulter le support Mozilla ou l&#8217;aide du navigateur.<\/p><p><strong>Internet Explorer:<\/strong> Outils -&gt; Options Internet -&gt; Confidentialit\u00e9 -&gt; Param\u00e8tres.<br \/>Pour plus d&#8217;informations, vous pouvez consulter le support Microsoft ou l&#8217;aide du navigateur.<\/p><p><strong>Safari:<\/strong> Pr\u00e9f\u00e9rences -&gt; S\u00e9curit\u00e9.<br \/>Pour plus d&#8217;informations, vous pouvez consulter l&#8217;assistance Apple ou l&#8217;aide du navigateur.<\/p><p><strong>Safari pour IOS<\/strong> (iPhone et iPad): Param\u00e8tres &gt; Safari &gt; Bloquer les cookies<br \/>Pour plus d&#8217;informations, vous pouvez consulter l&#8217;assistance Apple ou l&#8217;aide du navigateur.<\/p><p><strong>Chrome pour Android et Iphone ou Ipad: <\/strong>Pour plus d&#8217;informations, vous pouvez consulter le support Google ou l&#8217;aide du navigateur.<\/p><p>\u00a0<\/p><h3>QUE SE PASSE-T-IL SI LES COOKIES SONT D\u00c9SACTIV\u00c9S<\/h3><p>Certaines fonctionnalit\u00e9s des Services seront d\u00e9sactiv\u00e9es, comme, par exemple, rester identifi\u00e9, recevoir des informations dirig\u00e9es vers votre localisation ou la visualisation de certaines vid\u00e9os.<\/p>\t\t\t\t\t\t\t\t<\/div>\n\t\t\t\t<\/div>\n\t\t\t\t\t<\/div>\n\t\t<\/div>\n\t\t\t\t\t<\/div>\n\t\t<\/section>\n\t\t\t\t\t<\/div>\n\t\t<\/div>\n\t\t\t\t\t<\/div>\n\t\t<\/section>\n\t\t\t\t<\/div>\n\t\t","protected":false},"excerpt":{"rendered":"<p>Politique de cookies Chez Balat, nous utilisons des cookies afin de fournir un meilleur service et de vous offrir une meilleure exp\u00e9rience de navigation. Nous souhaitons vous informer de mani\u00e8re claire et pr\u00e9cise sur les cookies que nous utilisons, en d\u00e9taillant ci-dessous ce qu&#8217;est un cookie, \u00e0 quoi il sert, quels types de cookies nous [&hellip;]<\/p>\n","protected":false},"author":2,"featured_media":0,"parent":0,"menu_order":0,"comment_status":"closed","ping_status":"closed","template":"","meta":{"footnotes":""},"class_list":["post-4531","page","type-page","status-publish","hentry"],"yoast_head":"<!-- This site is optimized with the Yoast SEO plugin v27.1.1 - https:\/\/yoast.com\/product\/yoast-seo-wordpress\/ -->\n<title>Politique de cookies - Balat<\/title>\n<meta name=\"robots\" content=\"noindex, follow\" \/>\n<meta property=\"og:locale\" content=\"fr_FR\" \/>\n<meta property=\"og:type\" content=\"article\" \/>\n<meta property=\"og:title\" content=\"Politique de cookies - Balat\" \/>\n<meta property=\"og:description\" content=\"Politique de cookies Chez Balat, nous utilisons des cookies afin de fournir un meilleur service et de vous offrir une meilleure exp\u00e9rience de navigation. Nous souhaitons vous informer de mani\u00e8re claire et pr\u00e9cise sur les cookies que nous utilisons, en d\u00e9taillant ci-dessous ce qu&#8217;est un cookie, \u00e0 quoi il sert, quels types de cookies nous [&hellip;]\" \/>\n<meta property=\"og:url\" content=\"https:\/\/balat.com\/fr\/politique-de-cookies\/\" \/>\n<meta property=\"og:site_name\" content=\"Balat\" \/>\n<meta property=\"article:publisher\" content=\"https:\/\/www.facebook.com\/BalatModulos\" \/>\n<meta property=\"article:modified_time\" content=\"2021-10-18T08:44:33+00:00\" \/>\n<meta name=\"twitter:card\" content=\"summary_large_image\" \/>\n<meta name=\"twitter:site\" content=\"@BalatModulos\" \/>\n<meta name=\"twitter:label1\" content=\"Est. reading time\" \/>\n\t<meta name=\"twitter:data1\" content=\"5 minutes\" \/>\n<script type=\"application\/ld+json\" class=\"yoast-schema-graph\">{\"@context\":\"https:\/\/schema.org\",\"@graph\":[{\"@type\":\"WebPage\",\"@id\":\"https:\/\/balat.com\/fr\/politique-de-cookies\/\",\"url\":\"https:\/\/balat.com\/fr\/politique-de-cookies\/\",\"name\":\"Politique de cookies - Balat\",\"isPartOf\":{\"@id\":\"https:\/\/balat.com\/fr\/#website\"},\"datePublished\":\"2021-10-04T12:44:53+00:00\",\"dateModified\":\"2021-10-18T08:44:33+00:00\",\"inLanguage\":\"fr-FR\",\"potentialAction\":[{\"@type\":\"ReadAction\",\"target\":[\"https:\/\/balat.com\/fr\/politique-de-cookies\/\"]}]},{\"@type\":\"WebSite\",\"@id\":\"https:\/\/balat.com\/fr\/#website\",\"url\":\"https:\/\/balat.com\/fr\/\",\"name\":\"Balat\",\"description\":\"M\u00f3dulos prefabricados, Casetas de Obra, Construcci\u00f3n Modular.\",\"publisher\":{\"@id\":\"https:\/\/balat.com\/fr\/#organization\"},\"potentialAction\":[{\"@type\":\"SearchAction\",\"target\":{\"@type\":\"EntryPoint\",\"urlTemplate\":\"https:\/\/balat.com\/fr\/?s={search_term_string}\"},\"query-input\":{\"@type\":\"PropertyValueSpecification\",\"valueRequired\":true,\"valueName\":\"search_term_string\"}}],\"inLanguage\":\"fr-FR\"},{\"@type\":\"Organization\",\"@id\":\"https:\/\/balat.com\/fr\/#organization\",\"name\":\"Balat\",\"url\":\"https:\/\/balat.com\/fr\/\",\"logo\":{\"@type\":\"ImageObject\",\"inLanguage\":\"fr-FR\",\"@id\":\"https:\/\/balat.com\/fr\/#\/schema\/logo\/image\/\",\"url\":\"https:\/\/balat.com\/wp-content\/uploads\/2021\/06\/logo-balat.svg\",\"contentUrl\":\"https:\/\/balat.com\/wp-content\/uploads\/2021\/06\/logo-balat.svg\",\"width\":\"1024\",\"height\":\"1024\",\"caption\":\"Balat\"},\"image\":{\"@id\":\"https:\/\/balat.com\/fr\/#\/schema\/logo\/image\/\"},\"sameAs\":[\"https:\/\/www.facebook.com\/BalatModulos\",\"https:\/\/x.com\/BalatModulos\",\"https:\/\/www.linkedin.com\/company\/balat-alquibalat-\/\",\"https:\/\/www.youtube.com\/user\/PrefabricadosBALAT\"]}]}<\/script>\n<!-- \/ Yoast SEO plugin. -->","yoast_head_json":{"title":"Politique de cookies - Balat","robots":{"index":"noindex","follow":"follow"},"og_locale":"fr_FR","og_type":"article","og_title":"Politique de cookies - Balat","og_description":"Politique de cookies Chez Balat, nous utilisons des cookies afin de fournir un meilleur service et de vous offrir une meilleure exp\u00e9rience de navigation. Nous souhaitons vous informer de mani\u00e8re claire et pr\u00e9cise sur les cookies que nous utilisons, en d\u00e9taillant ci-dessous ce qu&#8217;est un cookie, \u00e0 quoi il sert, quels types de cookies nous [&hellip;]","og_url":"https:\/\/balat.com\/fr\/politique-de-cookies\/","og_site_name":"Balat","article_publisher":"https:\/\/www.facebook.com\/BalatModulos","article_modified_time":"2021-10-18T08:44:33+00:00","twitter_card":"summary_large_image","twitter_site":"@BalatModulos","twitter_misc":{"Est. reading time":"5 minutes"},"schema":{"@context":"https:\/\/schema.org","@graph":[{"@type":"WebPage","@id":"https:\/\/balat.com\/fr\/politique-de-cookies\/","url":"https:\/\/balat.com\/fr\/politique-de-cookies\/","name":"Politique de cookies - Balat","isPartOf":{"@id":"https:\/\/balat.com\/fr\/#website"},"datePublished":"2021-10-04T12:44:53+00:00","dateModified":"2021-10-18T08:44:33+00:00","inLanguage":"fr-FR","potentialAction":[{"@type":"ReadAction","target":["https:\/\/balat.com\/fr\/politique-de-cookies\/"]}]},{"@type":"WebSite","@id":"https:\/\/balat.com\/fr\/#website","url":"https:\/\/balat.com\/fr\/","name":"Balat","description":"M\u00f3dulos prefabricados, Casetas de Obra, Construcci\u00f3n Modular.","publisher":{"@id":"https:\/\/balat.com\/fr\/#organization"},"potentialAction":[{"@type":"SearchAction","target":{"@type":"EntryPoint","urlTemplate":"https:\/\/balat.com\/fr\/?s={search_term_string}"},"query-input":{"@type":"PropertyValueSpecification","valueRequired":true,"valueName":"search_term_string"}}],"inLanguage":"fr-FR"},{"@type":"Organization","@id":"https:\/\/balat.com\/fr\/#organization","name":"Balat","url":"https:\/\/balat.com\/fr\/","logo":{"@type":"ImageObject","inLanguage":"fr-FR","@id":"https:\/\/balat.com\/fr\/#\/schema\/logo\/image\/","url":"https:\/\/balat.com\/wp-content\/uploads\/2021\/06\/logo-balat.svg","contentUrl":"https:\/\/balat.com\/wp-content\/uploads\/2021\/06\/logo-balat.svg","width":"1024","height":"1024","caption":"Balat"},"image":{"@id":"https:\/\/balat.com\/fr\/#\/schema\/logo\/image\/"},"sameAs":["https:\/\/www.facebook.com\/BalatModulos","https:\/\/x.com\/BalatModulos","https:\/\/www.linkedin.com\/company\/balat-alquibalat-\/","https:\/\/www.youtube.com\/user\/PrefabricadosBALAT"]}]}},"_links":{"self":[{"href":"https:\/\/balat.com\/fr\/wp-json\/wp\/v2\/pages\/4531","targetHints":{"allow":["GET"]}}],"collection":[{"href":"https:\/\/balat.com\/fr\/wp-json\/wp\/v2\/pages"}],"about":[{"href":"https:\/\/balat.com\/fr\/wp-json\/wp\/v2\/types\/page"}],"author":[{"embeddable":true,"href":"https:\/\/balat.com\/fr\/wp-json\/wp\/v2\/users\/2"}],"replies":[{"embeddable":true,"href":"https:\/\/balat.com\/fr\/wp-json\/wp\/v2\/comments?post=4531"}],"version-history":[{"count":3,"href":"https:\/\/balat.com\/fr\/wp-json\/wp\/v2\/pages\/4531\/revisions"}],"predecessor-version":[{"id":4990,"href":"https:\/\/balat.com\/fr\/wp-json\/wp\/v2\/pages\/4531\/revisions\/4990"}],"wp:attachment":[{"href":"https:\/\/balat.com\/fr\/wp-json\/wp\/v2\/media?parent=4531"}],"curies":[{"name":"wp","href":"https:\/\/api.w.org\/{rel}","templated":true}]}}