{"id":4498,"date":"2021-10-04T12:43:00","date_gmt":"2021-10-04T12:43:00","guid":{"rendered":"https:\/\/balat.com\/?page_id=4498"},"modified":"2021-10-21T11:22:26","modified_gmt":"2021-10-21T11:22:26","slug":"pieces","status":"publish","type":"page","link":"https:\/\/balat.com\/fr\/pieces\/","title":{"rendered":"Pi\u00e8ces"},"content":{"rendered":"\t\t<div data-elementor-type=\"wp-page\" data-elementor-id=\"4498\" class=\"elementor elementor-4498 elementor-1010\" data-elementor-post-type=\"page\">\n\t\t\t\t\t\t<section class=\"elementor-section elementor-top-section elementor-element elementor-element-7dd334f9 elementor-section-full_width slider-row elementor-section-height-default elementor-section-height-default\" data-id=\"7dd334f9\" data-element_type=\"section\" data-e-type=\"section\">\n\t\t\t\t\t\t<div class=\"elementor-container elementor-column-gap-default\">\n\t\t\t\t\t<div class=\"elementor-column elementor-col-100 elementor-top-column elementor-element elementor-element-427cf38a\" data-id=\"427cf38a\" data-element_type=\"column\" data-e-type=\"column\">\n\t\t\t<div class=\"elementor-widget-wrap elementor-element-populated\">\n\t\t\t\t\t\t<div class=\"elementor-element elementor-element-d4e81b4 elementor--h-position-center elementor--v-position-middle elementor-arrows-position-inside elementor-pagination-position-inside elementor-invisible elementor-widget elementor-widget-slides\" data-id=\"d4e81b4\" data-element_type=\"widget\" data-e-type=\"widget\" data-settings=\"{&quot;_animation&quot;:&quot;fadeIn&quot;,&quot;navigation&quot;:&quot;both&quot;,&quot;infinite&quot;:&quot;yes&quot;,&quot;transition&quot;:&quot;slide&quot;,&quot;transition_speed&quot;:500}\" data-widget_type=\"slides.default\">\n\t\t\t\t<div class=\"elementor-widget-container\">\n\t\t\t\t\t\t\t\t\t<div class=\"elementor-swiper\">\n\t\t\t\t\t<div class=\"elementor-slides-wrapper elementor-main-swiper swiper\" role=\"region\" aria-roledescription=\"carousel\" aria-label=\"Slides\" dir=\"ltr\" data-animation=\"fadeInUp\">\n\t\t\t\t<div class=\"swiper-wrapper elementor-slides\">\n\t\t\t\t\t\t\t\t\t\t<div class=\"elementor-repeater-item-5459446 swiper-slide\" role=\"group\" aria-roledescription=\"slide\"><div class=\"swiper-slide-bg\" role=\"img\" aria-label=\"OBRAS\"><\/div><div class=\"elementor-background-overlay\"><\/div><div class=\"swiper-slide-inner\" ><div class=\"swiper-slide-contents\"><\/div><\/div><\/div>\t\t\t\t<\/div>\n\t\t\t\t\t\t\t<\/div>\n\t\t\t\t<\/div>\n\t\t\t\t\t\t\t\t<\/div>\n\t\t\t\t<\/div>\n\t\t\t\t\t<\/div>\n\t\t<\/div>\n\t\t\t\t\t<\/div>\n\t\t<\/section>\n\t\t\t\t<section class=\"elementor-section elementor-top-section elementor-element elementor-element-606762c elementor-section-full_width elementor-section-height-default elementor-section-height-default\" data-id=\"606762c\" data-element_type=\"section\" data-e-type=\"section\">\n\t\t\t\t\t\t<div class=\"elementor-container elementor-column-gap-default\">\n\t\t\t\t\t<div class=\"elementor-column elementor-col-100 elementor-top-column elementor-element elementor-element-388839d\" data-id=\"388839d\" data-element_type=\"column\" data-e-type=\"column\">\n\t\t\t<div class=\"elementor-widget-wrap elementor-element-populated\">\n\t\t\t\t\t\t<section class=\"elementor-section elementor-inner-section elementor-element elementor-element-b36c93d elementor-section-boxed elementor-section-height-default elementor-section-height-default\" data-id=\"b36c93d\" data-element_type=\"section\" data-e-type=\"section\">\n\t\t\t\t\t\t<div class=\"elementor-container elementor-column-gap-default\">\n\t\t\t\t\t<div class=\"elementor-column elementor-col-50 elementor-inner-column elementor-element elementor-element-c14e7a9\" data-id=\"c14e7a9\" data-element_type=\"column\" data-e-type=\"column\">\n\t\t\t<div class=\"elementor-widget-wrap elementor-element-populated\">\n\t\t\t\t\t\t<div class=\"elementor-element elementor-element-3a7b31d elementor-widget elementor-widget-html\" data-id=\"3a7b31d\" data-element_type=\"widget\" data-e-type=\"widget\" data-widget_type=\"html.default\">\n\t\t\t\t<div class=\"elementor-widget-container\">\n\t\t\t\t\t<div class=\"titulo-seccion\"><h2><span>Pi\u00e8ces<\/span><\/h2><\/div>\t\t\t\t<\/div>\n\t\t\t\t<\/div>\n\t\t\t\t<div class=\"elementor-element elementor-element-7f00761 custom-list elementor-widget elementor-widget-text-editor\" data-id=\"7f00761\" data-element_type=\"widget\" data-e-type=\"widget\" data-widget_type=\"text-editor.default\">\n\t\t\t\t<div class=\"elementor-widget-container\">\n\t\t\t\t\t\t\t\t\t<p>Nos modules pr\u00e9fabriqu\u00e9s s&#8217;adaptent \u00e0 l&#8217;un des besoins suivants:<\/p><ul><li>Cabanes de chantier.<\/li><li>Stands sur mesure.<\/li><li>Modules de travail.<\/li><li>Modules sanitaires.<\/li><li>Cabines d&#8217;acc\u00e8s.<\/li><li>Bureaux pr\u00e9fabriqu\u00e9s.<\/li><li>Ensembles modulaires.<\/li><li>Cl\u00f4tures et enclos<\/li><\/ul>\t\t\t\t\t\t\t\t<\/div>\n\t\t\t\t<\/div>\n\t\t\t\t<div class=\"elementor-element elementor-element-e9eaeb4 elementor-widget elementor-widget-spacer\" data-id=\"e9eaeb4\" data-element_type=\"widget\" data-e-type=\"widget\" data-widget_type=\"spacer.default\">\n\t\t\t\t<div class=\"elementor-widget-container\">\n\t\t\t\t\t\t\t<div class=\"elementor-spacer\">\n\t\t\t<div class=\"elementor-spacer-inner\"><\/div>\n\t\t<\/div>\n\t\t\t\t\t\t<\/div>\n\t\t\t\t<\/div>\n\t\t\t\t\t<\/div>\n\t\t<\/div>\n\t\t\t\t<div class=\"elementor-column elementor-col-50 elementor-inner-column elementor-element elementor-element-61ac03b\" data-id=\"61ac03b\" data-element_type=\"column\" data-e-type=\"column\">\n\t\t\t<div class=\"elementor-widget-wrap elementor-element-populated\">\n\t\t\t\t\t\t<div class=\"elementor-element elementor-element-f79ff53 elementor-widget elementor-widget-text-editor\" data-id=\"f79ff53\" data-element_type=\"widget\" data-e-type=\"widget\" data-widget_type=\"text-editor.default\">\n\t\t\t\t<div class=\"elementor-widget-container\">\n\t\t\t\t\t\t\t\t\t<div class=\"my-cta-long\">\n<div class=\"my-cta-content\">\n<p class=\"my-cta-title\">\u00c9crire<\/p>\n\n\n<hr \/>\n\nSi vous souhaitez plus d\u2019informations ou demander un devis, contactez-nous.\n<div class=\"my-wp-form-wrapper\"><div class=\"wpforms-container wpforms-container-full form-tipo-01\" id=\"wpforms-335\"><form id=\"wpforms-form-335\" class=\"wpforms-validate wpforms-form\" data-formid=\"335\" method=\"post\" enctype=\"multipart\/form-data\" action=\"\/fr\/wp-json\/wp\/v2\/pages\/4498\" data-token=\"6b8177f3bdce89b6a9448335c899d34a\" data-token-time=\"1775315340\"><noscript class=\"wpforms-error-noscript\">Please enable JavaScript in your browser to complete this form.<\/noscript><div class=\"wpforms-field-container\"><div id=\"wpforms-335-field_3-container\" class=\"wpforms-field wpforms-field-text\" data-field-id=\"3\"><label class=\"wpforms-field-label wpforms-label-hide\" for=\"wpforms-335-field_3\">Nombre <span class=\"wpforms-required-label\">*<\/span><\/label><input type=\"text\" id=\"wpforms-335-field_3\" class=\"wpforms-field-medium wpforms-field-required\" name=\"wpforms[fields][3]\" placeholder=\"Nombre *\" required><\/div><div id=\"wpforms-335-field_1-container\" class=\"wpforms-field wpforms-field-email\" data-field-id=\"1\"><label class=\"wpforms-field-label wpforms-label-hide\" for=\"wpforms-335-field_1\">Email <span class=\"wpforms-required-label\">*<\/span><\/label><input type=\"email\" id=\"wpforms-335-field_1\" class=\"wpforms-field-medium wpforms-field-required\" name=\"wpforms[fields][1]\" placeholder=\"Email *\" spellcheck=\"false\" required><\/div><div id=\"wpforms-335-field_4-container\" class=\"wpforms-field wpforms-field-text\" data-field-id=\"4\"><label class=\"wpforms-field-label wpforms-label-hide\" for=\"wpforms-335-field_4\">Tel\u00e9fono<\/label><input type=\"text\" id=\"wpforms-335-field_4\" class=\"wpforms-field-medium\" name=\"wpforms[fields][4]\" placeholder=\"Tel\u00e9fono\" ><\/div><div id=\"wpforms-335-field_6-container\" class=\"wpforms-field wpforms-field-text\" data-field-id=\"6\"><label class=\"wpforms-field-label wpforms-label-hide\" for=\"wpforms-335-field_6\">Localidad<\/label><input type=\"text\" id=\"wpforms-335-field_6\" class=\"wpforms-field-medium\" name=\"wpforms[fields][6]\" placeholder=\"Localidad\" ><\/div><div id=\"wpforms-335-field_7-container\" class=\"wpforms-field wpforms-field-text campo-oculto-pagina\" data-field-id=\"7\"><label class=\"wpforms-field-label wpforms-label-hide\" for=\"wpforms-335-field_7\">P\u00e1gina desde la que se ha contactado<\/label><input type=\"text\" id=\"wpforms-335-field_7\" class=\"wpforms-field-medium\" name=\"wpforms[fields][7]\" value=\"\/\" placeholder=\"pagina\" ><\/div><div id=\"wpforms-335-field_2-container\" class=\"wpforms-field wpforms-field-textarea\" data-field-id=\"2\"><label class=\"wpforms-field-label wpforms-label-hide\" for=\"wpforms-335-field_2\">Consulta <span class=\"wpforms-required-label\">*<\/span><\/label><textarea id=\"wpforms-335-field_2\" class=\"wpforms-field-medium wpforms-field-required\" name=\"wpforms[fields][2]\" placeholder=\"Consulta *\" required><\/textarea><\/div><div id=\"wpforms-335-field_5-container\" class=\"wpforms-field wpforms-field-checkbox\" data-field-id=\"5\"><label class=\"wpforms-field-label wpforms-label-hide\">Checkboxes <span class=\"wpforms-required-label\">*<\/span><\/label><ul id=\"wpforms-335-field_5\" class=\"wpforms-field-required\"><li class=\"choice-1 depth-1\"><input type=\"checkbox\" id=\"wpforms-335-field_5_1\" name=\"wpforms[fields][5][]\" value=\"Acepto que Balat procese mis datos. *\" required ><label class=\"wpforms-field-label-inline\" for=\"wpforms-335-field_5_1\">Acepto que Balat procese mis datos. *<\/label><\/li><\/ul><div class=\"wpforms-field-description\">Balat se compromete a procesar y utilizar sus datos personales \u00fanicamente para dar respuesta a su solicitud. La base que legitima el tratamiento de los datos personales es su consentimiento expreso. Igualmente, sus datos se conservar\u00e1n durante el periodo que sea necesario para dar respuesta a su solicitud. Ver la <a target=\"_blank\" href=\"\/politica-privacidad\/\">pol\u00edtica de privacidad<\/a>.<\/div><\/div><div id=\"wpforms-335-field_8-container\" class=\"wpforms-field wpforms-field-checkbox\" data-field-id=\"8\"><label class=\"wpforms-field-label wpforms-label-hide\">Checkboxes (copy)<\/label><ul id=\"wpforms-335-field_8\"><li class=\"choice-1 depth-1\"><input type=\"checkbox\" id=\"wpforms-335-field_8_1\" name=\"wpforms[fields][8][]\" value=\"Acepto recibir comunicaciones de Balat.\"  ><label class=\"wpforms-field-label-inline\" for=\"wpforms-335-field_8_1\">Acepto recibir comunicaciones de Balat.<\/label><\/li><\/ul><div class=\"wpforms-field-description\">Para poder recibir novedades sobre productos y servicios, as\u00ed como ofertas comerciales, Balat solicita su consentimiento expl\u00edcito. Siempre podr\u00e1 darse de baja de estas comunicaciones seg\u00fan nuestra <a target=\"_blank\" href=\"\/politica-privacidad\/\">pol\u00edtica de privacidad<\/a>.  <\/div><\/div><\/div><!-- .wpforms-field-container --><div class=\"wpforms-submit-container\" ><input type=\"hidden\" name=\"wpforms[id]\" value=\"335\"><input type=\"hidden\" name=\"page_title\" value=\"\"><input type=\"hidden\" name=\"page_url\" value=\"https:\/\/balat.com\/fr\/wp-json\/wp\/v2\/pages\/4498\"><input type=\"hidden\" name=\"url_referer\" value=\"\"><button type=\"submit\" name=\"wpforms[submit]\" id=\"wpforms-submit-335\" class=\"wpforms-submit\" data-alt-text=\"Enviando...\" data-submit-text=\"Enviar\" aria-live=\"assertive\" value=\"wpforms-submit\">Enviar<\/button><\/div><input type=\"hidden\" id=\"ct_checkjs_wpforms_934815ad542a4a7c5e8a2dfa04fea9f5\" name=\"ct_checkjs_wpforms\" value=\"0\" \/><script>setTimeout(function(){var ct_input_name = \"ct_checkjs_wpforms_934815ad542a4a7c5e8a2dfa04fea9f5\";if (document.getElementById(ct_input_name) !== null) {var ct_input_value = document.getElementById(ct_input_name).value;document.getElementById(ct_input_name).value = document.getElementById(ct_input_name).value.replace(ct_input_value, '1602789052');}}, 1000);<\/script><input\n                    class=\"apbct_special_field apbct_email_id__wp_wpforms\"\n                    name=\"apbct__email_id__wp_wpforms\"\n                    aria-label=\"apbct__label_id__wp_wpforms\"\n                    type=\"text\" size=\"30\" maxlength=\"200\" autocomplete=\"off\"\n                    value=\"\"\n                \/><\/form><\/div>  <!-- .wpforms-container --><\/div>\n<\/div>\n<div class=\"my-cta-footer\">\n\n\u00cates-vous int\u00e9ress\u00e9 par des produits? Nous vous appelons.\n<div class=\"my-cta-button\">\n<div class=\"contact-phone\"><img decoding=\"async\" src=\"\/wp-content\/uploads\/2021\/06\/phone.png\" \/><\/div>\nAppelle-moi\n\n<\/div>\n<\/div>\n<\/div>\t\t\t\t\t\t\t\t<\/div>\n\t\t\t\t<\/div>\n\t\t\t\t\t<\/div>\n\t\t<\/div>\n\t\t\t\t\t<\/div>\n\t\t<\/section>\n\t\t\t\t\t<\/div>\n\t\t<\/div>\n\t\t\t\t\t<\/div>\n\t\t<\/section>\n\t\t\t\t<section class=\"elementor-section elementor-top-section elementor-element elementor-element-4d2ec09 elementor-section-full_width elementor-section-height-default elementor-section-height-default\" data-id=\"4d2ec09\" data-element_type=\"section\" data-e-type=\"section\">\n\t\t\t\t\t\t<div class=\"elementor-container elementor-column-gap-default\">\n\t\t\t\t\t<div class=\"elementor-column elementor-col-100 elementor-top-column elementor-element elementor-element-0f9896a\" data-id=\"0f9896a\" data-element_type=\"column\" data-e-type=\"column\">\n\t\t\t<div class=\"elementor-widget-wrap elementor-element-populated\">\n\t\t\t\t\t\t<section class=\"elementor-section elementor-inner-section elementor-element elementor-element-8ea14f9 elementor-section-boxed elementor-section-height-default elementor-section-height-default\" data-id=\"8ea14f9\" data-element_type=\"section\" data-e-type=\"section\">\n\t\t\t\t\t\t<div class=\"elementor-container elementor-column-gap-default\">\n\t\t\t\t\t<div class=\"elementor-column elementor-col-100 elementor-inner-column elementor-element elementor-element-b463fa6\" data-id=\"b463fa6\" data-element_type=\"column\" data-e-type=\"column\">\n\t\t\t<div class=\"elementor-widget-wrap elementor-element-populated\">\n\t\t\t\t\t\t<div class=\"elementor-element elementor-element-9097e35 elementor-widget elementor-widget-html\" data-id=\"9097e35\" data-element_type=\"widget\" data-e-type=\"widget\" data-widget_type=\"html.default\">\n\t\t\t\t<div class=\"elementor-widget-container\">\n\t\t\t\t\t<div class=\"titulo-seccion\"><h2><span>Projets li\u00e9s<\/span><\/h2><\/div>\t\t\t\t<\/div>\n\t\t\t\t<\/div>\n\t\t\t\t<div class=\"elementor-element elementor-element-5fd46ad elementor-widget elementor-widget-spacer\" data-id=\"5fd46ad\" data-element_type=\"widget\" data-e-type=\"widget\" data-widget_type=\"spacer.default\">\n\t\t\t\t<div class=\"elementor-widget-container\">\n\t\t\t\t\t\t\t<div class=\"elementor-spacer\">\n\t\t\t<div class=\"elementor-spacer-inner\"><\/div>\n\t\t<\/div>\n\t\t\t\t\t\t<\/div>\n\t\t\t\t<\/div>\n\t\t\t\t\t<\/div>\n\t\t<\/div>\n\t\t\t\t\t<\/div>\n\t\t<\/section>\n\t\t\t\t\t<\/div>\n\t\t<\/div>\n\t\t\t\t\t<\/div>\n\t\t<\/section>\n\t\t\t\t<\/div>\n\t\t","protected":false},"excerpt":{"rendered":"<p>Pi\u00e8ces Nos modules pr\u00e9fabriqu\u00e9s s&#8217;adaptent \u00e0 l&#8217;un des besoins suivants: Cabanes de chantier. Stands sur mesure. Modules de travail. Modules sanitaires. Cabines d&#8217;acc\u00e8s. Bureaux pr\u00e9fabriqu\u00e9s. Ensembles modulaires. Cl\u00f4tures et enclos \u00c9crire Si vous souhaitez plus d\u2019informations ou demander un devis, contactez-nous. \u00cates-vous int\u00e9ress\u00e9 par des produits? Nous vous appelons. Appelle-moi Projets li\u00e9s<\/p>\n","protected":false},"author":2,"featured_media":0,"parent":0,"menu_order":0,"comment_status":"closed","ping_status":"closed","template":"","meta":{"footnotes":""},"class_list":["post-4498","page","type-page","status-publish","hentry"],"yoast_head":"<!-- This site is optimized with the Yoast SEO plugin v27.1.1 - https:\/\/yoast.com\/product\/yoast-seo-wordpress\/ -->\n<title>Pi\u00e8ces - Balat<\/title>\n<meta name=\"robots\" content=\"index, follow, max-snippet:-1, max-image-preview:large, max-video-preview:-1\" \/>\n<link rel=\"canonical\" href=\"https:\/\/balat.com\/fr\/pieces\/\" \/>\n<meta property=\"og:locale\" content=\"fr_FR\" \/>\n<meta property=\"og:type\" content=\"article\" \/>\n<meta property=\"og:title\" content=\"Pi\u00e8ces - Balat\" \/>\n<meta property=\"og:description\" content=\"Pi\u00e8ces Nos modules pr\u00e9fabriqu\u00e9s s&#8217;adaptent \u00e0 l&#8217;un des besoins suivants: Cabanes de chantier. Stands sur mesure. Modules de travail. Modules sanitaires. Cabines d&#8217;acc\u00e8s. Bureaux pr\u00e9fabriqu\u00e9s. Ensembles modulaires. Cl\u00f4tures et enclos \u00c9crire Si vous souhaitez plus d\u2019informations ou demander un devis, contactez-nous. \u00cates-vous int\u00e9ress\u00e9 par des produits? Nous vous appelons. Appelle-moi Projets li\u00e9s\" \/>\n<meta property=\"og:url\" content=\"https:\/\/balat.com\/fr\/pieces\/\" \/>\n<meta property=\"og:site_name\" content=\"Balat\" \/>\n<meta property=\"article:publisher\" content=\"https:\/\/www.facebook.com\/BalatModulos\" \/>\n<meta property=\"article:modified_time\" content=\"2021-10-21T11:22:26+00:00\" \/>\n<meta name=\"twitter:card\" content=\"summary_large_image\" \/>\n<meta name=\"twitter:site\" content=\"@BalatModulos\" \/>\n<meta name=\"twitter:label1\" content=\"Est. reading time\" \/>\n\t<meta name=\"twitter:data1\" content=\"2 minutes\" \/>\n<script type=\"application\/ld+json\" class=\"yoast-schema-graph\">{\"@context\":\"https:\/\/schema.org\",\"@graph\":[{\"@type\":\"WebPage\",\"@id\":\"https:\/\/balat.com\/fr\/pieces\/\",\"url\":\"https:\/\/balat.com\/fr\/pieces\/\",\"name\":\"Pi\u00e8ces - Balat\",\"isPartOf\":{\"@id\":\"https:\/\/balat.com\/fr\/#website\"},\"datePublished\":\"2021-10-04T12:43:00+00:00\",\"dateModified\":\"2021-10-21T11:22:26+00:00\",\"inLanguage\":\"fr-FR\",\"potentialAction\":[{\"@type\":\"ReadAction\",\"target\":[\"https:\/\/balat.com\/fr\/pieces\/\"]}]},{\"@type\":\"WebSite\",\"@id\":\"https:\/\/balat.com\/fr\/#website\",\"url\":\"https:\/\/balat.com\/fr\/\",\"name\":\"Balat\",\"description\":\"M\u00f3dulos prefabricados, Casetas de Obra, Construcci\u00f3n Modular.\",\"publisher\":{\"@id\":\"https:\/\/balat.com\/fr\/#organization\"},\"potentialAction\":[{\"@type\":\"SearchAction\",\"target\":{\"@type\":\"EntryPoint\",\"urlTemplate\":\"https:\/\/balat.com\/fr\/?s={search_term_string}\"},\"query-input\":{\"@type\":\"PropertyValueSpecification\",\"valueRequired\":true,\"valueName\":\"search_term_string\"}}],\"inLanguage\":\"fr-FR\"},{\"@type\":\"Organization\",\"@id\":\"https:\/\/balat.com\/fr\/#organization\",\"name\":\"Balat\",\"url\":\"https:\/\/balat.com\/fr\/\",\"logo\":{\"@type\":\"ImageObject\",\"inLanguage\":\"fr-FR\",\"@id\":\"https:\/\/balat.com\/fr\/#\/schema\/logo\/image\/\",\"url\":\"https:\/\/balat.com\/wp-content\/uploads\/2021\/06\/logo-balat.svg\",\"contentUrl\":\"https:\/\/balat.com\/wp-content\/uploads\/2021\/06\/logo-balat.svg\",\"width\":\"1024\",\"height\":\"1024\",\"caption\":\"Balat\"},\"image\":{\"@id\":\"https:\/\/balat.com\/fr\/#\/schema\/logo\/image\/\"},\"sameAs\":[\"https:\/\/www.facebook.com\/BalatModulos\",\"https:\/\/x.com\/BalatModulos\",\"https:\/\/www.linkedin.com\/company\/balat-alquibalat-\/\",\"https:\/\/www.youtube.com\/user\/PrefabricadosBALAT\"]}]}<\/script>\n<!-- \/ Yoast SEO plugin. -->","yoast_head_json":{"title":"Pi\u00e8ces - Balat","robots":{"index":"index","follow":"follow","max-snippet":"max-snippet:-1","max-image-preview":"max-image-preview:large","max-video-preview":"max-video-preview:-1"},"canonical":"https:\/\/balat.com\/fr\/pieces\/","og_locale":"fr_FR","og_type":"article","og_title":"Pi\u00e8ces - Balat","og_description":"Pi\u00e8ces Nos modules pr\u00e9fabriqu\u00e9s s&#8217;adaptent \u00e0 l&#8217;un des besoins suivants: Cabanes de chantier. Stands sur mesure. Modules de travail. Modules sanitaires. Cabines d&#8217;acc\u00e8s. Bureaux pr\u00e9fabriqu\u00e9s. Ensembles modulaires. Cl\u00f4tures et enclos \u00c9crire Si vous souhaitez plus d\u2019informations ou demander un devis, contactez-nous. \u00cates-vous int\u00e9ress\u00e9 par des produits? Nous vous appelons. Appelle-moi Projets li\u00e9s","og_url":"https:\/\/balat.com\/fr\/pieces\/","og_site_name":"Balat","article_publisher":"https:\/\/www.facebook.com\/BalatModulos","article_modified_time":"2021-10-21T11:22:26+00:00","twitter_card":"summary_large_image","twitter_site":"@BalatModulos","twitter_misc":{"Est. reading time":"2 minutes"},"schema":{"@context":"https:\/\/schema.org","@graph":[{"@type":"WebPage","@id":"https:\/\/balat.com\/fr\/pieces\/","url":"https:\/\/balat.com\/fr\/pieces\/","name":"Pi\u00e8ces - Balat","isPartOf":{"@id":"https:\/\/balat.com\/fr\/#website"},"datePublished":"2021-10-04T12:43:00+00:00","dateModified":"2021-10-21T11:22:26+00:00","inLanguage":"fr-FR","potentialAction":[{"@type":"ReadAction","target":["https:\/\/balat.com\/fr\/pieces\/"]}]},{"@type":"WebSite","@id":"https:\/\/balat.com\/fr\/#website","url":"https:\/\/balat.com\/fr\/","name":"Balat","description":"M\u00f3dulos prefabricados, Casetas de Obra, Construcci\u00f3n Modular.","publisher":{"@id":"https:\/\/balat.com\/fr\/#organization"},"potentialAction":[{"@type":"SearchAction","target":{"@type":"EntryPoint","urlTemplate":"https:\/\/balat.com\/fr\/?s={search_term_string}"},"query-input":{"@type":"PropertyValueSpecification","valueRequired":true,"valueName":"search_term_string"}}],"inLanguage":"fr-FR"},{"@type":"Organization","@id":"https:\/\/balat.com\/fr\/#organization","name":"Balat","url":"https:\/\/balat.com\/fr\/","logo":{"@type":"ImageObject","inLanguage":"fr-FR","@id":"https:\/\/balat.com\/fr\/#\/schema\/logo\/image\/","url":"https:\/\/balat.com\/wp-content\/uploads\/2021\/06\/logo-balat.svg","contentUrl":"https:\/\/balat.com\/wp-content\/uploads\/2021\/06\/logo-balat.svg","width":"1024","height":"1024","caption":"Balat"},"image":{"@id":"https:\/\/balat.com\/fr\/#\/schema\/logo\/image\/"},"sameAs":["https:\/\/www.facebook.com\/BalatModulos","https:\/\/x.com\/BalatModulos","https:\/\/www.linkedin.com\/company\/balat-alquibalat-\/","https:\/\/www.youtube.com\/user\/PrefabricadosBALAT"]}]}},"_links":{"self":[{"href":"https:\/\/balat.com\/fr\/wp-json\/wp\/v2\/pages\/4498","targetHints":{"allow":["GET"]}}],"collection":[{"href":"https:\/\/balat.com\/fr\/wp-json\/wp\/v2\/pages"}],"about":[{"href":"https:\/\/balat.com\/fr\/wp-json\/wp\/v2\/types\/page"}],"author":[{"embeddable":true,"href":"https:\/\/balat.com\/fr\/wp-json\/wp\/v2\/users\/2"}],"replies":[{"embeddable":true,"href":"https:\/\/balat.com\/fr\/wp-json\/wp\/v2\/comments?post=4498"}],"version-history":[{"count":3,"href":"https:\/\/balat.com\/fr\/wp-json\/wp\/v2\/pages\/4498\/revisions"}],"predecessor-version":[{"id":5565,"href":"https:\/\/balat.com\/fr\/wp-json\/wp\/v2\/pages\/4498\/revisions\/5565"}],"wp:attachment":[{"href":"https:\/\/balat.com\/fr\/wp-json\/wp\/v2\/media?parent=4498"}],"curies":[{"name":"wp","href":"https:\/\/api.w.org\/{rel}","templated":true}]}}