{"id":4351,"date":"2021-10-04T11:54:20","date_gmt":"2021-10-04T11:54:20","guid":{"rendered":"https:\/\/balat.com\/?page_id=4351"},"modified":"2021-10-18T08:46:09","modified_gmt":"2021-10-18T08:46:09","slug":"avis-juridique","status":"publish","type":"page","link":"https:\/\/balat.com\/fr\/avis-juridique\/","title":{"rendered":"Avis juridique"},"content":{"rendered":"\t\t<div data-elementor-type=\"wp-page\" data-elementor-id=\"4351\" class=\"elementor elementor-4351 elementor-1574\" data-elementor-post-type=\"page\">\n\t\t\t\t\t\t<section class=\"elementor-section elementor-top-section elementor-element elementor-element-606762c elementor-section-boxed elementor-section-height-default elementor-section-height-default\" data-id=\"606762c\" data-element_type=\"section\" data-e-type=\"section\" data-settings=\"{&quot;background_background&quot;:&quot;classic&quot;}\">\n\t\t\t\t\t\t\t<div class=\"elementor-background-overlay\"><\/div>\n\t\t\t\t\t\t\t<div class=\"elementor-container elementor-column-gap-default\">\n\t\t\t\t\t<div class=\"elementor-column elementor-col-100 elementor-top-column elementor-element elementor-element-388839d\" data-id=\"388839d\" data-element_type=\"column\" data-e-type=\"column\">\n\t\t\t<div class=\"elementor-widget-wrap elementor-element-populated\">\n\t\t\t\t\t\t<div class=\"elementor-element elementor-element-e83088f elementor-widget elementor-widget-spacer\" data-id=\"e83088f\" data-element_type=\"widget\" data-e-type=\"widget\" data-widget_type=\"spacer.default\">\n\t\t\t\t<div class=\"elementor-widget-container\">\n\t\t\t\t\t\t\t<div class=\"elementor-spacer\">\n\t\t\t<div class=\"elementor-spacer-inner\"><\/div>\n\t\t<\/div>\n\t\t\t\t\t\t<\/div>\n\t\t\t\t<\/div>\n\t\t\t\t<div class=\"elementor-element elementor-element-d62b38b elementor-widget elementor-widget-html\" data-id=\"d62b38b\" data-element_type=\"widget\" data-e-type=\"widget\" data-widget_type=\"html.default\">\n\t\t\t\t<div class=\"elementor-widget-container\">\n\t\t\t\t\t<div class=\"titulo-seccion-w\"><h2><span>Avis juridique<\/span><\/h2><\/div>\t\t\t\t<\/div>\n\t\t\t\t<\/div>\n\t\t\t\t<div class=\"elementor-element elementor-element-5dbdbc7 elementor-widget elementor-widget-spacer\" data-id=\"5dbdbc7\" data-element_type=\"widget\" data-e-type=\"widget\" data-widget_type=\"spacer.default\">\n\t\t\t\t<div class=\"elementor-widget-container\">\n\t\t\t\t\t\t\t<div class=\"elementor-spacer\">\n\t\t\t<div class=\"elementor-spacer-inner\"><\/div>\n\t\t<\/div>\n\t\t\t\t\t\t<\/div>\n\t\t\t\t<\/div>\n\t\t\t\t\t<\/div>\n\t\t<\/div>\n\t\t\t\t\t<\/div>\n\t\t<\/section>\n\t\t\t\t<section class=\"elementor-section elementor-top-section elementor-element elementor-element-894cfdf elementor-section-boxed elementor-section-height-default elementor-section-height-default\" data-id=\"894cfdf\" data-element_type=\"section\" data-e-type=\"section\">\n\t\t\t\t\t\t<div class=\"elementor-container elementor-column-gap-default\">\n\t\t\t\t\t<div class=\"elementor-column elementor-col-100 elementor-top-column elementor-element elementor-element-7c99d99\" data-id=\"7c99d99\" data-element_type=\"column\" data-e-type=\"column\">\n\t\t\t<div class=\"elementor-widget-wrap elementor-element-populated\">\n\t\t\t\t\t\t<section class=\"elementor-section elementor-inner-section elementor-element elementor-element-680ff93 elementor-section-boxed elementor-section-height-default elementor-section-height-default\" data-id=\"680ff93\" data-element_type=\"section\" data-e-type=\"section\">\n\t\t\t\t\t\t<div class=\"elementor-container elementor-column-gap-default\">\n\t\t\t\t\t<div class=\"elementor-column elementor-col-100 elementor-inner-column elementor-element elementor-element-db81e19\" data-id=\"db81e19\" data-element_type=\"column\" data-e-type=\"column\">\n\t\t\t<div class=\"elementor-widget-wrap elementor-element-populated\">\n\t\t\t\t\t\t<div class=\"elementor-element elementor-element-78ed972 elementor-widget elementor-widget-text-editor\" data-id=\"78ed972\" data-element_type=\"widget\" data-e-type=\"widget\" data-widget_type=\"text-editor.default\">\n\t\t\t\t<div class=\"elementor-widget-container\">\n\t\t\t\t\t\t\t\t\t<h2>1. Objet du Web<\/h2><p>Cet avis juridique comprend les conditions g\u00e9n\u00e9rales d&#8217;utilisation des produits propos\u00e9s par la soci\u00e9t\u00e9 Alquibalat S.L., en relation avec les personnes qui l&#8217;utilisent (ci-apr\u00e8s <strong>BALAT<\/strong>).<\/p><p>Ce site Internet ainsi que la boutique en ligne ont \u00e9t\u00e9 d\u00e9velopp\u00e9s afin d&#8217;offrir \u00e0 l&#8217;UTILISATEUR un syst\u00e8me simple d&#8217;utilisation et fiable pour la r\u00e9alisation d&#8217;informations et la vente des produits propos\u00e9s par <strong>BALAT<\/strong>.<\/p><p>Le propri\u00e9taire du domaine (www.balat.com) et responsable de sa conception, de son contenu, de son d\u00e9veloppement informatique et de sa maintenance technique est <strong>BALAT<\/strong> dont le si\u00e8ge social est situ\u00e9 Calle Ram\u00f3n Aguinaga 12, 31016 Pampelune (NAVARRA), avec le num\u00e9ro CIF B-31 585318 et enregistr\u00e9 au Registre du Commerce de Navarre, dans le volume 752, folio 196 et page NA-15480, avec Tfno .: 948 18 87 86 et email: balat@balat.es.<\/p><h2>2. Acc\u00e8s et utilisation<\/h2><p>Les personnes qui acc\u00e8dent \u00e0 ce site Web et\/ou utilisent des informations ou effectuent des transactions commerciales par son interm\u00e9diaire, acqui\u00e8rent le statut d&#8217;UTILISATEURS, s&#8217;engageant \u00e0 observer et \u00e0 respecter rigoureusement les dispositions \u00e9tablies dans les pr\u00e9sentes, ainsi que toute autre l\u00e9galement applicable.<\/p><p>Les <strong>UTILISATEURS<\/strong> sont inform\u00e9s que les conditions g\u00e9n\u00e9rales d&#8217;utilisation de ce site, ainsi que de la boutique en ligne peuvent \u00eatre modifi\u00e9es sans notification pr\u00e9alable.<\/p><h2>3. Contenu<\/h2><p>Les \u00e9l\u00e9ments existants sur ce site ainsi que dans la boutique en ligne, tant la conception, le contenu, le d\u00e9veloppement informatique que la maintenance technique, sont prot\u00e9g\u00e9s par les r\u00e8gles de propri\u00e9t\u00e9 intellectuelle et industrielle.<\/p><p>Toute utilisation impliquant la reproduction totale ou partielle, la distribution, la transformation et la commercialisation n&#8217;est pas autoris\u00e9e et n\u00e9cessite en tout \u00e9tat de cause l&#8217;autorisation \u00e9crite pr\u00e9alable de <strong>BALAT<\/strong>.<\/p><h2>4. Responsabilit\u00e9<\/h2><p>Tous les liens qui m\u00e8nent \u00e0 ce site Web ainsi qu&#8217;\u00e0 la boutique en ligne, ne doivent pas montrer directement ou indirectement des indications fausses, inexactes ou confuses. De m\u00eame, <strong>BALAT<\/strong> n&#8217;est pas responsable du fonctionnement permanent des liens externes.<\/p><p>Le site Web et la boutique en ligne ont \u00e9t\u00e9 test\u00e9s et sont r\u00e9vis\u00e9s p\u00e9riodiquement pour garantir la s\u00e9curit\u00e9 et l&#8217;absence de virus dans leurs syst\u00e8mes. De m\u00eame, le bon fonctionnement technique est garanti, cependant, la possibilit\u00e9 d&#8217;une \u00e9ventuelle erreur de programmation ou d&#8217;un cas de force majeure rendant impossible l&#8217;acc\u00e8s au site ainsi qu&#8217;\u00e0 la boutique en ligne n&#8217;est pas exclue. Dans ce cas, nous agirons avec la plus grande diligence jusqu&#8217;\u00e0 ce que le probl\u00e8me soit corrig\u00e9 dans les plus brefs d\u00e9lais.<\/p><h2>5. Droit applicable<\/h2><p>Pour la r\u00e9solution de toute controverse ou question li\u00e9e \u00e0 ce site Web ainsi qu&#8217;\u00e0 la boutique en ligne, la loi espagnole sera applicable, les parties impliqu\u00e9es se soumettant express\u00e9ment aux cours et tribunaux de Navarre.<\/p>\t\t\t\t\t\t\t\t<\/div>\n\t\t\t\t<\/div>\n\t\t\t\t\t<\/div>\n\t\t<\/div>\n\t\t\t\t\t<\/div>\n\t\t<\/section>\n\t\t\t\t\t<\/div>\n\t\t<\/div>\n\t\t\t\t\t<\/div>\n\t\t<\/section>\n\t\t\t\t<\/div>\n\t\t","protected":false},"excerpt":{"rendered":"<p>Avis juridique 1. Objet du Web Cet avis juridique comprend les conditions g\u00e9n\u00e9rales d&#8217;utilisation des produits propos\u00e9s par la soci\u00e9t\u00e9 Alquibalat S.L., en relation avec les personnes qui l&#8217;utilisent (ci-apr\u00e8s BALAT). Ce site Internet ainsi que la boutique en ligne ont \u00e9t\u00e9 d\u00e9velopp\u00e9s afin d&#8217;offrir \u00e0 l&#8217;UTILISATEUR un syst\u00e8me simple d&#8217;utilisation et fiable pour la [&hellip;]<\/p>\n","protected":false},"author":2,"featured_media":0,"parent":0,"menu_order":0,"comment_status":"closed","ping_status":"closed","template":"","meta":{"footnotes":""},"class_list":["post-4351","page","type-page","status-publish","hentry"],"yoast_head":"<!-- This site is optimized with the Yoast SEO plugin v27.1.1 - https:\/\/yoast.com\/product\/yoast-seo-wordpress\/ -->\n<title>Avis juridique - Balat<\/title>\n<meta name=\"robots\" content=\"noindex, follow\" \/>\n<meta property=\"og:locale\" content=\"fr_FR\" \/>\n<meta property=\"og:type\" content=\"article\" \/>\n<meta property=\"og:title\" content=\"Avis juridique - Balat\" \/>\n<meta property=\"og:description\" content=\"Avis juridique 1. Objet du Web Cet avis juridique comprend les conditions g\u00e9n\u00e9rales d&#8217;utilisation des produits propos\u00e9s par la soci\u00e9t\u00e9 Alquibalat S.L., en relation avec les personnes qui l&#8217;utilisent (ci-apr\u00e8s BALAT). Ce site Internet ainsi que la boutique en ligne ont \u00e9t\u00e9 d\u00e9velopp\u00e9s afin d&#8217;offrir \u00e0 l&#8217;UTILISATEUR un syst\u00e8me simple d&#8217;utilisation et fiable pour la [&hellip;]\" \/>\n<meta property=\"og:url\" content=\"https:\/\/balat.com\/fr\/avis-juridique\/\" \/>\n<meta property=\"og:site_name\" content=\"Balat\" \/>\n<meta property=\"article:publisher\" content=\"https:\/\/www.facebook.com\/BalatModulos\" \/>\n<meta property=\"article:modified_time\" content=\"2021-10-18T08:46:09+00:00\" \/>\n<meta name=\"twitter:card\" content=\"summary_large_image\" \/>\n<meta name=\"twitter:site\" content=\"@BalatModulos\" \/>\n<meta name=\"twitter:label1\" content=\"Est. reading time\" \/>\n\t<meta name=\"twitter:data1\" content=\"2 minutes\" \/>\n<script type=\"application\/ld+json\" class=\"yoast-schema-graph\">{\"@context\":\"https:\/\/schema.org\",\"@graph\":[{\"@type\":\"WebPage\",\"@id\":\"https:\/\/balat.com\/fr\/avis-juridique\/\",\"url\":\"https:\/\/balat.com\/fr\/avis-juridique\/\",\"name\":\"Avis juridique - Balat\",\"isPartOf\":{\"@id\":\"https:\/\/balat.com\/fr\/#website\"},\"datePublished\":\"2021-10-04T11:54:20+00:00\",\"dateModified\":\"2021-10-18T08:46:09+00:00\",\"inLanguage\":\"fr-FR\",\"potentialAction\":[{\"@type\":\"ReadAction\",\"target\":[\"https:\/\/balat.com\/fr\/avis-juridique\/\"]}]},{\"@type\":\"WebSite\",\"@id\":\"https:\/\/balat.com\/fr\/#website\",\"url\":\"https:\/\/balat.com\/fr\/\",\"name\":\"Balat\",\"description\":\"M\u00f3dulos prefabricados, Casetas de Obra, Construcci\u00f3n Modular.\",\"publisher\":{\"@id\":\"https:\/\/balat.com\/fr\/#organization\"},\"potentialAction\":[{\"@type\":\"SearchAction\",\"target\":{\"@type\":\"EntryPoint\",\"urlTemplate\":\"https:\/\/balat.com\/fr\/?s={search_term_string}\"},\"query-input\":{\"@type\":\"PropertyValueSpecification\",\"valueRequired\":true,\"valueName\":\"search_term_string\"}}],\"inLanguage\":\"fr-FR\"},{\"@type\":\"Organization\",\"@id\":\"https:\/\/balat.com\/fr\/#organization\",\"name\":\"Balat\",\"url\":\"https:\/\/balat.com\/fr\/\",\"logo\":{\"@type\":\"ImageObject\",\"inLanguage\":\"fr-FR\",\"@id\":\"https:\/\/balat.com\/fr\/#\/schema\/logo\/image\/\",\"url\":\"https:\/\/balat.com\/wp-content\/uploads\/2021\/06\/logo-balat.svg\",\"contentUrl\":\"https:\/\/balat.com\/wp-content\/uploads\/2021\/06\/logo-balat.svg\",\"width\":\"1024\",\"height\":\"1024\",\"caption\":\"Balat\"},\"image\":{\"@id\":\"https:\/\/balat.com\/fr\/#\/schema\/logo\/image\/\"},\"sameAs\":[\"https:\/\/www.facebook.com\/BalatModulos\",\"https:\/\/x.com\/BalatModulos\",\"https:\/\/www.linkedin.com\/company\/balat-alquibalat-\/\",\"https:\/\/www.youtube.com\/user\/PrefabricadosBALAT\"]}]}<\/script>\n<!-- \/ Yoast SEO plugin. -->","yoast_head_json":{"title":"Avis juridique - Balat","robots":{"index":"noindex","follow":"follow"},"og_locale":"fr_FR","og_type":"article","og_title":"Avis juridique - Balat","og_description":"Avis juridique 1. Objet du Web Cet avis juridique comprend les conditions g\u00e9n\u00e9rales d&#8217;utilisation des produits propos\u00e9s par la soci\u00e9t\u00e9 Alquibalat S.L., en relation avec les personnes qui l&#8217;utilisent (ci-apr\u00e8s BALAT). Ce site Internet ainsi que la boutique en ligne ont \u00e9t\u00e9 d\u00e9velopp\u00e9s afin d&#8217;offrir \u00e0 l&#8217;UTILISATEUR un syst\u00e8me simple d&#8217;utilisation et fiable pour la [&hellip;]","og_url":"https:\/\/balat.com\/fr\/avis-juridique\/","og_site_name":"Balat","article_publisher":"https:\/\/www.facebook.com\/BalatModulos","article_modified_time":"2021-10-18T08:46:09+00:00","twitter_card":"summary_large_image","twitter_site":"@BalatModulos","twitter_misc":{"Est. reading time":"2 minutes"},"schema":{"@context":"https:\/\/schema.org","@graph":[{"@type":"WebPage","@id":"https:\/\/balat.com\/fr\/avis-juridique\/","url":"https:\/\/balat.com\/fr\/avis-juridique\/","name":"Avis juridique - Balat","isPartOf":{"@id":"https:\/\/balat.com\/fr\/#website"},"datePublished":"2021-10-04T11:54:20+00:00","dateModified":"2021-10-18T08:46:09+00:00","inLanguage":"fr-FR","potentialAction":[{"@type":"ReadAction","target":["https:\/\/balat.com\/fr\/avis-juridique\/"]}]},{"@type":"WebSite","@id":"https:\/\/balat.com\/fr\/#website","url":"https:\/\/balat.com\/fr\/","name":"Balat","description":"M\u00f3dulos prefabricados, Casetas de Obra, Construcci\u00f3n Modular.","publisher":{"@id":"https:\/\/balat.com\/fr\/#organization"},"potentialAction":[{"@type":"SearchAction","target":{"@type":"EntryPoint","urlTemplate":"https:\/\/balat.com\/fr\/?s={search_term_string}"},"query-input":{"@type":"PropertyValueSpecification","valueRequired":true,"valueName":"search_term_string"}}],"inLanguage":"fr-FR"},{"@type":"Organization","@id":"https:\/\/balat.com\/fr\/#organization","name":"Balat","url":"https:\/\/balat.com\/fr\/","logo":{"@type":"ImageObject","inLanguage":"fr-FR","@id":"https:\/\/balat.com\/fr\/#\/schema\/logo\/image\/","url":"https:\/\/balat.com\/wp-content\/uploads\/2021\/06\/logo-balat.svg","contentUrl":"https:\/\/balat.com\/wp-content\/uploads\/2021\/06\/logo-balat.svg","width":"1024","height":"1024","caption":"Balat"},"image":{"@id":"https:\/\/balat.com\/fr\/#\/schema\/logo\/image\/"},"sameAs":["https:\/\/www.facebook.com\/BalatModulos","https:\/\/x.com\/BalatModulos","https:\/\/www.linkedin.com\/company\/balat-alquibalat-\/","https:\/\/www.youtube.com\/user\/PrefabricadosBALAT"]}]}},"_links":{"self":[{"href":"https:\/\/balat.com\/fr\/wp-json\/wp\/v2\/pages\/4351","targetHints":{"allow":["GET"]}}],"collection":[{"href":"https:\/\/balat.com\/fr\/wp-json\/wp\/v2\/pages"}],"about":[{"href":"https:\/\/balat.com\/fr\/wp-json\/wp\/v2\/types\/page"}],"author":[{"embeddable":true,"href":"https:\/\/balat.com\/fr\/wp-json\/wp\/v2\/users\/2"}],"replies":[{"embeddable":true,"href":"https:\/\/balat.com\/fr\/wp-json\/wp\/v2\/comments?post=4351"}],"version-history":[{"count":3,"href":"https:\/\/balat.com\/fr\/wp-json\/wp\/v2\/pages\/4351\/revisions"}],"predecessor-version":[{"id":4917,"href":"https:\/\/balat.com\/fr\/wp-json\/wp\/v2\/pages\/4351\/revisions\/4917"}],"wp:attachment":[{"href":"https:\/\/balat.com\/fr\/wp-json\/wp\/v2\/media?parent=4351"}],"curies":[{"name":"wp","href":"https:\/\/api.w.org\/{rel}","templated":true}]}}