{"id":14541,"date":"2023-11-08T12:40:29","date_gmt":"2023-11-08T12:40:29","guid":{"rendered":"https:\/\/balat.com\/?page_id=14541"},"modified":"2023-11-08T15:24:00","modified_gmt":"2023-11-08T15:24:00","slug":"canal-etico","status":"publish","type":"page","link":"https:\/\/balat.com\/fr\/canal-etico\/","title":{"rendered":"Canal \u00c9tico"},"content":{"rendered":"\t\t<div data-elementor-type=\"wp-page\" data-elementor-id=\"14541\" class=\"elementor elementor-14541 elementor-14539\" data-elementor-post-type=\"page\">\n\t\t\t\t\t\t<section class=\"elementor-section elementor-top-section elementor-element elementor-element-7dd334f9 elementor-section-full_width slider-row elementor-section-height-default elementor-section-height-default\" data-id=\"7dd334f9\" data-element_type=\"section\" data-e-type=\"section\">\n\t\t\t\t\t\t<div class=\"elementor-container elementor-column-gap-default\">\n\t\t\t\t\t<div class=\"elementor-column elementor-col-100 elementor-top-column elementor-element elementor-element-427cf38a\" data-id=\"427cf38a\" data-element_type=\"column\" data-e-type=\"column\">\n\t\t\t<div class=\"elementor-widget-wrap elementor-element-populated\">\n\t\t\t\t\t\t<div class=\"elementor-element elementor-element-d4e81b4 elementor--h-position-center elementor--v-position-middle elementor-arrows-position-inside elementor-pagination-position-inside elementor-invisible elementor-widget elementor-widget-slides\" data-id=\"d4e81b4\" data-element_type=\"widget\" data-e-type=\"widget\" data-settings=\"{&quot;_animation&quot;:&quot;fadeIn&quot;,&quot;navigation&quot;:&quot;both&quot;,&quot;infinite&quot;:&quot;yes&quot;,&quot;transition&quot;:&quot;slide&quot;,&quot;transition_speed&quot;:500}\" data-widget_type=\"slides.default\">\n\t\t\t\t<div class=\"elementor-widget-container\">\n\t\t\t\t\t\t\t\t\t<div class=\"elementor-swiper\">\n\t\t\t\t\t<div class=\"elementor-slides-wrapper elementor-main-swiper swiper\" role=\"region\" aria-roledescription=\"carousel\" aria-label=\"Slides\" dir=\"ltr\" data-animation=\"fadeInUp\">\n\t\t\t\t<div class=\"swiper-wrapper elementor-slides\">\n\t\t\t\t\t\t\t\t\t\t<div class=\"elementor-repeater-item-5459446 swiper-slide\" role=\"group\" aria-roledescription=\"slide\"><div class=\"swiper-slide-bg\" role=\"img\" aria-label=\"home-4\"><\/div><div class=\"elementor-background-overlay\"><\/div><div class=\"swiper-slide-inner\" ><div class=\"swiper-slide-contents\"><\/div><\/div><\/div>\t\t\t\t<\/div>\n\t\t\t\t\t\t\t<\/div>\n\t\t\t\t<\/div>\n\t\t\t\t\t\t\t\t<\/div>\n\t\t\t\t<\/div>\n\t\t\t\t\t<\/div>\n\t\t<\/div>\n\t\t\t\t\t<\/div>\n\t\t<\/section>\n\t\t\t\t<section class=\"elementor-section elementor-top-section elementor-element elementor-element-606762c elementor-section-full_width elementor-section-height-default elementor-section-height-default\" data-id=\"606762c\" data-element_type=\"section\" data-e-type=\"section\">\n\t\t\t\t\t\t<div class=\"elementor-container elementor-column-gap-default\">\n\t\t\t\t\t<div class=\"elementor-column elementor-col-100 elementor-top-column elementor-element elementor-element-388839d\" data-id=\"388839d\" data-element_type=\"column\" data-e-type=\"column\">\n\t\t\t<div class=\"elementor-widget-wrap elementor-element-populated\">\n\t\t\t\t\t\t<section class=\"elementor-section elementor-inner-section elementor-element elementor-element-b36c93d elementor-section-boxed elementor-section-height-default elementor-section-height-default\" data-id=\"b36c93d\" data-element_type=\"section\" data-e-type=\"section\">\n\t\t\t\t\t\t<div class=\"elementor-container elementor-column-gap-default\">\n\t\t\t\t\t<div class=\"elementor-column elementor-col-50 elementor-inner-column elementor-element elementor-element-c14e7a9\" data-id=\"c14e7a9\" data-element_type=\"column\" data-e-type=\"column\">\n\t\t\t<div class=\"elementor-widget-wrap elementor-element-populated\">\n\t\t\t\t\t\t<div class=\"elementor-element elementor-element-3a7b31d elementor-widget elementor-widget-html\" data-id=\"3a7b31d\" data-element_type=\"widget\" data-e-type=\"widget\" data-widget_type=\"html.default\">\n\t\t\t\t<div class=\"elementor-widget-container\">\n\t\t\t\t\t    <div class=\"titulo-seccion-lc\"><h1><span>Canal \u00c9thique<\/span><\/h1><\/div>\t\t\t\t<\/div>\n\t\t\t\t<\/div>\n\t\t\t\t<div class=\"elementor-element elementor-element-7f00761 elementor-widget elementor-widget-text-editor\" data-id=\"7f00761\" data-element_type=\"widget\" data-e-type=\"widget\" data-widget_type=\"text-editor.default\">\n\t\t\t\t<div class=\"elementor-widget-container\">\n\t\t\t\t\t\t\t\t\t<p>Le pr\u00e9sent canal est d\u00e9di\u00e9 exclusivement \u00e0 la pr\u00e9sentation de d\u00e9nonciations pour manquements aux obligations l\u00e9gales de l&#8217;organisation ou de ses personnels int\u00e9grants, dans les termes et les conditions de la Loi 2\/2023 du 20 f\u00e9vrier 2023, r\u00e9gulant la protection des personnes qui signalent des infractions aux r\u00e8gles et de lutte contre la corruption.<\/p><p>En cas de doute sur d&#8217;autres questions, vous pouvez nous contacter \u00e0 travers les canaux disponibles sur le site Web.<\/p><p><span style=\"color: #ff0000;\"><strong>Que consid\u00e8re-t-on comme une infraction aux r\u00e8gles ? <\/strong><\/span><\/p><p>\u00c0 titre non excluant ou exhaustif, les suivantes :<\/p><ul><li>Fraudes et escroqueries<\/li><li>Blanchiment de capitaux<\/li><li>\u00c9vasion ou fraude fiscale<\/li><li>D\u00e9lits contre la propri\u00e9t\u00e9 intellectuelle ou industrielle<\/li><li>Concurrence d\u00e9loyale<\/li><li>D\u00e9lits contre le march\u00e9 ou les consommateurs<\/li><li>Corruption interne<\/li><li>Les irr\u00e9gularit\u00e9s envers la S\u00e9curit\u00e9 sociale ou l&#8217;Administration fiscale<\/li><li>Manquement aux dispositions sur la protection des donn\u00e9es<\/li><li>R\u00e9v\u00e9lation de secrets d\u2019entreprise<\/li><li>Malversation<\/li><li>D\u00e9lits contre l&#8217;environnement et la sant\u00e9 publique<\/li><li>Violation des droits des travailleurs<\/li><\/ul><p><strong><span style=\"color: #ff0000;\">Certaines situations pouvant \u00eatre d\u00e9nonc\u00e9es par cette voie sont:<\/span><\/strong><\/p><ul><li>d&#8217;\u00e9ventuels conduites ou comportements consid\u00e9r\u00e9s ill\u00e9gaux dans l&#8217;ex\u00e9cution de l&#8217;activit\u00e9 professionnelle.<\/li><li>gestion \u00e0 but lucratif pr\u00e9sum\u00e9e des moyens de l&#8217;entreprise,<\/li><li>situations de discrimination ou d&#8217;abus sexuel.<\/li><li>pratiques de corruption, vols, fraudes, etc.<\/li><\/ul>\t\t\t\t\t\t\t\t<\/div>\n\t\t\t\t<\/div>\n\t\t\t\t<div class=\"elementor-element elementor-element-e9eaeb4 elementor-widget elementor-widget-spacer\" data-id=\"e9eaeb4\" data-element_type=\"widget\" data-e-type=\"widget\" data-widget_type=\"spacer.default\">\n\t\t\t\t<div class=\"elementor-widget-container\">\n\t\t\t\t\t\t\t<div class=\"elementor-spacer\">\n\t\t\t<div class=\"elementor-spacer-inner\"><\/div>\n\t\t<\/div>\n\t\t\t\t\t\t<\/div>\n\t\t\t\t<\/div>\n\t\t\t\t\t<\/div>\n\t\t<\/div>\n\t\t\t\t<div class=\"elementor-column elementor-col-50 elementor-inner-column elementor-element elementor-element-61ac03b\" data-id=\"61ac03b\" data-element_type=\"column\" data-e-type=\"column\">\n\t\t\t<div class=\"elementor-widget-wrap elementor-element-populated\">\n\t\t\t\t\t\t<div class=\"elementor-element elementor-element-97c464d elementor-widget elementor-widget-html\" data-id=\"97c464d\" data-element_type=\"widget\" data-e-type=\"widget\" data-widget_type=\"html.default\">\n\t\t\t\t<div class=\"elementor-widget-container\">\n\t\t\t\t\t<\/br>\n<\/br>\n<\/br>\n<\/br>\n<\/br>\n\t\t\t\t<\/div>\n\t\t\t\t<\/div>\n\t\t\t\t<div class=\"elementor-element elementor-element-5925b46 elementor-widget elementor-widget-text-editor\" data-id=\"5925b46\" data-element_type=\"widget\" data-e-type=\"widget\" data-widget_type=\"text-editor.default\">\n\t\t\t\t<div class=\"elementor-widget-container\">\n\t\t\t\t\t\t\t\t\t<p><strong><span style=\"color: #ff0000;\">Qui peut faire un signalement ?<\/span> <\/strong><\/p><p>L&#8217;ensemble du personnel de l&#8217;entreprise et les personnes ext\u00e9rieures \u00e9tant ou ayant \u00e9t\u00e9 li\u00e9es ou associ\u00e9es \u00e0 celle-ci dans un contexte professionnel.<\/p><p><strong><span style=\"color: #ff0000;\">Comment peut-on proc\u00e9der \u00e0 ce signalement ?<\/span> <\/strong><\/p><p>Il peut \u00eatre effectu\u00e9 verbalement, par \u00e9crit ou sur place, en suivant les indications du formulaire du Canal confidentiel des d\u00e9nonciations. Le signalement peut \u00eatre anonyme.<\/p><p><strong><span style=\"color: #ff0000;\">Comment sera trait\u00e9 le signalement ?<\/span> <\/strong><\/p><p>Il sera examin\u00e9 avec toutes les garanties de confidentialit\u00e9 et d&#8217;interdiction de repr\u00e9sailles pour l&#8217;informateur.\u00a0<\/p><p><strong><span style=\"color: #ff0000;\">Quels sont les principes qui encadrent l&#8217;informateur ?<\/span> <\/strong><\/p><p>Le syst\u00e8me interne d&#8217;information r\u00e9unit les garanties de confidentialit\u00e9, non-repr\u00e9sailles, respect de l&#8217;ind\u00e9pendance, la protection des donn\u00e9es, le secret des signalements et les pratiques correctes de suivi, recherche et protection de l&#8217;informateur.<\/p>\t\t\t\t\t\t\t\t<\/div>\n\t\t\t\t<\/div>\n\t\t\t\t<div class=\"elementor-element elementor-element-40e0e3d elementor-align-left elementor-widget elementor-widget-button\" data-id=\"40e0e3d\" data-element_type=\"widget\" data-e-type=\"widget\" data-widget_type=\"button.default\">\n\t\t\t\t<div class=\"elementor-widget-container\">\n\t\t\t\t\t\t\t\t\t<div class=\"elementor-button-wrapper\">\n\t\t\t\t\t<a class=\"elementor-button elementor-button-link elementor-size-md\" href=\"https:\/\/canal-etico.lant-abogados.com\/Specific\/MVistaPublica?codiClient=MDA0MTA5&#038;secure=382775.0\">\n\t\t\t\t\t\t<span class=\"elementor-button-content-wrapper\">\n\t\t\t\t\t\t\t\t\t<span class=\"elementor-button-text\">ACC\u00c8S AU CANAL \u00c9THIQUE<\/span>\n\t\t\t\t\t<\/span>\n\t\t\t\t\t<\/a>\n\t\t\t\t<\/div>\n\t\t\t\t\t\t\t\t<\/div>\n\t\t\t\t<\/div>\n\t\t\t\t<div class=\"elementor-element elementor-element-b58edc5 elementor-widget elementor-widget-text-editor\" data-id=\"b58edc5\" data-element_type=\"widget\" data-e-type=\"widget\" data-widget_type=\"text-editor.default\">\n\t\t\t\t<div class=\"elementor-widget-container\">\n\t\t\t\t\t\t\t\t\t<p><strong>E-Mail:<\/strong><span style=\"color: #000000;\"> <a style=\"color: #000000;\" href=\"mailto:balat@linea-etica.es\">balat@linea-etica.es<\/a><\/span><\/p>\t\t\t\t\t\t\t\t<\/div>\n\t\t\t\t<\/div>\n\t\t\t\t\t<\/div>\n\t\t<\/div>\n\t\t\t\t\t<\/div>\n\t\t<\/section>\n\t\t\t\t\t<\/div>\n\t\t<\/div>\n\t\t\t\t\t<\/div>\n\t\t<\/section>\n\t\t\t\t<\/div>\n\t\t","protected":false},"excerpt":{"rendered":"<p>Canal \u00c9thique Le pr\u00e9sent canal est d\u00e9di\u00e9 exclusivement \u00e0 la pr\u00e9sentation de d\u00e9nonciations pour manquements aux obligations l\u00e9gales de l&#8217;organisation ou de ses personnels int\u00e9grants, dans les termes et les conditions de la Loi 2\/2023 du 20 f\u00e9vrier 2023, r\u00e9gulant la protection des personnes qui signalent des infractions aux r\u00e8gles et de lutte contre la [&hellip;]<\/p>\n","protected":false},"author":2,"featured_media":0,"parent":0,"menu_order":0,"comment_status":"closed","ping_status":"closed","template":"","meta":{"footnotes":""},"class_list":["post-14541","page","type-page","status-publish","hentry"],"yoast_head":"<!-- This site is optimized with the Yoast SEO plugin v27.1.1 - https:\/\/yoast.com\/product\/yoast-seo-wordpress\/ -->\n<title>Canal \u00c9tico - Balat<\/title>\n<meta name=\"description\" content=\"Balat es una empresa especializada en la venta y el alquiler de m\u00f3dulos prefabricados con sede en Navarra (Espa\u00f1a)\" \/>\n<meta name=\"robots\" content=\"index, follow, max-snippet:-1, max-image-preview:large, max-video-preview:-1\" \/>\n<link rel=\"canonical\" href=\"https:\/\/balat.com\/fr\/canal-etico\/\" \/>\n<meta property=\"og:locale\" content=\"fr_FR\" \/>\n<meta property=\"og:type\" content=\"article\" \/>\n<meta property=\"og:title\" content=\"Canal \u00c9tico - Balat\" \/>\n<meta property=\"og:description\" content=\"Balat es una empresa especializada en la venta y el alquiler de m\u00f3dulos prefabricados con sede en Navarra (Espa\u00f1a)\" \/>\n<meta property=\"og:url\" content=\"https:\/\/balat.com\/fr\/canal-etico\/\" \/>\n<meta property=\"og:site_name\" content=\"Balat\" \/>\n<meta property=\"article:publisher\" content=\"https:\/\/www.facebook.com\/BalatModulos\" \/>\n<meta property=\"article:modified_time\" content=\"2023-11-08T15:24:00+00:00\" \/>\n<meta name=\"twitter:card\" content=\"summary_large_image\" \/>\n<meta name=\"twitter:site\" content=\"@BalatModulos\" \/>\n<meta name=\"twitter:label1\" content=\"Est. reading time\" \/>\n\t<meta name=\"twitter:data1\" content=\"2 minutes\" \/>\n<script type=\"application\/ld+json\" class=\"yoast-schema-graph\">{\"@context\":\"https:\/\/schema.org\",\"@graph\":[{\"@type\":\"WebPage\",\"@id\":\"https:\/\/balat.com\/fr\/canal-etico\/\",\"url\":\"https:\/\/balat.com\/fr\/canal-etico\/\",\"name\":\"Canal \u00c9tico - Balat\",\"isPartOf\":{\"@id\":\"https:\/\/balat.com\/fr\/#website\"},\"datePublished\":\"2023-11-08T12:40:29+00:00\",\"dateModified\":\"2023-11-08T15:24:00+00:00\",\"description\":\"Balat es una empresa especializada en la venta y el alquiler de m\u00f3dulos prefabricados con sede en Navarra (Espa\u00f1a)\",\"inLanguage\":\"fr-FR\",\"potentialAction\":[{\"@type\":\"ReadAction\",\"target\":[\"https:\/\/balat.com\/fr\/canal-etico\/\"]}]},{\"@type\":\"WebSite\",\"@id\":\"https:\/\/balat.com\/fr\/#website\",\"url\":\"https:\/\/balat.com\/fr\/\",\"name\":\"Balat\",\"description\":\"M\u00f3dulos prefabricados, Casetas de Obra, Construcci\u00f3n Modular.\",\"publisher\":{\"@id\":\"https:\/\/balat.com\/fr\/#organization\"},\"potentialAction\":[{\"@type\":\"SearchAction\",\"target\":{\"@type\":\"EntryPoint\",\"urlTemplate\":\"https:\/\/balat.com\/fr\/?s={search_term_string}\"},\"query-input\":{\"@type\":\"PropertyValueSpecification\",\"valueRequired\":true,\"valueName\":\"search_term_string\"}}],\"inLanguage\":\"fr-FR\"},{\"@type\":\"Organization\",\"@id\":\"https:\/\/balat.com\/fr\/#organization\",\"name\":\"Balat\",\"url\":\"https:\/\/balat.com\/fr\/\",\"logo\":{\"@type\":\"ImageObject\",\"inLanguage\":\"fr-FR\",\"@id\":\"https:\/\/balat.com\/fr\/#\/schema\/logo\/image\/\",\"url\":\"https:\/\/balat.com\/wp-content\/uploads\/2021\/06\/logo-balat.svg\",\"contentUrl\":\"https:\/\/balat.com\/wp-content\/uploads\/2021\/06\/logo-balat.svg\",\"width\":\"1024\",\"height\":\"1024\",\"caption\":\"Balat\"},\"image\":{\"@id\":\"https:\/\/balat.com\/fr\/#\/schema\/logo\/image\/\"},\"sameAs\":[\"https:\/\/www.facebook.com\/BalatModulos\",\"https:\/\/x.com\/BalatModulos\",\"https:\/\/www.linkedin.com\/company\/balat-alquibalat-\/\",\"https:\/\/www.youtube.com\/user\/PrefabricadosBALAT\"]}]}<\/script>\n<!-- \/ Yoast SEO plugin. -->","yoast_head_json":{"title":"Canal \u00c9tico - Balat","description":"Balat es una empresa especializada en la venta y el alquiler de m\u00f3dulos prefabricados con sede en Navarra (Espa\u00f1a)","robots":{"index":"index","follow":"follow","max-snippet":"max-snippet:-1","max-image-preview":"max-image-preview:large","max-video-preview":"max-video-preview:-1"},"canonical":"https:\/\/balat.com\/fr\/canal-etico\/","og_locale":"fr_FR","og_type":"article","og_title":"Canal \u00c9tico - Balat","og_description":"Balat es una empresa especializada en la venta y el alquiler de m\u00f3dulos prefabricados con sede en Navarra (Espa\u00f1a)","og_url":"https:\/\/balat.com\/fr\/canal-etico\/","og_site_name":"Balat","article_publisher":"https:\/\/www.facebook.com\/BalatModulos","article_modified_time":"2023-11-08T15:24:00+00:00","twitter_card":"summary_large_image","twitter_site":"@BalatModulos","twitter_misc":{"Est. reading time":"2 minutes"},"schema":{"@context":"https:\/\/schema.org","@graph":[{"@type":"WebPage","@id":"https:\/\/balat.com\/fr\/canal-etico\/","url":"https:\/\/balat.com\/fr\/canal-etico\/","name":"Canal \u00c9tico - Balat","isPartOf":{"@id":"https:\/\/balat.com\/fr\/#website"},"datePublished":"2023-11-08T12:40:29+00:00","dateModified":"2023-11-08T15:24:00+00:00","description":"Balat es una empresa especializada en la venta y el alquiler de m\u00f3dulos prefabricados con sede en Navarra (Espa\u00f1a)","inLanguage":"fr-FR","potentialAction":[{"@type":"ReadAction","target":["https:\/\/balat.com\/fr\/canal-etico\/"]}]},{"@type":"WebSite","@id":"https:\/\/balat.com\/fr\/#website","url":"https:\/\/balat.com\/fr\/","name":"Balat","description":"M\u00f3dulos prefabricados, Casetas de Obra, Construcci\u00f3n Modular.","publisher":{"@id":"https:\/\/balat.com\/fr\/#organization"},"potentialAction":[{"@type":"SearchAction","target":{"@type":"EntryPoint","urlTemplate":"https:\/\/balat.com\/fr\/?s={search_term_string}"},"query-input":{"@type":"PropertyValueSpecification","valueRequired":true,"valueName":"search_term_string"}}],"inLanguage":"fr-FR"},{"@type":"Organization","@id":"https:\/\/balat.com\/fr\/#organization","name":"Balat","url":"https:\/\/balat.com\/fr\/","logo":{"@type":"ImageObject","inLanguage":"fr-FR","@id":"https:\/\/balat.com\/fr\/#\/schema\/logo\/image\/","url":"https:\/\/balat.com\/wp-content\/uploads\/2021\/06\/logo-balat.svg","contentUrl":"https:\/\/balat.com\/wp-content\/uploads\/2021\/06\/logo-balat.svg","width":"1024","height":"1024","caption":"Balat"},"image":{"@id":"https:\/\/balat.com\/fr\/#\/schema\/logo\/image\/"},"sameAs":["https:\/\/www.facebook.com\/BalatModulos","https:\/\/x.com\/BalatModulos","https:\/\/www.linkedin.com\/company\/balat-alquibalat-\/","https:\/\/www.youtube.com\/user\/PrefabricadosBALAT"]}]}},"_links":{"self":[{"href":"https:\/\/balat.com\/fr\/wp-json\/wp\/v2\/pages\/14541","targetHints":{"allow":["GET"]}}],"collection":[{"href":"https:\/\/balat.com\/fr\/wp-json\/wp\/v2\/pages"}],"about":[{"href":"https:\/\/balat.com\/fr\/wp-json\/wp\/v2\/types\/page"}],"author":[{"embeddable":true,"href":"https:\/\/balat.com\/fr\/wp-json\/wp\/v2\/users\/2"}],"replies":[{"embeddable":true,"href":"https:\/\/balat.com\/fr\/wp-json\/wp\/v2\/comments?post=14541"}],"version-history":[{"count":3,"href":"https:\/\/balat.com\/fr\/wp-json\/wp\/v2\/pages\/14541\/revisions"}],"predecessor-version":[{"id":14564,"href":"https:\/\/balat.com\/fr\/wp-json\/wp\/v2\/pages\/14541\/revisions\/14564"}],"wp:attachment":[{"href":"https:\/\/balat.com\/fr\/wp-json\/wp\/v2\/media?parent=14541"}],"curies":[{"name":"wp","href":"https:\/\/api.w.org\/{rel}","templated":true}]}}