{"id":14540,"date":"2023-11-08T12:39:56","date_gmt":"2023-11-08T12:39:56","guid":{"rendered":"https:\/\/balat.com\/?page_id=14540"},"modified":"2023-11-08T15:23:39","modified_gmt":"2023-11-08T15:23:39","slug":"canal-etico","status":"publish","type":"page","link":"https:\/\/balat.com\/en\/canal-etico\/","title":{"rendered":"Canal \u00c9tico"},"content":{"rendered":"\t\t<div data-elementor-type=\"wp-page\" data-elementor-id=\"14540\" class=\"elementor elementor-14540 elementor-14539\" data-elementor-post-type=\"page\">\n\t\t\t\t\t\t<section class=\"elementor-section elementor-top-section elementor-element elementor-element-7dd334f9 elementor-section-full_width slider-row elementor-section-height-default elementor-section-height-default\" data-id=\"7dd334f9\" data-element_type=\"section\" data-e-type=\"section\">\n\t\t\t\t\t\t<div class=\"elementor-container elementor-column-gap-default\">\n\t\t\t\t\t<div class=\"elementor-column elementor-col-100 elementor-top-column elementor-element elementor-element-427cf38a\" data-id=\"427cf38a\" data-element_type=\"column\" data-e-type=\"column\">\n\t\t\t<div class=\"elementor-widget-wrap elementor-element-populated\">\n\t\t\t\t\t\t<div class=\"elementor-element elementor-element-d4e81b4 elementor--h-position-center elementor--v-position-middle elementor-arrows-position-inside elementor-pagination-position-inside elementor-invisible elementor-widget elementor-widget-slides\" data-id=\"d4e81b4\" data-element_type=\"widget\" data-e-type=\"widget\" data-settings=\"{&quot;_animation&quot;:&quot;fadeIn&quot;,&quot;navigation&quot;:&quot;both&quot;,&quot;infinite&quot;:&quot;yes&quot;,&quot;transition&quot;:&quot;slide&quot;,&quot;transition_speed&quot;:500}\" data-widget_type=\"slides.default\">\n\t\t\t\t<div class=\"elementor-widget-container\">\n\t\t\t\t\t\t\t\t\t<div class=\"elementor-swiper\">\n\t\t\t\t\t<div class=\"elementor-slides-wrapper elementor-main-swiper swiper\" role=\"region\" aria-roledescription=\"carousel\" aria-label=\"Slides\" dir=\"ltr\" data-animation=\"fadeInUp\">\n\t\t\t\t<div class=\"swiper-wrapper elementor-slides\">\n\t\t\t\t\t\t\t\t\t\t<div class=\"elementor-repeater-item-5459446 swiper-slide\" role=\"group\" aria-roledescription=\"slide\"><div class=\"swiper-slide-bg\" role=\"img\" aria-label=\"home-4\"><\/div><div class=\"elementor-background-overlay\"><\/div><div class=\"swiper-slide-inner\" ><div class=\"swiper-slide-contents\"><\/div><\/div><\/div>\t\t\t\t<\/div>\n\t\t\t\t\t\t\t<\/div>\n\t\t\t\t<\/div>\n\t\t\t\t\t\t\t\t<\/div>\n\t\t\t\t<\/div>\n\t\t\t\t\t<\/div>\n\t\t<\/div>\n\t\t\t\t\t<\/div>\n\t\t<\/section>\n\t\t\t\t<section class=\"elementor-section elementor-top-section elementor-element elementor-element-606762c elementor-section-full_width elementor-section-height-default elementor-section-height-default\" data-id=\"606762c\" data-element_type=\"section\" data-e-type=\"section\">\n\t\t\t\t\t\t<div class=\"elementor-container elementor-column-gap-default\">\n\t\t\t\t\t<div class=\"elementor-column elementor-col-100 elementor-top-column elementor-element elementor-element-388839d\" data-id=\"388839d\" data-element_type=\"column\" data-e-type=\"column\">\n\t\t\t<div class=\"elementor-widget-wrap elementor-element-populated\">\n\t\t\t\t\t\t<section class=\"elementor-section elementor-inner-section elementor-element elementor-element-b36c93d elementor-section-boxed elementor-section-height-default elementor-section-height-default\" data-id=\"b36c93d\" data-element_type=\"section\" data-e-type=\"section\">\n\t\t\t\t\t\t<div class=\"elementor-container elementor-column-gap-default\">\n\t\t\t\t\t<div class=\"elementor-column elementor-col-50 elementor-inner-column elementor-element elementor-element-c14e7a9\" data-id=\"c14e7a9\" data-element_type=\"column\" data-e-type=\"column\">\n\t\t\t<div class=\"elementor-widget-wrap elementor-element-populated\">\n\t\t\t\t\t\t<div class=\"elementor-element elementor-element-3a7b31d elementor-widget elementor-widget-html\" data-id=\"3a7b31d\" data-element_type=\"widget\" data-e-type=\"widget\" data-widget_type=\"html.default\">\n\t\t\t\t<div class=\"elementor-widget-container\">\n\t\t\t\t\t    <div class=\"titulo-seccion-lc\"><h1><span>Ethic Channel<\/span><\/h1><\/div>\t\t\t\t<\/div>\n\t\t\t\t<\/div>\n\t\t\t\t<div class=\"elementor-element elementor-element-7f00761 elementor-widget elementor-widget-text-editor\" data-id=\"7f00761\" data-element_type=\"widget\" data-e-type=\"widget\" data-widget_type=\"text-editor.default\">\n\t\t\t\t<div class=\"elementor-widget-container\">\n\t\t\t\t\t\t\t\t\t<p>This channel is intended solely for reporting legal breaches by the organization or by its members, under the terms and conditions of Law 2\/2023, of February 20, on the protection of persons who report breaches of regulations and the fight against corruption.<\/p><p>Should you have any questions regarding other issues, you can contact us via other channels available on the website.<\/p><p><span style=\"color: #ff0000;\"><strong>What are considered regulatory breaches?<\/strong><\/span><\/p><p>These breaches include, but are not limited to:<\/p><ul><li>Frauds and scams<\/li><li>Money laundering<\/li><li>Tax evasion or avoidance<\/li><li>Crimes against Intellectual or industrial property<\/li><li>Unfair competition<\/li><li>Crimes against the market or consumers<\/li><li>Internal corruption<\/li><li>Irregularities with regard to the Social Security or Tax Authorities<\/li><li>Failure to comply with data protection regulations<\/li><li>Disclosure of business secrets<\/li><li>Embezzlement<\/li><li>Crimes against the environment and public health<\/li><li>Infringement of workers&#8217; rights<\/li><\/ul><p><span style=\"color: #ff0000;\"><strong>Some of the situations that may be reported via this channel are:<\/strong><\/span><\/p><ul><li>possible conduct and behaviour considered illegal during the course of the job,<\/li><li>alleged lucrative management of the company&#8217;s resources,<\/li><li>situations of discrimination or sexual abuse,<\/li><li>corruption, theft, fraud, etc.<\/li><\/ul><div style=\"text-align: left;\">\u00a0<\/div>\t\t\t\t\t\t\t\t<\/div>\n\t\t\t\t<\/div>\n\t\t\t\t<div class=\"elementor-element elementor-element-e9eaeb4 elementor-widget elementor-widget-spacer\" data-id=\"e9eaeb4\" data-element_type=\"widget\" data-e-type=\"widget\" data-widget_type=\"spacer.default\">\n\t\t\t\t<div class=\"elementor-widget-container\">\n\t\t\t\t\t\t\t<div class=\"elementor-spacer\">\n\t\t\t<div class=\"elementor-spacer-inner\"><\/div>\n\t\t<\/div>\n\t\t\t\t\t\t<\/div>\n\t\t\t\t<\/div>\n\t\t\t\t\t<\/div>\n\t\t<\/div>\n\t\t\t\t<div class=\"elementor-column elementor-col-50 elementor-inner-column elementor-element elementor-element-61ac03b\" data-id=\"61ac03b\" data-element_type=\"column\" data-e-type=\"column\">\n\t\t\t<div class=\"elementor-widget-wrap elementor-element-populated\">\n\t\t\t\t\t\t<div class=\"elementor-element elementor-element-97c464d elementor-widget elementor-widget-html\" data-id=\"97c464d\" data-element_type=\"widget\" data-e-type=\"widget\" data-widget_type=\"html.default\">\n\t\t\t\t<div class=\"elementor-widget-container\">\n\t\t\t\t\t<\/br>\n<\/br>\n<\/br>\n<\/br>\n<\/br>\n\t\t\t\t<\/div>\n\t\t\t\t<\/div>\n\t\t\t\t<div class=\"elementor-element elementor-element-5925b46 elementor-widget elementor-widget-text-editor\" data-id=\"5925b46\" data-element_type=\"widget\" data-e-type=\"widget\" data-widget_type=\"text-editor.default\">\n\t\t\t\t<div class=\"elementor-widget-container\">\n\t\t\t\t\t\t\t\t\t<p><span style=\"color: #ff0000;\"><strong>Who can submit a report?<\/strong><\/span><\/p><p>Any person within the company and any external persons who are or have been associated or related to the company in a working or professional context. \u00a0<\/p><p><span style=\"color: #ff0000;\"><strong>How can I submit a report?<\/strong><\/span><\/p><p>You can submit it verbally, in writing or in person, by following the steps indicated in the form available on the Confidential Whistleblower channel. Reports may also be anonymous.<\/p><p><span style=\"color: #ff0000;\"><strong>How will the report be processed?<\/strong><\/span><\/p><p>It will be processed guaranteeing your confidentiality and prohibiting any retaliation against the informant.<\/p><p><span style=\"color: #ff0000;\"><strong>What principles protect the person reporting?<\/strong><\/span><\/p><p>The internal reporting system fulfils the safeguards of confidentiality, non-retaliation, respect for independence, data protection, secrecy of communications and good practices for the monitoring, investigation and protection of the informant.<\/p>\t\t\t\t\t\t\t\t<\/div>\n\t\t\t\t<\/div>\n\t\t\t\t<div class=\"elementor-element elementor-element-40e0e3d elementor-align-left elementor-widget elementor-widget-button\" data-id=\"40e0e3d\" data-element_type=\"widget\" data-e-type=\"widget\" data-widget_type=\"button.default\">\n\t\t\t\t<div class=\"elementor-widget-container\">\n\t\t\t\t\t\t\t\t\t<div class=\"elementor-button-wrapper\">\n\t\t\t\t\t<a class=\"elementor-button elementor-button-link elementor-size-md\" href=\"https:\/\/canal-etico.lant-abogados.com\/Specific\/MVistaPublica?codiClient=MDA0MTA5&#038;secure=382775.0\">\n\t\t\t\t\t\t<span class=\"elementor-button-content-wrapper\">\n\t\t\t\t\t\t\t\t\t<span class=\"elementor-button-text\">ACCESS TO ETHIC CHANNEL<\/span>\n\t\t\t\t\t<\/span>\n\t\t\t\t\t<\/a>\n\t\t\t\t<\/div>\n\t\t\t\t\t\t\t\t<\/div>\n\t\t\t\t<\/div>\n\t\t\t\t<div class=\"elementor-element elementor-element-b58edc5 elementor-widget elementor-widget-text-editor\" data-id=\"b58edc5\" data-element_type=\"widget\" data-e-type=\"widget\" data-widget_type=\"text-editor.default\">\n\t\t\t\t<div class=\"elementor-widget-container\">\n\t\t\t\t\t\t\t\t\t<p><strong>E-MAIL:<\/strong><span style=\"color: #000000;\"> <a style=\"color: #000000;\" href=\"mailto:balat@linea-etica.es\">balat@linea-etica.es<\/a><\/span><\/p>\t\t\t\t\t\t\t\t<\/div>\n\t\t\t\t<\/div>\n\t\t\t\t\t<\/div>\n\t\t<\/div>\n\t\t\t\t\t<\/div>\n\t\t<\/section>\n\t\t\t\t\t<\/div>\n\t\t<\/div>\n\t\t\t\t\t<\/div>\n\t\t<\/section>\n\t\t\t\t<\/div>\n\t\t","protected":false},"excerpt":{"rendered":"<p>Ethic Channel This channel is intended solely for reporting legal breaches by the organization or by its members, under the terms and conditions of Law 2\/2023, of February 20, on the protection of persons who report breaches of regulations and the fight against corruption. Should you have any questions regarding other issues, you can contact [&hellip;]<\/p>\n","protected":false},"author":2,"featured_media":0,"parent":0,"menu_order":0,"comment_status":"closed","ping_status":"closed","template":"","meta":{"footnotes":""},"class_list":["post-14540","page","type-page","status-publish","hentry"],"yoast_head":"<!-- This site is optimized with the Yoast SEO plugin v27.1.1 - https:\/\/yoast.com\/product\/yoast-seo-wordpress\/ -->\n<title>Canal \u00c9tico - Balat<\/title>\n<meta name=\"description\" content=\"Balat es una empresa especializada en la venta y el alquiler de m\u00f3dulos prefabricados con sede en Navarra (Espa\u00f1a)\" \/>\n<meta name=\"robots\" content=\"index, follow, max-snippet:-1, max-image-preview:large, max-video-preview:-1\" \/>\n<link rel=\"canonical\" href=\"https:\/\/balat.com\/en\/canal-etico\/\" \/>\n<meta property=\"og:locale\" content=\"en_US\" \/>\n<meta property=\"og:type\" content=\"article\" \/>\n<meta property=\"og:title\" content=\"Canal \u00c9tico - Balat\" \/>\n<meta property=\"og:description\" content=\"Balat es una empresa especializada en la venta y el alquiler de m\u00f3dulos prefabricados con sede en Navarra (Espa\u00f1a)\" \/>\n<meta property=\"og:url\" content=\"https:\/\/balat.com\/en\/canal-etico\/\" \/>\n<meta property=\"og:site_name\" content=\"Balat\" \/>\n<meta property=\"article:publisher\" content=\"https:\/\/www.facebook.com\/BalatModulos\" \/>\n<meta property=\"article:modified_time\" content=\"2023-11-08T15:23:39+00:00\" \/>\n<meta name=\"twitter:card\" content=\"summary_large_image\" \/>\n<meta name=\"twitter:site\" content=\"@BalatModulos\" \/>\n<meta name=\"twitter:label1\" content=\"Est. reading time\" \/>\n\t<meta name=\"twitter:data1\" content=\"2 minutes\" \/>\n<script type=\"application\/ld+json\" class=\"yoast-schema-graph\">{\"@context\":\"https:\/\/schema.org\",\"@graph\":[{\"@type\":\"WebPage\",\"@id\":\"https:\/\/balat.com\/en\/canal-etico\/\",\"url\":\"https:\/\/balat.com\/en\/canal-etico\/\",\"name\":\"Canal \u00c9tico - Balat\",\"isPartOf\":{\"@id\":\"https:\/\/balat.com\/en\/#website\"},\"datePublished\":\"2023-11-08T12:39:56+00:00\",\"dateModified\":\"2023-11-08T15:23:39+00:00\",\"description\":\"Balat es una empresa especializada en la venta y el alquiler de m\u00f3dulos prefabricados con sede en Navarra (Espa\u00f1a)\",\"inLanguage\":\"en-US\",\"potentialAction\":[{\"@type\":\"ReadAction\",\"target\":[\"https:\/\/balat.com\/en\/canal-etico\/\"]}]},{\"@type\":\"WebSite\",\"@id\":\"https:\/\/balat.com\/en\/#website\",\"url\":\"https:\/\/balat.com\/en\/\",\"name\":\"Balat\",\"description\":\"M\u00f3dulos prefabricados, Casetas de Obra, Construcci\u00f3n Modular.\",\"publisher\":{\"@id\":\"https:\/\/balat.com\/en\/#organization\"},\"potentialAction\":[{\"@type\":\"SearchAction\",\"target\":{\"@type\":\"EntryPoint\",\"urlTemplate\":\"https:\/\/balat.com\/en\/?s={search_term_string}\"},\"query-input\":{\"@type\":\"PropertyValueSpecification\",\"valueRequired\":true,\"valueName\":\"search_term_string\"}}],\"inLanguage\":\"en-US\"},{\"@type\":\"Organization\",\"@id\":\"https:\/\/balat.com\/en\/#organization\",\"name\":\"Balat\",\"url\":\"https:\/\/balat.com\/en\/\",\"logo\":{\"@type\":\"ImageObject\",\"inLanguage\":\"en-US\",\"@id\":\"https:\/\/balat.com\/en\/#\/schema\/logo\/image\/\",\"url\":\"https:\/\/balat.com\/wp-content\/uploads\/2021\/06\/logo-balat.svg\",\"contentUrl\":\"https:\/\/balat.com\/wp-content\/uploads\/2021\/06\/logo-balat.svg\",\"width\":\"1024\",\"height\":\"1024\",\"caption\":\"Balat\"},\"image\":{\"@id\":\"https:\/\/balat.com\/en\/#\/schema\/logo\/image\/\"},\"sameAs\":[\"https:\/\/www.facebook.com\/BalatModulos\",\"https:\/\/x.com\/BalatModulos\",\"https:\/\/www.linkedin.com\/company\/balat-alquibalat-\/\",\"https:\/\/www.youtube.com\/user\/PrefabricadosBALAT\"]}]}<\/script>\n<!-- \/ Yoast SEO plugin. -->","yoast_head_json":{"title":"Canal \u00c9tico - Balat","description":"Balat es una empresa especializada en la venta y el alquiler de m\u00f3dulos prefabricados con sede en Navarra (Espa\u00f1a)","robots":{"index":"index","follow":"follow","max-snippet":"max-snippet:-1","max-image-preview":"max-image-preview:large","max-video-preview":"max-video-preview:-1"},"canonical":"https:\/\/balat.com\/en\/canal-etico\/","og_locale":"en_US","og_type":"article","og_title":"Canal \u00c9tico - Balat","og_description":"Balat es una empresa especializada en la venta y el alquiler de m\u00f3dulos prefabricados con sede en Navarra (Espa\u00f1a)","og_url":"https:\/\/balat.com\/en\/canal-etico\/","og_site_name":"Balat","article_publisher":"https:\/\/www.facebook.com\/BalatModulos","article_modified_time":"2023-11-08T15:23:39+00:00","twitter_card":"summary_large_image","twitter_site":"@BalatModulos","twitter_misc":{"Est. reading time":"2 minutes"},"schema":{"@context":"https:\/\/schema.org","@graph":[{"@type":"WebPage","@id":"https:\/\/balat.com\/en\/canal-etico\/","url":"https:\/\/balat.com\/en\/canal-etico\/","name":"Canal \u00c9tico - Balat","isPartOf":{"@id":"https:\/\/balat.com\/en\/#website"},"datePublished":"2023-11-08T12:39:56+00:00","dateModified":"2023-11-08T15:23:39+00:00","description":"Balat es una empresa especializada en la venta y el alquiler de m\u00f3dulos prefabricados con sede en Navarra (Espa\u00f1a)","inLanguage":"en-US","potentialAction":[{"@type":"ReadAction","target":["https:\/\/balat.com\/en\/canal-etico\/"]}]},{"@type":"WebSite","@id":"https:\/\/balat.com\/en\/#website","url":"https:\/\/balat.com\/en\/","name":"Balat","description":"M\u00f3dulos prefabricados, Casetas de Obra, Construcci\u00f3n Modular.","publisher":{"@id":"https:\/\/balat.com\/en\/#organization"},"potentialAction":[{"@type":"SearchAction","target":{"@type":"EntryPoint","urlTemplate":"https:\/\/balat.com\/en\/?s={search_term_string}"},"query-input":{"@type":"PropertyValueSpecification","valueRequired":true,"valueName":"search_term_string"}}],"inLanguage":"en-US"},{"@type":"Organization","@id":"https:\/\/balat.com\/en\/#organization","name":"Balat","url":"https:\/\/balat.com\/en\/","logo":{"@type":"ImageObject","inLanguage":"en-US","@id":"https:\/\/balat.com\/en\/#\/schema\/logo\/image\/","url":"https:\/\/balat.com\/wp-content\/uploads\/2021\/06\/logo-balat.svg","contentUrl":"https:\/\/balat.com\/wp-content\/uploads\/2021\/06\/logo-balat.svg","width":"1024","height":"1024","caption":"Balat"},"image":{"@id":"https:\/\/balat.com\/en\/#\/schema\/logo\/image\/"},"sameAs":["https:\/\/www.facebook.com\/BalatModulos","https:\/\/x.com\/BalatModulos","https:\/\/www.linkedin.com\/company\/balat-alquibalat-\/","https:\/\/www.youtube.com\/user\/PrefabricadosBALAT"]}]}},"_links":{"self":[{"href":"https:\/\/balat.com\/en\/wp-json\/wp\/v2\/pages\/14540","targetHints":{"allow":["GET"]}}],"collection":[{"href":"https:\/\/balat.com\/en\/wp-json\/wp\/v2\/pages"}],"about":[{"href":"https:\/\/balat.com\/en\/wp-json\/wp\/v2\/types\/page"}],"author":[{"embeddable":true,"href":"https:\/\/balat.com\/en\/wp-json\/wp\/v2\/users\/2"}],"replies":[{"embeddable":true,"href":"https:\/\/balat.com\/en\/wp-json\/wp\/v2\/comments?post=14540"}],"version-history":[{"count":3,"href":"https:\/\/balat.com\/en\/wp-json\/wp\/v2\/pages\/14540\/revisions"}],"predecessor-version":[{"id":14561,"href":"https:\/\/balat.com\/en\/wp-json\/wp\/v2\/pages\/14540\/revisions\/14561"}],"wp:attachment":[{"href":"https:\/\/balat.com\/en\/wp-json\/wp\/v2\/media?parent=14540"}],"curies":[{"name":"wp","href":"https:\/\/api.w.org\/{rel}","templated":true}]}}